{"id":264,"date":"2019-11-19T10:17:42","date_gmt":"2019-11-19T09:17:42","guid":{"rendered":"http:\/\/aquamarina-jesolo.ms.decms.eu\/?page_id=264"},"modified":"2020-02-27T10:13:54","modified_gmt":"2020-02-27T09:13:54","slug":"appartements","status":"publish","type":"page","link":"https:\/\/www.aquamarinajesolo.com\/de\/appartements\/","title":{"rendered":"Appartements"},"content":{"rendered":"<p>Die Apartments befinden sich im Stadtzentrum, 50 m vom Meer und dem Mail\u00e4nder Platz entfernt. Sie haben gro\u00dfe oder kleine Terrassen, eine K\u00fcchenzeile mit allen notwendigen Utensilien und sind in einem modernen und funktionalen Stil eingerichtet.<\/p>\n<p>Sie sind mit allen Annehmlichkeiten ausgestattet:<\/p>\n<p>&nbsp;<\/p>\n<table>\n<tbody>\n<tr>\n<th>Ein privater parkplatz<\/th>\n<th>Sonnenschirm mit Liegest\u00fchlen und Sonnenliege<\/th>\n<th>WiFi-Internetverbindung<\/th>\n<\/tr>\n<tr>\n<th>Klimaanlage<\/th>\n<th>W\u00e4sche im zweiten Stock<\/th>\n<th>Tiere haben freien Eintritt<\/th>\n<\/tr>\n<tr>\n<th>LCD-Fernseher<\/th>\n<th>Safe<\/th>\n<th>Mikrowelle<\/th>\n<\/tr>\n<tr>\n<th>Phon<\/th>\n<th>Gepanzerte Eingangst\u00fcr<\/th>\n<th>Schlafsofa<\/th>\n<\/tr>\n<tr>\n<th>Terrasse<\/th>\n<th>Babybett<\/th>\n<th>Hochstuhl<\/th>\n<\/tr>\n<tr>\n<th>Zusatzbett<\/th>\n<th>Laptop<\/th>\n<th>B\u00fcgeleisen und B\u00fcgelbrett<\/th>\n<\/tr>\n<\/tbody>\n<\/table>\n<p>Die Reservierung der Wohnungen werden nur f\u00fcr Zeitr\u00e4ume von Samstag bis Samstag gew\u00e4hrt werden.<\/p>\n<p style=\"text-align: left\"><strong>Eigenschaften der Appartements<\/strong><br \/>\nDie Appartements Aquamarina unterscheiden sich vielfach, um so den Bed\u00fcrfnissen aller entgegen zu kommen:<\/p>\n","protected":false},"excerpt":{"rendered":"<p>Die Apartments befinden sich im Stadtzentrum, 50 m vom Meer und dem Mail\u00e4nder Platz entfernt. Sie haben gro\u00dfe oder kleine Terrassen, eine K\u00fcchenzeile mit allen notwendigen Utensilien und sind in einem modernen und funktionalen Stil eingerichtet. Sie sind mit allen Annehmlichkeiten ausgestattet: &nbsp; Ein privater parkplatz Sonnenschirm mit Liegest\u00fchlen und Sonnenliege WiFi-Internetverbindung Klimaanlage W\u00e4sche im [&hellip;]<\/p>\n","protected":false},"author":13,"featured_media":0,"parent":0,"menu_order":2,"comment_status":"closed","ping_status":"closed","template":"","meta":{"footnotes":""},"class_list":["post-264","page","type-page","status-publish","hentry"],"yoast_head":"<!-- This site is optimized with the Yoast SEO plugin v26.9 - https:\/\/yoast.com\/product\/yoast-seo-wordpress\/ -->\n<title>Appartements - Aquamarina Jesolo<\/title>\n<meta name=\"robots\" content=\"index, follow, max-snippet:-1, max-image-preview:large, max-video-preview:-1\" \/>\n<link rel=\"canonical\" href=\"https:\/\/www.aquamarinajesolo.com\/de\/appartements\/\" \/>\n<meta property=\"og:locale\" content=\"de_DE\" \/>\n<meta property=\"og:type\" content=\"article\" \/>\n<meta property=\"og:title\" content=\"Appartements - Aquamarina Jesolo\" \/>\n<meta property=\"og:description\" content=\"Die Apartments befinden sich im Stadtzentrum, 50 m vom Meer und dem Mail\u00e4nder Platz entfernt. Sie haben gro\u00dfe oder kleine Terrassen, eine K\u00fcchenzeile mit allen notwendigen Utensilien und sind in einem modernen und funktionalen Stil eingerichtet. Sie sind mit allen Annehmlichkeiten ausgestattet: &nbsp; Ein privater parkplatz Sonnenschirm mit Liegest\u00fchlen und Sonnenliege WiFi-Internetverbindung Klimaanlage W\u00e4sche im [&hellip;]\" \/>\n<meta property=\"og:url\" content=\"https:\/\/www.aquamarinajesolo.com\/de\/appartements\/\" \/>\n<meta property=\"og:site_name\" content=\"Aquamarina Jesolo\" \/>\n<meta property=\"article:modified_time\" content=\"2020-02-27T09:13:54+00:00\" \/>\n<meta name=\"twitter:card\" content=\"summary_large_image\" \/>\n<meta name=\"twitter:label1\" content=\"Gesch\u00e4tzte Lesezeit\" \/>\n\t<meta name=\"twitter:data1\" content=\"1 Minute\" \/>\n<script type=\"application\/ld+json\" class=\"yoast-schema-graph\">{\"@context\":\"https:\/\/schema.org\",\"@graph\":[{\"@type\":\"WebPage\",\"@id\":\"https:\/\/www.aquamarinajesolo.com\/de\/appartements\/\",\"url\":\"https:\/\/www.aquamarinajesolo.com\/de\/appartements\/\",\"name\":\"Appartements - Aquamarina Jesolo\",\"isPartOf\":{\"@id\":\"https:\/\/www.aquamarinajesolo.com\/de\/#website\"},\"datePublished\":\"2019-11-19T09:17:42+00:00\",\"dateModified\":\"2020-02-27T09:13:54+00:00\",\"breadcrumb\":{\"@id\":\"https:\/\/www.aquamarinajesolo.com\/de\/appartements\/#breadcrumb\"},\"inLanguage\":\"de-DE\",\"potentialAction\":[{\"@type\":\"ReadAction\",\"target\":[\"https:\/\/www.aquamarinajesolo.com\/de\/appartements\/\"]}]},{\"@type\":\"BreadcrumbList\",\"@id\":\"https:\/\/www.aquamarinajesolo.com\/de\/appartements\/#breadcrumb\",\"itemListElement\":[{\"@type\":\"ListItem\",\"position\":1,\"name\":\"Home\",\"item\":\"https:\/\/www.aquamarinajesolo.com\/de\/\"},{\"@type\":\"ListItem\",\"position\":2,\"name\":\"Appartements\"}]},{\"@type\":\"WebSite\",\"@id\":\"https:\/\/www.aquamarinajesolo.com\/de\/#website\",\"url\":\"https:\/\/www.aquamarinajesolo.com\/de\/\",\"name\":\"Aquamarina Jesolo\",\"description\":\"Ecco un altro sito ms.decms.eu\",\"potentialAction\":[{\"@type\":\"SearchAction\",\"target\":{\"@type\":\"EntryPoint\",\"urlTemplate\":\"https:\/\/www.aquamarinajesolo.com\/de\/?s={search_term_string}\"},\"query-input\":{\"@type\":\"PropertyValueSpecification\",\"valueRequired\":true,\"valueName\":\"search_term_string\"}}],\"inLanguage\":\"de-DE\"}]}<\/script>\n<!-- \/ Yoast SEO plugin. -->","yoast_head_json":{"title":"Appartements - Aquamarina Jesolo","robots":{"index":"index","follow":"follow","max-snippet":"max-snippet:-1","max-image-preview":"max-image-preview:large","max-video-preview":"max-video-preview:-1"},"canonical":"https:\/\/www.aquamarinajesolo.com\/de\/appartements\/","og_locale":"de_DE","og_type":"article","og_title":"Appartements - Aquamarina Jesolo","og_description":"Die Apartments befinden sich im Stadtzentrum, 50 m vom Meer und dem Mail\u00e4nder Platz entfernt. Sie haben gro\u00dfe oder kleine Terrassen, eine K\u00fcchenzeile mit allen notwendigen Utensilien und sind in einem modernen und funktionalen Stil eingerichtet. Sie sind mit allen Annehmlichkeiten ausgestattet: &nbsp; Ein privater parkplatz Sonnenschirm mit Liegest\u00fchlen und Sonnenliege WiFi-Internetverbindung Klimaanlage W\u00e4sche im [&hellip;]","og_url":"https:\/\/www.aquamarinajesolo.com\/de\/appartements\/","og_site_name":"Aquamarina Jesolo","article_modified_time":"2020-02-27T09:13:54+00:00","twitter_card":"summary_large_image","twitter_misc":{"Gesch\u00e4tzte Lesezeit":"1 Minute"},"schema":{"@context":"https:\/\/schema.org","@graph":[{"@type":"WebPage","@id":"https:\/\/www.aquamarinajesolo.com\/de\/appartements\/","url":"https:\/\/www.aquamarinajesolo.com\/de\/appartements\/","name":"Appartements - Aquamarina Jesolo","isPartOf":{"@id":"https:\/\/www.aquamarinajesolo.com\/de\/#website"},"datePublished":"2019-11-19T09:17:42+00:00","dateModified":"2020-02-27T09:13:54+00:00","breadcrumb":{"@id":"https:\/\/www.aquamarinajesolo.com\/de\/appartements\/#breadcrumb"},"inLanguage":"de-DE","potentialAction":[{"@type":"ReadAction","target":["https:\/\/www.aquamarinajesolo.com\/de\/appartements\/"]}]},{"@type":"BreadcrumbList","@id":"https:\/\/www.aquamarinajesolo.com\/de\/appartements\/#breadcrumb","itemListElement":[{"@type":"ListItem","position":1,"name":"Home","item":"https:\/\/www.aquamarinajesolo.com\/de\/"},{"@type":"ListItem","position":2,"name":"Appartements"}]},{"@type":"WebSite","@id":"https:\/\/www.aquamarinajesolo.com\/de\/#website","url":"https:\/\/www.aquamarinajesolo.com\/de\/","name":"Aquamarina Jesolo","description":"Ecco un altro sito ms.decms.eu","potentialAction":[{"@type":"SearchAction","target":{"@type":"EntryPoint","urlTemplate":"https:\/\/www.aquamarinajesolo.com\/de\/?s={search_term_string}"},"query-input":{"@type":"PropertyValueSpecification","valueRequired":true,"valueName":"search_term_string"}}],"inLanguage":"de-DE"}]}},"acf":[],"_links":{"self":[{"href":"https:\/\/www.aquamarinajesolo.com\/de\/wp-json\/wp\/v2\/pages\/264","targetHints":{"allow":["GET"]}}],"collection":[{"href":"https:\/\/www.aquamarinajesolo.com\/de\/wp-json\/wp\/v2\/pages"}],"about":[{"href":"https:\/\/www.aquamarinajesolo.com\/de\/wp-json\/wp\/v2\/types\/page"}],"author":[{"embeddable":true,"href":"https:\/\/www.aquamarinajesolo.com\/de\/wp-json\/wp\/v2\/users\/13"}],"replies":[{"embeddable":true,"href":"https:\/\/www.aquamarinajesolo.com\/de\/wp-json\/wp\/v2\/comments?post=264"}],"version-history":[{"count":0,"href":"https:\/\/www.aquamarinajesolo.com\/de\/wp-json\/wp\/v2\/pages\/264\/revisions"}],"wp:attachment":[{"href":"https:\/\/www.aquamarinajesolo.com\/de\/wp-json\/wp\/v2\/media?parent=264"}],"curies":[{"name":"wp","href":"https:\/\/api.w.org\/{rel}","templated":true}]}}