{"id":269,"date":"2019-11-19T10:20:05","date_gmt":"2019-11-19T09:20:05","guid":{"rendered":"http:\/\/aquamarina-jesolo.ms.decms.eu\/?page_id=269"},"modified":"2024-05-14T11:00:41","modified_gmt":"2024-05-14T09:00:41","slug":"studio-appartements","status":"publish","type":"page","link":"https:\/\/www.aquamarinajesolo.com\/de\/appartements\/studio-appartements\/","title":{"rendered":"Studio Wohnung (Atelierwohnung)"},"content":{"rendered":"<p><strong>Details:<\/strong> ab 40 m\u00b2, f\u00fcr 2-4 Personen<\/p>\n<p>Einfach und zweckm\u00e4\u00dfig eingerichtet.<\/p>\n<p>Sie verf\u00fcgen \u00fcber Kochnische mit vierflammigem Gasherd, K\u00fcchenger\u00e4ten und Geschirr, zweit\u00fcrigen K\u00fchlschrank mit Tiefk\u00fchlfach, Wohnzimmer mit ausziehbarer Schlafcouch, Bad mit Dusche, LCD-Farbfernseher, Terrasse mit Tisch und St\u00fchlen.<\/p>\n<p>Jede Wohnung verf\u00fcgt \u00fcber einen privaten Parkplatz, einen Regenschirm am Strand mit Deckst\u00fchlen und Sonnenliegen, W\u00e4sche im zweiten Stock. Wohnungen im ersten Stock, kein Aufzug, aber eine Ablagerung im Erdgeschoss f\u00fcr Strandausr\u00fcstung und Kinderwagen sind verf\u00fcgbar.<br \/>\n\u200b<br \/>\n****<\/p>\n<p>Unit\u00e0 abitativa ad uso turistico<br \/>\nCODICE IDENTIFICATIVO REGIONALE: 027019-UAM-00017<br \/>\nAPE: Classe E<br \/>\nIPE: 148,78 kWh\/mq anno<\/p>\n","protected":false},"excerpt":{"rendered":"<p>Details: ab 40 m\u00b2, f\u00fcr 2-4 Personen Einfach und zweckm\u00e4\u00dfig eingerichtet. Sie verf\u00fcgen \u00fcber Kochnische mit vierflammigem Gasherd, K\u00fcchenger\u00e4ten und Geschirr, zweit\u00fcrigen K\u00fchlschrank mit Tiefk\u00fchlfach, Wohnzimmer mit ausziehbarer Schlafcouch, Bad mit Dusche, LCD-Farbfernseher, Terrasse mit Tisch und St\u00fchlen. Jede Wohnung verf\u00fcgt \u00fcber einen privaten Parkplatz, einen Regenschirm am Strand mit Deckst\u00fchlen und Sonnenliegen, W\u00e4sche im [&hellip;]<\/p>\n","protected":false},"author":13,"featured_media":0,"parent":264,"menu_order":1,"comment_status":"closed","ping_status":"closed","template":"template-single-room.php","meta":{"footnotes":""},"class_list":["post-269","page","type-page","status-publish","hentry"],"yoast_head":"<!-- This site is optimized with the Yoast SEO plugin v26.9 - https:\/\/yoast.com\/product\/yoast-seo-wordpress\/ -->\n<title>Studio Wohnung (Atelierwohnung) - Aquamarina Jesolo<\/title>\n<meta name=\"robots\" content=\"index, follow, max-snippet:-1, max-image-preview:large, max-video-preview:-1\" \/>\n<link rel=\"canonical\" href=\"https:\/\/www.aquamarinajesolo.com\/de\/appartements\/studio-appartements\/\" \/>\n<meta property=\"og:locale\" content=\"de_DE\" \/>\n<meta property=\"og:type\" content=\"article\" \/>\n<meta property=\"og:title\" content=\"Studio Wohnung (Atelierwohnung) - Aquamarina Jesolo\" \/>\n<meta property=\"og:description\" content=\"Details: ab 40 m\u00b2, f\u00fcr 2-4 Personen Einfach und zweckm\u00e4\u00dfig eingerichtet. Sie verf\u00fcgen \u00fcber Kochnische mit vierflammigem Gasherd, K\u00fcchenger\u00e4ten und Geschirr, zweit\u00fcrigen K\u00fchlschrank mit Tiefk\u00fchlfach, Wohnzimmer mit ausziehbarer Schlafcouch, Bad mit Dusche, LCD-Farbfernseher, Terrasse mit Tisch und St\u00fchlen. Jede Wohnung verf\u00fcgt \u00fcber einen privaten Parkplatz, einen Regenschirm am Strand mit Deckst\u00fchlen und Sonnenliegen, W\u00e4sche im [&hellip;]\" \/>\n<meta property=\"og:url\" content=\"https:\/\/www.aquamarinajesolo.com\/de\/appartements\/studio-appartements\/\" \/>\n<meta property=\"og:site_name\" content=\"Aquamarina Jesolo\" \/>\n<meta property=\"article:modified_time\" content=\"2024-05-14T09:00:41+00:00\" \/>\n<meta name=\"twitter:card\" content=\"summary_large_image\" \/>\n<meta name=\"twitter:label1\" content=\"Gesch\u00e4tzte Lesezeit\" \/>\n\t<meta name=\"twitter:data1\" content=\"1 Minute\" \/>\n<script type=\"application\/ld+json\" class=\"yoast-schema-graph\">{\"@context\":\"https:\/\/schema.org\",\"@graph\":[{\"@type\":\"WebPage\",\"@id\":\"https:\/\/www.aquamarinajesolo.com\/de\/appartements\/studio-appartements\/\",\"url\":\"https:\/\/www.aquamarinajesolo.com\/de\/appartements\/studio-appartements\/\",\"name\":\"Studio Wohnung (Atelierwohnung) - Aquamarina Jesolo\",\"isPartOf\":{\"@id\":\"https:\/\/www.aquamarinajesolo.com\/de\/#website\"},\"datePublished\":\"2019-11-19T09:20:05+00:00\",\"dateModified\":\"2024-05-14T09:00:41+00:00\",\"breadcrumb\":{\"@id\":\"https:\/\/www.aquamarinajesolo.com\/de\/appartements\/studio-appartements\/#breadcrumb\"},\"inLanguage\":\"de-DE\",\"potentialAction\":[{\"@type\":\"ReadAction\",\"target\":[\"https:\/\/www.aquamarinajesolo.com\/de\/appartements\/studio-appartements\/\"]}]},{\"@type\":\"BreadcrumbList\",\"@id\":\"https:\/\/www.aquamarinajesolo.com\/de\/appartements\/studio-appartements\/#breadcrumb\",\"itemListElement\":[{\"@type\":\"ListItem\",\"position\":1,\"name\":\"Home\",\"item\":\"https:\/\/www.aquamarinajesolo.com\/de\/\"},{\"@type\":\"ListItem\",\"position\":2,\"name\":\"Appartements\",\"item\":\"https:\/\/www.aquamarinajesolo.com\/de\/appartements\/\"},{\"@type\":\"ListItem\",\"position\":3,\"name\":\"Studio Wohnung (Atelierwohnung)\"}]},{\"@type\":\"WebSite\",\"@id\":\"https:\/\/www.aquamarinajesolo.com\/de\/#website\",\"url\":\"https:\/\/www.aquamarinajesolo.com\/de\/\",\"name\":\"Aquamarina Jesolo\",\"description\":\"Ecco un altro sito ms.decms.eu\",\"potentialAction\":[{\"@type\":\"SearchAction\",\"target\":{\"@type\":\"EntryPoint\",\"urlTemplate\":\"https:\/\/www.aquamarinajesolo.com\/de\/?s={search_term_string}\"},\"query-input\":{\"@type\":\"PropertyValueSpecification\",\"valueRequired\":true,\"valueName\":\"search_term_string\"}}],\"inLanguage\":\"de-DE\"}]}<\/script>\n<!-- \/ Yoast SEO plugin. -->","yoast_head_json":{"title":"Studio Wohnung (Atelierwohnung) - Aquamarina Jesolo","robots":{"index":"index","follow":"follow","max-snippet":"max-snippet:-1","max-image-preview":"max-image-preview:large","max-video-preview":"max-video-preview:-1"},"canonical":"https:\/\/www.aquamarinajesolo.com\/de\/appartements\/studio-appartements\/","og_locale":"de_DE","og_type":"article","og_title":"Studio Wohnung (Atelierwohnung) - Aquamarina Jesolo","og_description":"Details: ab 40 m\u00b2, f\u00fcr 2-4 Personen Einfach und zweckm\u00e4\u00dfig eingerichtet. Sie verf\u00fcgen \u00fcber Kochnische mit vierflammigem Gasherd, K\u00fcchenger\u00e4ten und Geschirr, zweit\u00fcrigen K\u00fchlschrank mit Tiefk\u00fchlfach, Wohnzimmer mit ausziehbarer Schlafcouch, Bad mit Dusche, LCD-Farbfernseher, Terrasse mit Tisch und St\u00fchlen. Jede Wohnung verf\u00fcgt \u00fcber einen privaten Parkplatz, einen Regenschirm am Strand mit Deckst\u00fchlen und Sonnenliegen, W\u00e4sche im [&hellip;]","og_url":"https:\/\/www.aquamarinajesolo.com\/de\/appartements\/studio-appartements\/","og_site_name":"Aquamarina Jesolo","article_modified_time":"2024-05-14T09:00:41+00:00","twitter_card":"summary_large_image","twitter_misc":{"Gesch\u00e4tzte Lesezeit":"1 Minute"},"schema":{"@context":"https:\/\/schema.org","@graph":[{"@type":"WebPage","@id":"https:\/\/www.aquamarinajesolo.com\/de\/appartements\/studio-appartements\/","url":"https:\/\/www.aquamarinajesolo.com\/de\/appartements\/studio-appartements\/","name":"Studio Wohnung (Atelierwohnung) - Aquamarina Jesolo","isPartOf":{"@id":"https:\/\/www.aquamarinajesolo.com\/de\/#website"},"datePublished":"2019-11-19T09:20:05+00:00","dateModified":"2024-05-14T09:00:41+00:00","breadcrumb":{"@id":"https:\/\/www.aquamarinajesolo.com\/de\/appartements\/studio-appartements\/#breadcrumb"},"inLanguage":"de-DE","potentialAction":[{"@type":"ReadAction","target":["https:\/\/www.aquamarinajesolo.com\/de\/appartements\/studio-appartements\/"]}]},{"@type":"BreadcrumbList","@id":"https:\/\/www.aquamarinajesolo.com\/de\/appartements\/studio-appartements\/#breadcrumb","itemListElement":[{"@type":"ListItem","position":1,"name":"Home","item":"https:\/\/www.aquamarinajesolo.com\/de\/"},{"@type":"ListItem","position":2,"name":"Appartements","item":"https:\/\/www.aquamarinajesolo.com\/de\/appartements\/"},{"@type":"ListItem","position":3,"name":"Studio Wohnung (Atelierwohnung)"}]},{"@type":"WebSite","@id":"https:\/\/www.aquamarinajesolo.com\/de\/#website","url":"https:\/\/www.aquamarinajesolo.com\/de\/","name":"Aquamarina Jesolo","description":"Ecco un altro sito ms.decms.eu","potentialAction":[{"@type":"SearchAction","target":{"@type":"EntryPoint","urlTemplate":"https:\/\/www.aquamarinajesolo.com\/de\/?s={search_term_string}"},"query-input":{"@type":"PropertyValueSpecification","valueRequired":true,"valueName":"search_term_string"}}],"inLanguage":"de-DE"}]}},"acf":[],"_links":{"self":[{"href":"https:\/\/www.aquamarinajesolo.com\/de\/wp-json\/wp\/v2\/pages\/269","targetHints":{"allow":["GET"]}}],"collection":[{"href":"https:\/\/www.aquamarinajesolo.com\/de\/wp-json\/wp\/v2\/pages"}],"about":[{"href":"https:\/\/www.aquamarinajesolo.com\/de\/wp-json\/wp\/v2\/types\/page"}],"author":[{"embeddable":true,"href":"https:\/\/www.aquamarinajesolo.com\/de\/wp-json\/wp\/v2\/users\/13"}],"replies":[{"embeddable":true,"href":"https:\/\/www.aquamarinajesolo.com\/de\/wp-json\/wp\/v2\/comments?post=269"}],"version-history":[{"count":0,"href":"https:\/\/www.aquamarinajesolo.com\/de\/wp-json\/wp\/v2\/pages\/269\/revisions"}],"up":[{"embeddable":true,"href":"https:\/\/www.aquamarinajesolo.com\/de\/wp-json\/wp\/v2\/pages\/264"}],"wp:attachment":[{"href":"https:\/\/www.aquamarinajesolo.com\/de\/wp-json\/wp\/v2\/media?parent=269"}],"curies":[{"name":"wp","href":"https:\/\/api.w.org\/{rel}","templated":true}]}}