{"id":273,"date":"2019-11-19T10:26:14","date_gmt":"2019-11-19T09:26:14","guid":{"rendered":"http:\/\/aquamarina-jesolo.ms.decms.eu\/?page_id=273"},"modified":"2024-05-15T17:37:56","modified_gmt":"2024-05-15T15:37:56","slug":"ein-zimmer-appartements","status":"publish","type":"page","link":"https:\/\/www.aquamarinajesolo.com\/de\/appartements\/ein-zimmer-appartements\/","title":{"rendered":"Ein Zimmer Appartements"},"content":{"rendered":"<p><strong>Details:<\/strong> ab 50 m\u00b2, f\u00fcr 3\/4 Personen<\/p>\n<p>Einfach und zweckm\u00e4\u00dfig eingerichtet.<\/p>\n<p>Sie verf\u00fcgen \u00fcber Kochnische mit vierflammigem Gasherd, K\u00fcchenger\u00e4ten und Geschirr, zweit\u00fcrigen K\u00fchlschrank mit Tiefk\u00fchlfach, Wohnzimmer mit ausziehbarer Schlafcouch, Bad mit Dusche, LCD-Farbfernseher, Terrasse mit Tisch und St\u00fchlen.<\/p>\n<p>Jede Wohnung verf\u00fcgt \u00fcber einen privaten Parkplatz, einen Regenschirm am Strand mit Deckst\u00fchlen und Sonnenliegen, W\u00e4sche im zweiten Stock. Wohnungen im ersten Stock und im zweiten Stock, kein Aufzug, aber eine Ablagerung im Erdgeschoss f\u00fcr Strandausr\u00fcstung und Kinderwagen sind verf\u00fcgbar.<\/p>\n<p><em>Unit\u00e0 Abitativa ad Uso Turistico<\/em><br \/>\nCODICE IDENTIFICATIVO REGIONALE: 027019-UAM-00017<\/p>\n<p><strong>Appartamento 205<\/strong><br \/>\nAPE: Classe D<br \/>\nIPE: 47,00 kWh\/mq anno<br \/>\nCod.Identificativo: 15091\/2024<\/p>\n","protected":false},"excerpt":{"rendered":"<p>Details: ab 50 m\u00b2, f\u00fcr 3\/4 Personen Einfach und zweckm\u00e4\u00dfig eingerichtet. Sie verf\u00fcgen \u00fcber Kochnische mit vierflammigem Gasherd, K\u00fcchenger\u00e4ten und Geschirr, zweit\u00fcrigen K\u00fchlschrank mit Tiefk\u00fchlfach, Wohnzimmer mit ausziehbarer Schlafcouch, Bad mit Dusche, LCD-Farbfernseher, Terrasse mit Tisch und St\u00fchlen. Jede Wohnung verf\u00fcgt \u00fcber einen privaten Parkplatz, einen Regenschirm am Strand mit Deckst\u00fchlen und Sonnenliegen, W\u00e4sche im [&hellip;]<\/p>\n","protected":false},"author":13,"featured_media":0,"parent":264,"menu_order":2,"comment_status":"closed","ping_status":"closed","template":"template-single-room.php","meta":{"footnotes":""},"class_list":["post-273","page","type-page","status-publish","hentry"],"yoast_head":"<!-- This site is optimized with the Yoast SEO plugin v26.9 - https:\/\/yoast.com\/product\/yoast-seo-wordpress\/ -->\n<title>Ein Zimmer Appartements - Aquamarina Jesolo<\/title>\n<meta name=\"robots\" content=\"index, follow, max-snippet:-1, max-image-preview:large, max-video-preview:-1\" \/>\n<link rel=\"canonical\" href=\"https:\/\/www.aquamarinajesolo.com\/de\/appartements\/ein-zimmer-appartements\/\" \/>\n<meta property=\"og:locale\" content=\"de_DE\" \/>\n<meta property=\"og:type\" content=\"article\" \/>\n<meta property=\"og:title\" content=\"Ein Zimmer Appartements - Aquamarina Jesolo\" \/>\n<meta property=\"og:description\" content=\"Details: ab 50 m\u00b2, f\u00fcr 3\/4 Personen Einfach und zweckm\u00e4\u00dfig eingerichtet. Sie verf\u00fcgen \u00fcber Kochnische mit vierflammigem Gasherd, K\u00fcchenger\u00e4ten und Geschirr, zweit\u00fcrigen K\u00fchlschrank mit Tiefk\u00fchlfach, Wohnzimmer mit ausziehbarer Schlafcouch, Bad mit Dusche, LCD-Farbfernseher, Terrasse mit Tisch und St\u00fchlen. Jede Wohnung verf\u00fcgt \u00fcber einen privaten Parkplatz, einen Regenschirm am Strand mit Deckst\u00fchlen und Sonnenliegen, W\u00e4sche im [&hellip;]\" \/>\n<meta property=\"og:url\" content=\"https:\/\/www.aquamarinajesolo.com\/de\/appartements\/ein-zimmer-appartements\/\" \/>\n<meta property=\"og:site_name\" content=\"Aquamarina Jesolo\" \/>\n<meta property=\"article:modified_time\" content=\"2024-05-15T15:37:56+00:00\" \/>\n<meta name=\"twitter:card\" content=\"summary_large_image\" \/>\n<meta name=\"twitter:label1\" content=\"Gesch\u00e4tzte Lesezeit\" \/>\n\t<meta name=\"twitter:data1\" content=\"1 Minute\" \/>\n<script type=\"application\/ld+json\" class=\"yoast-schema-graph\">{\"@context\":\"https:\/\/schema.org\",\"@graph\":[{\"@type\":\"WebPage\",\"@id\":\"https:\/\/www.aquamarinajesolo.com\/de\/appartements\/ein-zimmer-appartements\/\",\"url\":\"https:\/\/www.aquamarinajesolo.com\/de\/appartements\/ein-zimmer-appartements\/\",\"name\":\"Ein Zimmer Appartements - Aquamarina Jesolo\",\"isPartOf\":{\"@id\":\"https:\/\/www.aquamarinajesolo.com\/de\/#website\"},\"datePublished\":\"2019-11-19T09:26:14+00:00\",\"dateModified\":\"2024-05-15T15:37:56+00:00\",\"breadcrumb\":{\"@id\":\"https:\/\/www.aquamarinajesolo.com\/de\/appartements\/ein-zimmer-appartements\/#breadcrumb\"},\"inLanguage\":\"de-DE\",\"potentialAction\":[{\"@type\":\"ReadAction\",\"target\":[\"https:\/\/www.aquamarinajesolo.com\/de\/appartements\/ein-zimmer-appartements\/\"]}]},{\"@type\":\"BreadcrumbList\",\"@id\":\"https:\/\/www.aquamarinajesolo.com\/de\/appartements\/ein-zimmer-appartements\/#breadcrumb\",\"itemListElement\":[{\"@type\":\"ListItem\",\"position\":1,\"name\":\"Home\",\"item\":\"https:\/\/www.aquamarinajesolo.com\/de\/\"},{\"@type\":\"ListItem\",\"position\":2,\"name\":\"Appartements\",\"item\":\"https:\/\/www.aquamarinajesolo.com\/de\/appartements\/\"},{\"@type\":\"ListItem\",\"position\":3,\"name\":\"Ein Zimmer Appartements\"}]},{\"@type\":\"WebSite\",\"@id\":\"https:\/\/www.aquamarinajesolo.com\/de\/#website\",\"url\":\"https:\/\/www.aquamarinajesolo.com\/de\/\",\"name\":\"Aquamarina Jesolo\",\"description\":\"Ecco un altro sito ms.decms.eu\",\"potentialAction\":[{\"@type\":\"SearchAction\",\"target\":{\"@type\":\"EntryPoint\",\"urlTemplate\":\"https:\/\/www.aquamarinajesolo.com\/de\/?s={search_term_string}\"},\"query-input\":{\"@type\":\"PropertyValueSpecification\",\"valueRequired\":true,\"valueName\":\"search_term_string\"}}],\"inLanguage\":\"de-DE\"}]}<\/script>\n<!-- \/ Yoast SEO plugin. -->","yoast_head_json":{"title":"Ein Zimmer Appartements - Aquamarina Jesolo","robots":{"index":"index","follow":"follow","max-snippet":"max-snippet:-1","max-image-preview":"max-image-preview:large","max-video-preview":"max-video-preview:-1"},"canonical":"https:\/\/www.aquamarinajesolo.com\/de\/appartements\/ein-zimmer-appartements\/","og_locale":"de_DE","og_type":"article","og_title":"Ein Zimmer Appartements - Aquamarina Jesolo","og_description":"Details: ab 50 m\u00b2, f\u00fcr 3\/4 Personen Einfach und zweckm\u00e4\u00dfig eingerichtet. Sie verf\u00fcgen \u00fcber Kochnische mit vierflammigem Gasherd, K\u00fcchenger\u00e4ten und Geschirr, zweit\u00fcrigen K\u00fchlschrank mit Tiefk\u00fchlfach, Wohnzimmer mit ausziehbarer Schlafcouch, Bad mit Dusche, LCD-Farbfernseher, Terrasse mit Tisch und St\u00fchlen. Jede Wohnung verf\u00fcgt \u00fcber einen privaten Parkplatz, einen Regenschirm am Strand mit Deckst\u00fchlen und Sonnenliegen, W\u00e4sche im [&hellip;]","og_url":"https:\/\/www.aquamarinajesolo.com\/de\/appartements\/ein-zimmer-appartements\/","og_site_name":"Aquamarina Jesolo","article_modified_time":"2024-05-15T15:37:56+00:00","twitter_card":"summary_large_image","twitter_misc":{"Gesch\u00e4tzte Lesezeit":"1 Minute"},"schema":{"@context":"https:\/\/schema.org","@graph":[{"@type":"WebPage","@id":"https:\/\/www.aquamarinajesolo.com\/de\/appartements\/ein-zimmer-appartements\/","url":"https:\/\/www.aquamarinajesolo.com\/de\/appartements\/ein-zimmer-appartements\/","name":"Ein Zimmer Appartements - Aquamarina Jesolo","isPartOf":{"@id":"https:\/\/www.aquamarinajesolo.com\/de\/#website"},"datePublished":"2019-11-19T09:26:14+00:00","dateModified":"2024-05-15T15:37:56+00:00","breadcrumb":{"@id":"https:\/\/www.aquamarinajesolo.com\/de\/appartements\/ein-zimmer-appartements\/#breadcrumb"},"inLanguage":"de-DE","potentialAction":[{"@type":"ReadAction","target":["https:\/\/www.aquamarinajesolo.com\/de\/appartements\/ein-zimmer-appartements\/"]}]},{"@type":"BreadcrumbList","@id":"https:\/\/www.aquamarinajesolo.com\/de\/appartements\/ein-zimmer-appartements\/#breadcrumb","itemListElement":[{"@type":"ListItem","position":1,"name":"Home","item":"https:\/\/www.aquamarinajesolo.com\/de\/"},{"@type":"ListItem","position":2,"name":"Appartements","item":"https:\/\/www.aquamarinajesolo.com\/de\/appartements\/"},{"@type":"ListItem","position":3,"name":"Ein Zimmer Appartements"}]},{"@type":"WebSite","@id":"https:\/\/www.aquamarinajesolo.com\/de\/#website","url":"https:\/\/www.aquamarinajesolo.com\/de\/","name":"Aquamarina Jesolo","description":"Ecco un altro sito ms.decms.eu","potentialAction":[{"@type":"SearchAction","target":{"@type":"EntryPoint","urlTemplate":"https:\/\/www.aquamarinajesolo.com\/de\/?s={search_term_string}"},"query-input":{"@type":"PropertyValueSpecification","valueRequired":true,"valueName":"search_term_string"}}],"inLanguage":"de-DE"}]}},"acf":[],"_links":{"self":[{"href":"https:\/\/www.aquamarinajesolo.com\/de\/wp-json\/wp\/v2\/pages\/273","targetHints":{"allow":["GET"]}}],"collection":[{"href":"https:\/\/www.aquamarinajesolo.com\/de\/wp-json\/wp\/v2\/pages"}],"about":[{"href":"https:\/\/www.aquamarinajesolo.com\/de\/wp-json\/wp\/v2\/types\/page"}],"author":[{"embeddable":true,"href":"https:\/\/www.aquamarinajesolo.com\/de\/wp-json\/wp\/v2\/users\/13"}],"replies":[{"embeddable":true,"href":"https:\/\/www.aquamarinajesolo.com\/de\/wp-json\/wp\/v2\/comments?post=273"}],"version-history":[{"count":0,"href":"https:\/\/www.aquamarinajesolo.com\/de\/wp-json\/wp\/v2\/pages\/273\/revisions"}],"up":[{"embeddable":true,"href":"https:\/\/www.aquamarinajesolo.com\/de\/wp-json\/wp\/v2\/pages\/264"}],"wp:attachment":[{"href":"https:\/\/www.aquamarinajesolo.com\/de\/wp-json\/wp\/v2\/media?parent=273"}],"curies":[{"name":"wp","href":"https:\/\/api.w.org\/{rel}","templated":true}]}}