{"id":275,"date":"2019-11-19T10:27:09","date_gmt":"2019-11-19T09:27:09","guid":{"rendered":"http:\/\/aquamarina-jesolo.ms.decms.eu\/?page_id=275"},"modified":"2024-05-14T11:03:12","modified_gmt":"2024-05-14T09:03:12","slug":"zweizimmerwohnung-ohne-terrasse","status":"publish","type":"page","link":"https:\/\/www.aquamarinajesolo.com\/de\/appartements\/zweizimmerwohnung-ohne-terrasse\/","title":{"rendered":"Zweizimmerwohnung ohne Terrasse"},"content":{"rendered":"<p>Ausgestattet mit Einfachheit und Funktionalit\u00e4t.<\/p>\n<p>Voll ausgestattete K\u00fcchenzeile mit 4-Flammen-Gasherd, Geschirr und Geschirr zum Kochen, zwei T\u00fcr K\u00fchlschrank mit Gefrierfach, Wohnzimmer mit Schlafcouch, Badezimmer mit Dusche und F\u00f6n, Farb-LCD-TV, Klimaanlage, keine Terrasse, aber gen\u00fcgend Platz zum Trocknen Ihrer Kleidung drau\u00dfen.<\/p>\n<p>Jede Wohnung verf\u00fcgt \u00fcber einen privaten Parkplatz, einen Regenschirm am Strand mit Deckst\u00fchlen und Sonnenliegen, W\u00e4sche im zweiten Stock. Wohnungen im ersten Stock und im zweiten Stock, kein Aufzug, aber eine Ablagerung im Erdgeschoss f\u00fcr Strandausr\u00fcstung und Kinderwagen sind verf\u00fcgbar.<\/p>\n<p>****<\/p>\n<p>Unit\u00e0 abitativa ad uso turistico<br \/>\nCODICE IDENTIFICATIVO REGIONALE: 027019-UAM-00017<br \/>\nAPE: Classe E<br \/>\nIPE: 148,78 kWh\/mq anno<\/p>\n","protected":false},"excerpt":{"rendered":"<p>Ausgestattet mit Einfachheit und Funktionalit\u00e4t. Voll ausgestattete K\u00fcchenzeile mit 4-Flammen-Gasherd, Geschirr und Geschirr zum Kochen, zwei T\u00fcr K\u00fchlschrank mit Gefrierfach, Wohnzimmer mit Schlafcouch, Badezimmer mit Dusche und F\u00f6n, Farb-LCD-TV, Klimaanlage, keine Terrasse, aber gen\u00fcgend Platz zum Trocknen Ihrer Kleidung drau\u00dfen. Jede Wohnung verf\u00fcgt \u00fcber einen privaten Parkplatz, einen Regenschirm am Strand mit Deckst\u00fchlen und Sonnenliegen, [&hellip;]<\/p>\n","protected":false},"author":13,"featured_media":0,"parent":264,"menu_order":3,"comment_status":"closed","ping_status":"closed","template":"template-single-room.php","meta":{"footnotes":""},"class_list":["post-275","page","type-page","status-publish","hentry"],"yoast_head":"<!-- This site is optimized with the Yoast SEO plugin v26.9 - https:\/\/yoast.com\/product\/yoast-seo-wordpress\/ -->\n<title>Zweizimmerwohnung ohne Terrasse - Aquamarina Jesolo<\/title>\n<meta name=\"robots\" content=\"index, follow, max-snippet:-1, max-image-preview:large, max-video-preview:-1\" \/>\n<link rel=\"canonical\" href=\"https:\/\/www.aquamarinajesolo.com\/de\/appartements\/zweizimmerwohnung-ohne-terrasse\/\" \/>\n<meta property=\"og:locale\" content=\"de_DE\" \/>\n<meta property=\"og:type\" content=\"article\" \/>\n<meta property=\"og:title\" content=\"Zweizimmerwohnung ohne Terrasse - Aquamarina Jesolo\" \/>\n<meta property=\"og:description\" content=\"Ausgestattet mit Einfachheit und Funktionalit\u00e4t. Voll ausgestattete K\u00fcchenzeile mit 4-Flammen-Gasherd, Geschirr und Geschirr zum Kochen, zwei T\u00fcr K\u00fchlschrank mit Gefrierfach, Wohnzimmer mit Schlafcouch, Badezimmer mit Dusche und F\u00f6n, Farb-LCD-TV, Klimaanlage, keine Terrasse, aber gen\u00fcgend Platz zum Trocknen Ihrer Kleidung drau\u00dfen. Jede Wohnung verf\u00fcgt \u00fcber einen privaten Parkplatz, einen Regenschirm am Strand mit Deckst\u00fchlen und Sonnenliegen, [&hellip;]\" \/>\n<meta property=\"og:url\" content=\"https:\/\/www.aquamarinajesolo.com\/de\/appartements\/zweizimmerwohnung-ohne-terrasse\/\" \/>\n<meta property=\"og:site_name\" content=\"Aquamarina Jesolo\" \/>\n<meta property=\"article:modified_time\" content=\"2024-05-14T09:03:12+00:00\" \/>\n<meta name=\"twitter:card\" content=\"summary_large_image\" \/>\n<meta name=\"twitter:label1\" content=\"Gesch\u00e4tzte Lesezeit\" \/>\n\t<meta name=\"twitter:data1\" content=\"1 Minute\" \/>\n<script type=\"application\/ld+json\" class=\"yoast-schema-graph\">{\"@context\":\"https:\/\/schema.org\",\"@graph\":[{\"@type\":\"WebPage\",\"@id\":\"https:\/\/www.aquamarinajesolo.com\/de\/appartements\/zweizimmerwohnung-ohne-terrasse\/\",\"url\":\"https:\/\/www.aquamarinajesolo.com\/de\/appartements\/zweizimmerwohnung-ohne-terrasse\/\",\"name\":\"Zweizimmerwohnung ohne Terrasse - Aquamarina Jesolo\",\"isPartOf\":{\"@id\":\"https:\/\/www.aquamarinajesolo.com\/de\/#website\"},\"datePublished\":\"2019-11-19T09:27:09+00:00\",\"dateModified\":\"2024-05-14T09:03:12+00:00\",\"breadcrumb\":{\"@id\":\"https:\/\/www.aquamarinajesolo.com\/de\/appartements\/zweizimmerwohnung-ohne-terrasse\/#breadcrumb\"},\"inLanguage\":\"de-DE\",\"potentialAction\":[{\"@type\":\"ReadAction\",\"target\":[\"https:\/\/www.aquamarinajesolo.com\/de\/appartements\/zweizimmerwohnung-ohne-terrasse\/\"]}]},{\"@type\":\"BreadcrumbList\",\"@id\":\"https:\/\/www.aquamarinajesolo.com\/de\/appartements\/zweizimmerwohnung-ohne-terrasse\/#breadcrumb\",\"itemListElement\":[{\"@type\":\"ListItem\",\"position\":1,\"name\":\"Home\",\"item\":\"https:\/\/www.aquamarinajesolo.com\/de\/\"},{\"@type\":\"ListItem\",\"position\":2,\"name\":\"Appartements\",\"item\":\"https:\/\/www.aquamarinajesolo.com\/de\/appartements\/\"},{\"@type\":\"ListItem\",\"position\":3,\"name\":\"Zweizimmerwohnung ohne Terrasse\"}]},{\"@type\":\"WebSite\",\"@id\":\"https:\/\/www.aquamarinajesolo.com\/de\/#website\",\"url\":\"https:\/\/www.aquamarinajesolo.com\/de\/\",\"name\":\"Aquamarina Jesolo\",\"description\":\"Ecco un altro sito ms.decms.eu\",\"potentialAction\":[{\"@type\":\"SearchAction\",\"target\":{\"@type\":\"EntryPoint\",\"urlTemplate\":\"https:\/\/www.aquamarinajesolo.com\/de\/?s={search_term_string}\"},\"query-input\":{\"@type\":\"PropertyValueSpecification\",\"valueRequired\":true,\"valueName\":\"search_term_string\"}}],\"inLanguage\":\"de-DE\"}]}<\/script>\n<!-- \/ Yoast SEO plugin. -->","yoast_head_json":{"title":"Zweizimmerwohnung ohne Terrasse - Aquamarina Jesolo","robots":{"index":"index","follow":"follow","max-snippet":"max-snippet:-1","max-image-preview":"max-image-preview:large","max-video-preview":"max-video-preview:-1"},"canonical":"https:\/\/www.aquamarinajesolo.com\/de\/appartements\/zweizimmerwohnung-ohne-terrasse\/","og_locale":"de_DE","og_type":"article","og_title":"Zweizimmerwohnung ohne Terrasse - Aquamarina Jesolo","og_description":"Ausgestattet mit Einfachheit und Funktionalit\u00e4t. Voll ausgestattete K\u00fcchenzeile mit 4-Flammen-Gasherd, Geschirr und Geschirr zum Kochen, zwei T\u00fcr K\u00fchlschrank mit Gefrierfach, Wohnzimmer mit Schlafcouch, Badezimmer mit Dusche und F\u00f6n, Farb-LCD-TV, Klimaanlage, keine Terrasse, aber gen\u00fcgend Platz zum Trocknen Ihrer Kleidung drau\u00dfen. Jede Wohnung verf\u00fcgt \u00fcber einen privaten Parkplatz, einen Regenschirm am Strand mit Deckst\u00fchlen und Sonnenliegen, [&hellip;]","og_url":"https:\/\/www.aquamarinajesolo.com\/de\/appartements\/zweizimmerwohnung-ohne-terrasse\/","og_site_name":"Aquamarina Jesolo","article_modified_time":"2024-05-14T09:03:12+00:00","twitter_card":"summary_large_image","twitter_misc":{"Gesch\u00e4tzte Lesezeit":"1 Minute"},"schema":{"@context":"https:\/\/schema.org","@graph":[{"@type":"WebPage","@id":"https:\/\/www.aquamarinajesolo.com\/de\/appartements\/zweizimmerwohnung-ohne-terrasse\/","url":"https:\/\/www.aquamarinajesolo.com\/de\/appartements\/zweizimmerwohnung-ohne-terrasse\/","name":"Zweizimmerwohnung ohne Terrasse - Aquamarina Jesolo","isPartOf":{"@id":"https:\/\/www.aquamarinajesolo.com\/de\/#website"},"datePublished":"2019-11-19T09:27:09+00:00","dateModified":"2024-05-14T09:03:12+00:00","breadcrumb":{"@id":"https:\/\/www.aquamarinajesolo.com\/de\/appartements\/zweizimmerwohnung-ohne-terrasse\/#breadcrumb"},"inLanguage":"de-DE","potentialAction":[{"@type":"ReadAction","target":["https:\/\/www.aquamarinajesolo.com\/de\/appartements\/zweizimmerwohnung-ohne-terrasse\/"]}]},{"@type":"BreadcrumbList","@id":"https:\/\/www.aquamarinajesolo.com\/de\/appartements\/zweizimmerwohnung-ohne-terrasse\/#breadcrumb","itemListElement":[{"@type":"ListItem","position":1,"name":"Home","item":"https:\/\/www.aquamarinajesolo.com\/de\/"},{"@type":"ListItem","position":2,"name":"Appartements","item":"https:\/\/www.aquamarinajesolo.com\/de\/appartements\/"},{"@type":"ListItem","position":3,"name":"Zweizimmerwohnung ohne Terrasse"}]},{"@type":"WebSite","@id":"https:\/\/www.aquamarinajesolo.com\/de\/#website","url":"https:\/\/www.aquamarinajesolo.com\/de\/","name":"Aquamarina Jesolo","description":"Ecco un altro sito ms.decms.eu","potentialAction":[{"@type":"SearchAction","target":{"@type":"EntryPoint","urlTemplate":"https:\/\/www.aquamarinajesolo.com\/de\/?s={search_term_string}"},"query-input":{"@type":"PropertyValueSpecification","valueRequired":true,"valueName":"search_term_string"}}],"inLanguage":"de-DE"}]}},"acf":[],"_links":{"self":[{"href":"https:\/\/www.aquamarinajesolo.com\/de\/wp-json\/wp\/v2\/pages\/275","targetHints":{"allow":["GET"]}}],"collection":[{"href":"https:\/\/www.aquamarinajesolo.com\/de\/wp-json\/wp\/v2\/pages"}],"about":[{"href":"https:\/\/www.aquamarinajesolo.com\/de\/wp-json\/wp\/v2\/types\/page"}],"author":[{"embeddable":true,"href":"https:\/\/www.aquamarinajesolo.com\/de\/wp-json\/wp\/v2\/users\/13"}],"replies":[{"embeddable":true,"href":"https:\/\/www.aquamarinajesolo.com\/de\/wp-json\/wp\/v2\/comments?post=275"}],"version-history":[{"count":0,"href":"https:\/\/www.aquamarinajesolo.com\/de\/wp-json\/wp\/v2\/pages\/275\/revisions"}],"up":[{"embeddable":true,"href":"https:\/\/www.aquamarinajesolo.com\/de\/wp-json\/wp\/v2\/pages\/264"}],"wp:attachment":[{"href":"https:\/\/www.aquamarinajesolo.com\/de\/wp-json\/wp\/v2\/media?parent=275"}],"curies":[{"name":"wp","href":"https:\/\/api.w.org\/{rel}","templated":true}]}}