{"id":283,"date":"2019-11-19T10:36:17","date_gmt":"2019-11-19T09:36:17","guid":{"rendered":"http:\/\/aquamarina-jesolo.ms.decms.eu\/?page_id=283"},"modified":"2024-05-15T18:10:21","modified_gmt":"2024-05-15T16:10:21","slug":"zwei-zimmer-appartement","status":"publish","type":"page","link":"https:\/\/www.aquamarinajesolo.com\/de\/appartements\/zwei-zimmer-appartement\/","title":{"rendered":"Zwei Zimmer Appartement"},"content":{"rendered":"<p>ab 60 m\u00b2, f\u00fcr mehr als 5\/6 Personen<\/p>\n<p>Ausgestattet mit Einfachheit und Funktionalit\u00e4t, haben sie eine K\u00fcchenzeile mit Gasherd mit 4 Brennern, Geschirr und Geschirr zum Kochen, K\u00fchlschrank mit Gefrierfach, Wohnzimmer mit Schlafcouch, Badezimmer mit Dusche und Haartrockner, LCD-TV, Klimaanlage, Terrasse mit St\u00fchlen und Tisch.<\/p>\n<p>Jede Wohnung verf\u00fcgt \u00fcber einen privaten Parkplatz, einen Regenschirm am Strand mit Deckst\u00fchlen und Sonnenliegen, W\u00e4sche im zweiten Stock. Wohnungen im ersten Stock und im zweiten Stock, kein Aufzug, aber eine Ablagerung im Erdgeschoss f\u00fcr Strandausr\u00fcstung und Kinderwagen sind verf\u00fcgbar.<\/p>\n<p>****<\/p>\n<p><em>Unit\u00e0 Abitativa ad Uso Turistico<\/em><br \/>\nCODICE IDENTIFICATIVO REGIONALE: 027019-UAM-00017<\/p>\n<p><strong>Appartamento 200<\/strong><br \/>\nAPE: Classe D<br \/>\nIPE: 71,14 kWh\/mq anno<br \/>\nCod.Identificativo: 51738\/2022<\/p>\n<p><strong>Appartamento 203<\/strong><br \/>\nAPE: Classe D<br \/>\nIPE: 61,86 kWh\/mq anno<br \/>\nCod.Identificativo: 15087\/2024<\/p>\n<p><strong>Appartamento 204<\/strong><br \/>\nAPE: Classe D<br \/>\nIPE: 63,26 kWh\/mq anno<br \/>\nCod.Identificativo: 15080\/2024<\/p>\n<p><strong>Appartamento 207<\/strong><br \/>\nAPE: Classe D<br \/>\nIPE: 80,12 kWh\/mq anno<br \/>\nCod.Identificativo: 15099\/2024<\/p>\n<p><strong>Appartamento 208<\/strong><br \/>\nAPE: Classe D<br \/>\nIPE: 71,54 kWh\/mq anno<br \/>\nCod.Identificativo: 15101\/2024<\/p>\n","protected":false},"excerpt":{"rendered":"<p>ab 60 m\u00b2, f\u00fcr mehr als 5\/6 Personen Ausgestattet mit Einfachheit und Funktionalit\u00e4t, haben sie eine K\u00fcchenzeile mit Gasherd mit 4 Brennern, Geschirr und Geschirr zum Kochen, K\u00fchlschrank mit Gefrierfach, Wohnzimmer mit Schlafcouch, Badezimmer mit Dusche und Haartrockner, LCD-TV, Klimaanlage, Terrasse mit St\u00fchlen und Tisch. Jede Wohnung verf\u00fcgt \u00fcber einen privaten Parkplatz, einen Regenschirm am [&hellip;]<\/p>\n","protected":false},"author":13,"featured_media":0,"parent":264,"menu_order":5,"comment_status":"closed","ping_status":"closed","template":"template-single-room.php","meta":{"footnotes":""},"class_list":["post-283","page","type-page","status-publish","hentry"],"yoast_head":"<!-- This site is optimized with the Yoast SEO plugin v26.9 - https:\/\/yoast.com\/product\/yoast-seo-wordpress\/ -->\n<title>Zwei Zimmer Appartement - Aquamarina Jesolo<\/title>\n<meta name=\"robots\" content=\"index, follow, max-snippet:-1, max-image-preview:large, max-video-preview:-1\" \/>\n<link rel=\"canonical\" href=\"https:\/\/www.aquamarinajesolo.com\/de\/appartements\/zwei-zimmer-appartement\/\" \/>\n<meta property=\"og:locale\" content=\"de_DE\" \/>\n<meta property=\"og:type\" content=\"article\" \/>\n<meta property=\"og:title\" content=\"Zwei Zimmer Appartement - Aquamarina Jesolo\" \/>\n<meta property=\"og:description\" content=\"ab 60 m\u00b2, f\u00fcr mehr als 5\/6 Personen Ausgestattet mit Einfachheit und Funktionalit\u00e4t, haben sie eine K\u00fcchenzeile mit Gasherd mit 4 Brennern, Geschirr und Geschirr zum Kochen, K\u00fchlschrank mit Gefrierfach, Wohnzimmer mit Schlafcouch, Badezimmer mit Dusche und Haartrockner, LCD-TV, Klimaanlage, Terrasse mit St\u00fchlen und Tisch. Jede Wohnung verf\u00fcgt \u00fcber einen privaten Parkplatz, einen Regenschirm am [&hellip;]\" \/>\n<meta property=\"og:url\" content=\"https:\/\/www.aquamarinajesolo.com\/de\/appartements\/zwei-zimmer-appartement\/\" \/>\n<meta property=\"og:site_name\" content=\"Aquamarina Jesolo\" \/>\n<meta property=\"article:modified_time\" content=\"2024-05-15T16:10:21+00:00\" \/>\n<meta name=\"twitter:card\" content=\"summary_large_image\" \/>\n<meta name=\"twitter:label1\" content=\"Gesch\u00e4tzte Lesezeit\" \/>\n\t<meta name=\"twitter:data1\" content=\"1 Minute\" \/>\n<script type=\"application\/ld+json\" class=\"yoast-schema-graph\">{\"@context\":\"https:\/\/schema.org\",\"@graph\":[{\"@type\":\"WebPage\",\"@id\":\"https:\/\/www.aquamarinajesolo.com\/de\/appartements\/zwei-zimmer-appartement\/\",\"url\":\"https:\/\/www.aquamarinajesolo.com\/de\/appartements\/zwei-zimmer-appartement\/\",\"name\":\"Zwei Zimmer Appartement - Aquamarina Jesolo\",\"isPartOf\":{\"@id\":\"https:\/\/www.aquamarinajesolo.com\/de\/#website\"},\"datePublished\":\"2019-11-19T09:36:17+00:00\",\"dateModified\":\"2024-05-15T16:10:21+00:00\",\"breadcrumb\":{\"@id\":\"https:\/\/www.aquamarinajesolo.com\/de\/appartements\/zwei-zimmer-appartement\/#breadcrumb\"},\"inLanguage\":\"de-DE\",\"potentialAction\":[{\"@type\":\"ReadAction\",\"target\":[\"https:\/\/www.aquamarinajesolo.com\/de\/appartements\/zwei-zimmer-appartement\/\"]}]},{\"@type\":\"BreadcrumbList\",\"@id\":\"https:\/\/www.aquamarinajesolo.com\/de\/appartements\/zwei-zimmer-appartement\/#breadcrumb\",\"itemListElement\":[{\"@type\":\"ListItem\",\"position\":1,\"name\":\"Home\",\"item\":\"https:\/\/www.aquamarinajesolo.com\/de\/\"},{\"@type\":\"ListItem\",\"position\":2,\"name\":\"Appartements\",\"item\":\"https:\/\/www.aquamarinajesolo.com\/de\/appartements\/\"},{\"@type\":\"ListItem\",\"position\":3,\"name\":\"Zwei Zimmer Appartement\"}]},{\"@type\":\"WebSite\",\"@id\":\"https:\/\/www.aquamarinajesolo.com\/de\/#website\",\"url\":\"https:\/\/www.aquamarinajesolo.com\/de\/\",\"name\":\"Aquamarina Jesolo\",\"description\":\"Ecco un altro sito ms.decms.eu\",\"potentialAction\":[{\"@type\":\"SearchAction\",\"target\":{\"@type\":\"EntryPoint\",\"urlTemplate\":\"https:\/\/www.aquamarinajesolo.com\/de\/?s={search_term_string}\"},\"query-input\":{\"@type\":\"PropertyValueSpecification\",\"valueRequired\":true,\"valueName\":\"search_term_string\"}}],\"inLanguage\":\"de-DE\"}]}<\/script>\n<!-- \/ Yoast SEO plugin. -->","yoast_head_json":{"title":"Zwei Zimmer Appartement - Aquamarina Jesolo","robots":{"index":"index","follow":"follow","max-snippet":"max-snippet:-1","max-image-preview":"max-image-preview:large","max-video-preview":"max-video-preview:-1"},"canonical":"https:\/\/www.aquamarinajesolo.com\/de\/appartements\/zwei-zimmer-appartement\/","og_locale":"de_DE","og_type":"article","og_title":"Zwei Zimmer Appartement - Aquamarina Jesolo","og_description":"ab 60 m\u00b2, f\u00fcr mehr als 5\/6 Personen Ausgestattet mit Einfachheit und Funktionalit\u00e4t, haben sie eine K\u00fcchenzeile mit Gasherd mit 4 Brennern, Geschirr und Geschirr zum Kochen, K\u00fchlschrank mit Gefrierfach, Wohnzimmer mit Schlafcouch, Badezimmer mit Dusche und Haartrockner, LCD-TV, Klimaanlage, Terrasse mit St\u00fchlen und Tisch. Jede Wohnung verf\u00fcgt \u00fcber einen privaten Parkplatz, einen Regenschirm am [&hellip;]","og_url":"https:\/\/www.aquamarinajesolo.com\/de\/appartements\/zwei-zimmer-appartement\/","og_site_name":"Aquamarina Jesolo","article_modified_time":"2024-05-15T16:10:21+00:00","twitter_card":"summary_large_image","twitter_misc":{"Gesch\u00e4tzte Lesezeit":"1 Minute"},"schema":{"@context":"https:\/\/schema.org","@graph":[{"@type":"WebPage","@id":"https:\/\/www.aquamarinajesolo.com\/de\/appartements\/zwei-zimmer-appartement\/","url":"https:\/\/www.aquamarinajesolo.com\/de\/appartements\/zwei-zimmer-appartement\/","name":"Zwei Zimmer Appartement - Aquamarina Jesolo","isPartOf":{"@id":"https:\/\/www.aquamarinajesolo.com\/de\/#website"},"datePublished":"2019-11-19T09:36:17+00:00","dateModified":"2024-05-15T16:10:21+00:00","breadcrumb":{"@id":"https:\/\/www.aquamarinajesolo.com\/de\/appartements\/zwei-zimmer-appartement\/#breadcrumb"},"inLanguage":"de-DE","potentialAction":[{"@type":"ReadAction","target":["https:\/\/www.aquamarinajesolo.com\/de\/appartements\/zwei-zimmer-appartement\/"]}]},{"@type":"BreadcrumbList","@id":"https:\/\/www.aquamarinajesolo.com\/de\/appartements\/zwei-zimmer-appartement\/#breadcrumb","itemListElement":[{"@type":"ListItem","position":1,"name":"Home","item":"https:\/\/www.aquamarinajesolo.com\/de\/"},{"@type":"ListItem","position":2,"name":"Appartements","item":"https:\/\/www.aquamarinajesolo.com\/de\/appartements\/"},{"@type":"ListItem","position":3,"name":"Zwei Zimmer Appartement"}]},{"@type":"WebSite","@id":"https:\/\/www.aquamarinajesolo.com\/de\/#website","url":"https:\/\/www.aquamarinajesolo.com\/de\/","name":"Aquamarina Jesolo","description":"Ecco un altro sito ms.decms.eu","potentialAction":[{"@type":"SearchAction","target":{"@type":"EntryPoint","urlTemplate":"https:\/\/www.aquamarinajesolo.com\/de\/?s={search_term_string}"},"query-input":{"@type":"PropertyValueSpecification","valueRequired":true,"valueName":"search_term_string"}}],"inLanguage":"de-DE"}]}},"acf":[],"_links":{"self":[{"href":"https:\/\/www.aquamarinajesolo.com\/de\/wp-json\/wp\/v2\/pages\/283","targetHints":{"allow":["GET"]}}],"collection":[{"href":"https:\/\/www.aquamarinajesolo.com\/de\/wp-json\/wp\/v2\/pages"}],"about":[{"href":"https:\/\/www.aquamarinajesolo.com\/de\/wp-json\/wp\/v2\/types\/page"}],"author":[{"embeddable":true,"href":"https:\/\/www.aquamarinajesolo.com\/de\/wp-json\/wp\/v2\/users\/13"}],"replies":[{"embeddable":true,"href":"https:\/\/www.aquamarinajesolo.com\/de\/wp-json\/wp\/v2\/comments?post=283"}],"version-history":[{"count":0,"href":"https:\/\/www.aquamarinajesolo.com\/de\/wp-json\/wp\/v2\/pages\/283\/revisions"}],"up":[{"embeddable":true,"href":"https:\/\/www.aquamarinajesolo.com\/de\/wp-json\/wp\/v2\/pages\/264"}],"wp:attachment":[{"href":"https:\/\/www.aquamarinajesolo.com\/de\/wp-json\/wp\/v2\/media?parent=283"}],"curies":[{"name":"wp","href":"https:\/\/api.w.org\/{rel}","templated":true}]}}