{"id":288,"date":"2019-11-19T10:41:03","date_gmt":"2019-11-19T09:41:03","guid":{"rendered":"http:\/\/aquamarina-jesolo.ms.decms.eu\/?page_id=288"},"modified":"2021-10-01T10:06:23","modified_gmt":"2021-10-01T08:06:23","slug":"hier-sind-wir","status":"publish","type":"page","link":"https:\/\/www.aquamarinajesolo.com\/de\/hier-sind-wir\/","title":{"rendered":"Hier sind wir"},"content":{"rendered":"<p>Die Appartements Aquamarina befinden sich wenige Schritte von der Piazza Milano im \u00f6stlichen Gebiet von Jesolo und weniger als 50 m vom Strand entfernt.<\/p>\n<p>Die Struktur befindet sich im Zentrum und daher gibt es jede Art von Service in der Gegend: Superm\u00e4rkte, Gesch\u00e4fte, Fischgesch\u00e4ft, Metzgerei, B\u00e4ckerei, Apotheke, Bars, Restaurants usw.<\/p>\n<p>Die Unterkunft verf\u00fcgt \u00fcber ein kleines B\u00fcro im Erdgeschoss, in dem die Mitarbeiter Sie am Tag des Check-ins begr\u00fc\u00dfen, Ihnen helfen, den Parkplatz vor Ort zu \u00f6ffnen, Ihnen den bereits vom Hotel aus sichtbaren Strand zu zeigen und das Apartment zu betreten. Das B\u00fcro ist dann jeden Morgen f\u00fcr Informationen ge\u00f6ffnet.<\/p>\n","protected":false},"excerpt":{"rendered":"<p>Die Appartements Aquamarina befinden sich wenige Schritte von der Piazza Milano im \u00f6stlichen Gebiet von Jesolo und weniger als 50 m vom Strand entfernt. Die Struktur befindet sich im Zentrum und daher gibt es jede Art von Service in der Gegend: Superm\u00e4rkte, Gesch\u00e4fte, Fischgesch\u00e4ft, Metzgerei, B\u00e4ckerei, Apotheke, Bars, Restaurants usw. Die Unterkunft verf\u00fcgt \u00fcber ein [&hellip;]<\/p>\n","protected":false},"author":13,"featured_media":0,"parent":0,"menu_order":3,"comment_status":"closed","ping_status":"closed","template":"template-location.php","meta":{"footnotes":""},"class_list":["post-288","page","type-page","status-publish","hentry"],"yoast_head":"<!-- This site is optimized with the Yoast SEO plugin v26.9 - https:\/\/yoast.com\/product\/yoast-seo-wordpress\/ -->\n<title>Hier sind wir - Aquamarina Jesolo<\/title>\n<meta name=\"robots\" content=\"index, follow, max-snippet:-1, max-image-preview:large, max-video-preview:-1\" \/>\n<link rel=\"canonical\" href=\"https:\/\/www.aquamarinajesolo.com\/de\/hier-sind-wir\/\" \/>\n<meta property=\"og:locale\" content=\"de_DE\" \/>\n<meta property=\"og:type\" content=\"article\" \/>\n<meta property=\"og:title\" content=\"Hier sind wir - Aquamarina Jesolo\" \/>\n<meta property=\"og:description\" content=\"Die Appartements Aquamarina befinden sich wenige Schritte von der Piazza Milano im \u00f6stlichen Gebiet von Jesolo und weniger als 50 m vom Strand entfernt. Die Struktur befindet sich im Zentrum und daher gibt es jede Art von Service in der Gegend: Superm\u00e4rkte, Gesch\u00e4fte, Fischgesch\u00e4ft, Metzgerei, B\u00e4ckerei, Apotheke, Bars, Restaurants usw. Die Unterkunft verf\u00fcgt \u00fcber ein [&hellip;]\" \/>\n<meta property=\"og:url\" content=\"https:\/\/www.aquamarinajesolo.com\/de\/hier-sind-wir\/\" \/>\n<meta property=\"og:site_name\" content=\"Aquamarina Jesolo\" \/>\n<meta property=\"article:modified_time\" content=\"2021-10-01T08:06:23+00:00\" \/>\n<meta name=\"twitter:card\" content=\"summary_large_image\" \/>\n<meta name=\"twitter:label1\" content=\"Gesch\u00e4tzte Lesezeit\" \/>\n\t<meta name=\"twitter:data1\" content=\"1 Minute\" \/>\n<script type=\"application\/ld+json\" class=\"yoast-schema-graph\">{\"@context\":\"https:\/\/schema.org\",\"@graph\":[{\"@type\":\"WebPage\",\"@id\":\"https:\/\/www.aquamarinajesolo.com\/de\/hier-sind-wir\/\",\"url\":\"https:\/\/www.aquamarinajesolo.com\/de\/hier-sind-wir\/\",\"name\":\"Hier sind wir - Aquamarina Jesolo\",\"isPartOf\":{\"@id\":\"https:\/\/www.aquamarinajesolo.com\/de\/#website\"},\"datePublished\":\"2019-11-19T09:41:03+00:00\",\"dateModified\":\"2021-10-01T08:06:23+00:00\",\"breadcrumb\":{\"@id\":\"https:\/\/www.aquamarinajesolo.com\/de\/hier-sind-wir\/#breadcrumb\"},\"inLanguage\":\"de-DE\",\"potentialAction\":[{\"@type\":\"ReadAction\",\"target\":[\"https:\/\/www.aquamarinajesolo.com\/de\/hier-sind-wir\/\"]}]},{\"@type\":\"BreadcrumbList\",\"@id\":\"https:\/\/www.aquamarinajesolo.com\/de\/hier-sind-wir\/#breadcrumb\",\"itemListElement\":[{\"@type\":\"ListItem\",\"position\":1,\"name\":\"Home\",\"item\":\"https:\/\/www.aquamarinajesolo.com\/de\/\"},{\"@type\":\"ListItem\",\"position\":2,\"name\":\"Hier sind wir\"}]},{\"@type\":\"WebSite\",\"@id\":\"https:\/\/www.aquamarinajesolo.com\/de\/#website\",\"url\":\"https:\/\/www.aquamarinajesolo.com\/de\/\",\"name\":\"Aquamarina Jesolo\",\"description\":\"Ecco un altro sito ms.decms.eu\",\"potentialAction\":[{\"@type\":\"SearchAction\",\"target\":{\"@type\":\"EntryPoint\",\"urlTemplate\":\"https:\/\/www.aquamarinajesolo.com\/de\/?s={search_term_string}\"},\"query-input\":{\"@type\":\"PropertyValueSpecification\",\"valueRequired\":true,\"valueName\":\"search_term_string\"}}],\"inLanguage\":\"de-DE\"}]}<\/script>\n<!-- \/ Yoast SEO plugin. -->","yoast_head_json":{"title":"Hier sind wir - Aquamarina Jesolo","robots":{"index":"index","follow":"follow","max-snippet":"max-snippet:-1","max-image-preview":"max-image-preview:large","max-video-preview":"max-video-preview:-1"},"canonical":"https:\/\/www.aquamarinajesolo.com\/de\/hier-sind-wir\/","og_locale":"de_DE","og_type":"article","og_title":"Hier sind wir - Aquamarina Jesolo","og_description":"Die Appartements Aquamarina befinden sich wenige Schritte von der Piazza Milano im \u00f6stlichen Gebiet von Jesolo und weniger als 50 m vom Strand entfernt. Die Struktur befindet sich im Zentrum und daher gibt es jede Art von Service in der Gegend: Superm\u00e4rkte, Gesch\u00e4fte, Fischgesch\u00e4ft, Metzgerei, B\u00e4ckerei, Apotheke, Bars, Restaurants usw. Die Unterkunft verf\u00fcgt \u00fcber ein [&hellip;]","og_url":"https:\/\/www.aquamarinajesolo.com\/de\/hier-sind-wir\/","og_site_name":"Aquamarina Jesolo","article_modified_time":"2021-10-01T08:06:23+00:00","twitter_card":"summary_large_image","twitter_misc":{"Gesch\u00e4tzte Lesezeit":"1 Minute"},"schema":{"@context":"https:\/\/schema.org","@graph":[{"@type":"WebPage","@id":"https:\/\/www.aquamarinajesolo.com\/de\/hier-sind-wir\/","url":"https:\/\/www.aquamarinajesolo.com\/de\/hier-sind-wir\/","name":"Hier sind wir - Aquamarina Jesolo","isPartOf":{"@id":"https:\/\/www.aquamarinajesolo.com\/de\/#website"},"datePublished":"2019-11-19T09:41:03+00:00","dateModified":"2021-10-01T08:06:23+00:00","breadcrumb":{"@id":"https:\/\/www.aquamarinajesolo.com\/de\/hier-sind-wir\/#breadcrumb"},"inLanguage":"de-DE","potentialAction":[{"@type":"ReadAction","target":["https:\/\/www.aquamarinajesolo.com\/de\/hier-sind-wir\/"]}]},{"@type":"BreadcrumbList","@id":"https:\/\/www.aquamarinajesolo.com\/de\/hier-sind-wir\/#breadcrumb","itemListElement":[{"@type":"ListItem","position":1,"name":"Home","item":"https:\/\/www.aquamarinajesolo.com\/de\/"},{"@type":"ListItem","position":2,"name":"Hier sind wir"}]},{"@type":"WebSite","@id":"https:\/\/www.aquamarinajesolo.com\/de\/#website","url":"https:\/\/www.aquamarinajesolo.com\/de\/","name":"Aquamarina Jesolo","description":"Ecco un altro sito ms.decms.eu","potentialAction":[{"@type":"SearchAction","target":{"@type":"EntryPoint","urlTemplate":"https:\/\/www.aquamarinajesolo.com\/de\/?s={search_term_string}"},"query-input":{"@type":"PropertyValueSpecification","valueRequired":true,"valueName":"search_term_string"}}],"inLanguage":"de-DE"}]}},"acf":[],"_links":{"self":[{"href":"https:\/\/www.aquamarinajesolo.com\/de\/wp-json\/wp\/v2\/pages\/288","targetHints":{"allow":["GET"]}}],"collection":[{"href":"https:\/\/www.aquamarinajesolo.com\/de\/wp-json\/wp\/v2\/pages"}],"about":[{"href":"https:\/\/www.aquamarinajesolo.com\/de\/wp-json\/wp\/v2\/types\/page"}],"author":[{"embeddable":true,"href":"https:\/\/www.aquamarinajesolo.com\/de\/wp-json\/wp\/v2\/users\/13"}],"replies":[{"embeddable":true,"href":"https:\/\/www.aquamarinajesolo.com\/de\/wp-json\/wp\/v2\/comments?post=288"}],"version-history":[{"count":0,"href":"https:\/\/www.aquamarinajesolo.com\/de\/wp-json\/wp\/v2\/pages\/288\/revisions"}],"wp:attachment":[{"href":"https:\/\/www.aquamarinajesolo.com\/de\/wp-json\/wp\/v2\/media?parent=288"}],"curies":[{"name":"wp","href":"https:\/\/api.w.org\/{rel}","templated":true}]}}