{"id":292,"date":"2019-11-19T10:43:18","date_gmt":"2019-11-19T09:43:18","guid":{"rendered":"http:\/\/aquamarina-jesolo.ms.decms.eu\/?page_id=292"},"modified":"2020-02-27T09:18:42","modified_gmt":"2020-02-27T08:18:42","slug":"spezialangebote","status":"publish","type":"page","link":"https:\/\/www.aquamarinajesolo.com\/de\/spezialangebote\/","title":{"rendered":"Spezialangebote"},"content":{"rendered":"<p>Die besten Angebote finden Sie auf dieser offiziellen Website.<\/p>\n<p>Oben auf der Seite k\u00f6nnen Sie Ihre Wohnung buchen. Wenn Sie m\u00f6chten, k\u00f6nnen Sie Ihr Apartment auch telefonisch unter +39 331 7427525 oder per E-Mail unter info@aquamarinajesolo.com buchen<\/p>\n","protected":false},"excerpt":{"rendered":"<p>Die besten Angebote finden Sie auf dieser offiziellen Website. Oben auf der Seite k\u00f6nnen Sie Ihre Wohnung buchen. Wenn Sie m\u00f6chten, k\u00f6nnen Sie Ihr Apartment auch telefonisch unter +39 331 7427525 oder per E-Mail unter info@aquamarinajesolo.com buchen<\/p>\n","protected":false},"author":13,"featured_media":0,"parent":0,"menu_order":5,"comment_status":"closed","ping_status":"closed","template":"template-offers.php","meta":{"footnotes":""},"class_list":["post-292","page","type-page","status-publish","hentry"],"yoast_head":"<!-- This site is optimized with the Yoast SEO plugin v26.9 - https:\/\/yoast.com\/product\/yoast-seo-wordpress\/ -->\n<title>Spezialangebote - Aquamarina Jesolo<\/title>\n<meta name=\"robots\" content=\"index, follow, max-snippet:-1, max-image-preview:large, max-video-preview:-1\" \/>\n<link rel=\"canonical\" href=\"https:\/\/www.aquamarinajesolo.com\/de\/spezialangebote\/\" \/>\n<meta property=\"og:locale\" content=\"de_DE\" \/>\n<meta property=\"og:type\" content=\"article\" \/>\n<meta property=\"og:title\" content=\"Spezialangebote - Aquamarina Jesolo\" \/>\n<meta property=\"og:description\" content=\"Die besten Angebote finden Sie auf dieser offiziellen Website. Oben auf der Seite k\u00f6nnen Sie Ihre Wohnung buchen. Wenn Sie m\u00f6chten, k\u00f6nnen Sie Ihr Apartment auch telefonisch unter +39 331 7427525 oder per E-Mail unter info@aquamarinajesolo.com buchen\" \/>\n<meta property=\"og:url\" content=\"https:\/\/www.aquamarinajesolo.com\/de\/spezialangebote\/\" \/>\n<meta property=\"og:site_name\" content=\"Aquamarina Jesolo\" \/>\n<meta property=\"article:modified_time\" content=\"2020-02-27T08:18:42+00:00\" \/>\n<meta name=\"twitter:card\" content=\"summary_large_image\" \/>\n<script type=\"application\/ld+json\" class=\"yoast-schema-graph\">{\"@context\":\"https:\/\/schema.org\",\"@graph\":[{\"@type\":\"WebPage\",\"@id\":\"https:\/\/www.aquamarinajesolo.com\/de\/spezialangebote\/\",\"url\":\"https:\/\/www.aquamarinajesolo.com\/de\/spezialangebote\/\",\"name\":\"Spezialangebote - Aquamarina Jesolo\",\"isPartOf\":{\"@id\":\"https:\/\/www.aquamarinajesolo.com\/de\/#website\"},\"datePublished\":\"2019-11-19T09:43:18+00:00\",\"dateModified\":\"2020-02-27T08:18:42+00:00\",\"breadcrumb\":{\"@id\":\"https:\/\/www.aquamarinajesolo.com\/de\/spezialangebote\/#breadcrumb\"},\"inLanguage\":\"de-DE\",\"potentialAction\":[{\"@type\":\"ReadAction\",\"target\":[\"https:\/\/www.aquamarinajesolo.com\/de\/spezialangebote\/\"]}]},{\"@type\":\"BreadcrumbList\",\"@id\":\"https:\/\/www.aquamarinajesolo.com\/de\/spezialangebote\/#breadcrumb\",\"itemListElement\":[{\"@type\":\"ListItem\",\"position\":1,\"name\":\"Home\",\"item\":\"https:\/\/www.aquamarinajesolo.com\/de\/\"},{\"@type\":\"ListItem\",\"position\":2,\"name\":\"Spezialangebote\"}]},{\"@type\":\"WebSite\",\"@id\":\"https:\/\/www.aquamarinajesolo.com\/de\/#website\",\"url\":\"https:\/\/www.aquamarinajesolo.com\/de\/\",\"name\":\"Aquamarina Jesolo\",\"description\":\"Ecco un altro sito ms.decms.eu\",\"potentialAction\":[{\"@type\":\"SearchAction\",\"target\":{\"@type\":\"EntryPoint\",\"urlTemplate\":\"https:\/\/www.aquamarinajesolo.com\/de\/?s={search_term_string}\"},\"query-input\":{\"@type\":\"PropertyValueSpecification\",\"valueRequired\":true,\"valueName\":\"search_term_string\"}}],\"inLanguage\":\"de-DE\"}]}<\/script>\n<!-- \/ Yoast SEO plugin. -->","yoast_head_json":{"title":"Spezialangebote - Aquamarina Jesolo","robots":{"index":"index","follow":"follow","max-snippet":"max-snippet:-1","max-image-preview":"max-image-preview:large","max-video-preview":"max-video-preview:-1"},"canonical":"https:\/\/www.aquamarinajesolo.com\/de\/spezialangebote\/","og_locale":"de_DE","og_type":"article","og_title":"Spezialangebote - Aquamarina Jesolo","og_description":"Die besten Angebote finden Sie auf dieser offiziellen Website. Oben auf der Seite k\u00f6nnen Sie Ihre Wohnung buchen. Wenn Sie m\u00f6chten, k\u00f6nnen Sie Ihr Apartment auch telefonisch unter +39 331 7427525 oder per E-Mail unter info@aquamarinajesolo.com buchen","og_url":"https:\/\/www.aquamarinajesolo.com\/de\/spezialangebote\/","og_site_name":"Aquamarina Jesolo","article_modified_time":"2020-02-27T08:18:42+00:00","twitter_card":"summary_large_image","schema":{"@context":"https:\/\/schema.org","@graph":[{"@type":"WebPage","@id":"https:\/\/www.aquamarinajesolo.com\/de\/spezialangebote\/","url":"https:\/\/www.aquamarinajesolo.com\/de\/spezialangebote\/","name":"Spezialangebote - Aquamarina Jesolo","isPartOf":{"@id":"https:\/\/www.aquamarinajesolo.com\/de\/#website"},"datePublished":"2019-11-19T09:43:18+00:00","dateModified":"2020-02-27T08:18:42+00:00","breadcrumb":{"@id":"https:\/\/www.aquamarinajesolo.com\/de\/spezialangebote\/#breadcrumb"},"inLanguage":"de-DE","potentialAction":[{"@type":"ReadAction","target":["https:\/\/www.aquamarinajesolo.com\/de\/spezialangebote\/"]}]},{"@type":"BreadcrumbList","@id":"https:\/\/www.aquamarinajesolo.com\/de\/spezialangebote\/#breadcrumb","itemListElement":[{"@type":"ListItem","position":1,"name":"Home","item":"https:\/\/www.aquamarinajesolo.com\/de\/"},{"@type":"ListItem","position":2,"name":"Spezialangebote"}]},{"@type":"WebSite","@id":"https:\/\/www.aquamarinajesolo.com\/de\/#website","url":"https:\/\/www.aquamarinajesolo.com\/de\/","name":"Aquamarina Jesolo","description":"Ecco un altro sito ms.decms.eu","potentialAction":[{"@type":"SearchAction","target":{"@type":"EntryPoint","urlTemplate":"https:\/\/www.aquamarinajesolo.com\/de\/?s={search_term_string}"},"query-input":{"@type":"PropertyValueSpecification","valueRequired":true,"valueName":"search_term_string"}}],"inLanguage":"de-DE"}]}},"acf":[],"_links":{"self":[{"href":"https:\/\/www.aquamarinajesolo.com\/de\/wp-json\/wp\/v2\/pages\/292","targetHints":{"allow":["GET"]}}],"collection":[{"href":"https:\/\/www.aquamarinajesolo.com\/de\/wp-json\/wp\/v2\/pages"}],"about":[{"href":"https:\/\/www.aquamarinajesolo.com\/de\/wp-json\/wp\/v2\/types\/page"}],"author":[{"embeddable":true,"href":"https:\/\/www.aquamarinajesolo.com\/de\/wp-json\/wp\/v2\/users\/13"}],"replies":[{"embeddable":true,"href":"https:\/\/www.aquamarinajesolo.com\/de\/wp-json\/wp\/v2\/comments?post=292"}],"version-history":[{"count":0,"href":"https:\/\/www.aquamarinajesolo.com\/de\/wp-json\/wp\/v2\/pages\/292\/revisions"}],"wp:attachment":[{"href":"https:\/\/www.aquamarinajesolo.com\/de\/wp-json\/wp\/v2\/media?parent=292"}],"curies":[{"name":"wp","href":"https:\/\/api.w.org\/{rel}","templated":true}]}}