{"id":294,"date":"2019-11-19T10:47:21","date_gmt":"2019-11-19T09:47:21","guid":{"rendered":"http:\/\/aquamarina-jesolo.ms.decms.eu\/?page_id=294"},"modified":"2020-02-27T10:56:03","modified_gmt":"2020-02-27T09:56:03","slug":"der-strand","status":"publish","type":"page","link":"https:\/\/www.aquamarinajesolo.com\/de\/der-strand\/","title":{"rendered":"Der Strand"},"content":{"rendered":"<p>Der Strand von Jesolo erstreckt sich \u00fcber f\u00fcnfzehn Kilometer zwischen dem Hafen von Piave Vecchia und dem charakteristischen Hafen von Cortellazzo.<\/p>\n<p>Der Sonnenschirm mit Liegest\u00fchlen und Sonnenliege oder zwei Sonnenschirme f\u00fcr die gr\u00f6\u00dferen Apartments sind im Preis inbegriffen. Jeder Regenschirm ist au\u00dferdem mit einem Safe ausgestattet, um Ihren Urlaub beim Baden sicherer zu machen. Auf Anfrage k\u00f6nnen Sie das Aquamarina Strandtuch kaufen oder mieten.<\/p>\n<p><u>Denken Sie daran, dass Regenschirme von Mitte Mai bis Mitte September garantiert sind.<\/u><\/p>\n<p>&nbsp;<\/p>\n<p><strong>Es fehlt nichts:<\/strong><\/p>\n<p>&nbsp;<\/p>\n<table>\n<tbody>\n<tr>\n<th class=\"unquarto\">Entspannung<\/th>\n<th class=\"trequarti\">Bequeme Liegen in den speziell f\u00fcr das Wohlbefinden vorbehaltenen Zonen<\/th>\n<\/tr>\n<tr>\n<th class=\"unquarto\">Sport<\/th>\n<th class=\"trequarti\">Von den Anlagen f\u00fcr Beach Volley bis zur Segelschule<\/th>\n<\/tr>\n<tr>\n<th class=\"unquarto\">Unterhaltung<\/th>\n<th class=\"trequarti\">Mit Spielpl\u00e4tzen f\u00fcr die Kinder und Animation f\u00fcr alle<\/th>\n<\/tr>\n<tr>\n<th class=\"unquarto\">Komfort<\/th>\n<th class=\"trequarti\">Von den warmen Duschen zur Eisdiele, vom WLAN-Service zum Stauplatz f\u00fcr das Spielzeug<\/th>\n<\/tr>\n<tr>\n<th class=\"unquarto\">Sicherheit<\/th>\n<th class=\"trequarti\">Vorbildlich ist der Strand bez\u00fcglich seiner Sicherheit der Badeg\u00e4ste (mit Zertifikaten auch der zust\u00e4ndigen Beh\u00f6rden) und Sauberkeit seines Sandes. Damit bietet er seinen Besuchern die M\u00f6glichkeit, in einem gesunden und wohl gesch\u00fctztem Umfeld heitere und entspannende Ferien zu genie\u00dfen. Das hat ihm auch dieses Jahr den Preis Bandiera Blu delle Spiagge (Blaue Flagge der Strandb\u00e4der) eingetragen und ihn somit als einen der besten Italiens best\u00e4tigt.<\/th>\n<\/tr>\n<tr>\n<th class=\"unquarto\">Strand f\u00fcr Hunde<\/th>\n<th class=\"trequarti\">Weniger als 1 km entfernt befindet sich der Bau Bau Beach, der organisiert ist, um einen wundersch\u00f6nen Urlaub f\u00fcr Ihren vierbeinigen Freund zu verbringen!<\/th>\n<\/tr>\n<\/tbody>\n<\/table>\n<p>&nbsp;<\/p>\n","protected":false},"excerpt":{"rendered":"<p>Der Strand von Jesolo erstreckt sich \u00fcber f\u00fcnfzehn Kilometer zwischen dem Hafen von Piave Vecchia und dem charakteristischen Hafen von Cortellazzo. Der Sonnenschirm mit Liegest\u00fchlen und Sonnenliege oder zwei Sonnenschirme f\u00fcr die gr\u00f6\u00dferen Apartments sind im Preis inbegriffen. Jeder Regenschirm ist au\u00dferdem mit einem Safe ausgestattet, um Ihren Urlaub beim Baden sicherer zu machen. Auf [&hellip;]<\/p>\n","protected":false},"author":13,"featured_media":0,"parent":0,"menu_order":6,"comment_status":"closed","ping_status":"closed","template":"","meta":{"footnotes":""},"class_list":["post-294","page","type-page","status-publish","hentry"],"yoast_head":"<!-- This site is optimized with the Yoast SEO plugin v26.9 - https:\/\/yoast.com\/product\/yoast-seo-wordpress\/ -->\n<title>Der Strand - Aquamarina Jesolo<\/title>\n<meta name=\"robots\" content=\"index, follow, max-snippet:-1, max-image-preview:large, max-video-preview:-1\" \/>\n<link rel=\"canonical\" href=\"https:\/\/www.aquamarinajesolo.com\/de\/der-strand\/\" \/>\n<meta property=\"og:locale\" content=\"de_DE\" \/>\n<meta property=\"og:type\" content=\"article\" \/>\n<meta property=\"og:title\" content=\"Der Strand - Aquamarina Jesolo\" \/>\n<meta property=\"og:description\" content=\"Der Strand von Jesolo erstreckt sich \u00fcber f\u00fcnfzehn Kilometer zwischen dem Hafen von Piave Vecchia und dem charakteristischen Hafen von Cortellazzo. Der Sonnenschirm mit Liegest\u00fchlen und Sonnenliege oder zwei Sonnenschirme f\u00fcr die gr\u00f6\u00dferen Apartments sind im Preis inbegriffen. Jeder Regenschirm ist au\u00dferdem mit einem Safe ausgestattet, um Ihren Urlaub beim Baden sicherer zu machen. Auf [&hellip;]\" \/>\n<meta property=\"og:url\" content=\"https:\/\/www.aquamarinajesolo.com\/de\/der-strand\/\" \/>\n<meta property=\"og:site_name\" content=\"Aquamarina Jesolo\" \/>\n<meta property=\"article:modified_time\" content=\"2020-02-27T09:56:03+00:00\" \/>\n<meta name=\"twitter:card\" content=\"summary_large_image\" \/>\n<meta name=\"twitter:label1\" content=\"Gesch\u00e4tzte Lesezeit\" \/>\n\t<meta name=\"twitter:data1\" content=\"1 Minute\" \/>\n<script type=\"application\/ld+json\" class=\"yoast-schema-graph\">{\"@context\":\"https:\/\/schema.org\",\"@graph\":[{\"@type\":\"WebPage\",\"@id\":\"https:\/\/www.aquamarinajesolo.com\/de\/der-strand\/\",\"url\":\"https:\/\/www.aquamarinajesolo.com\/de\/der-strand\/\",\"name\":\"Der Strand - Aquamarina Jesolo\",\"isPartOf\":{\"@id\":\"https:\/\/www.aquamarinajesolo.com\/de\/#website\"},\"datePublished\":\"2019-11-19T09:47:21+00:00\",\"dateModified\":\"2020-02-27T09:56:03+00:00\",\"breadcrumb\":{\"@id\":\"https:\/\/www.aquamarinajesolo.com\/de\/der-strand\/#breadcrumb\"},\"inLanguage\":\"de-DE\",\"potentialAction\":[{\"@type\":\"ReadAction\",\"target\":[\"https:\/\/www.aquamarinajesolo.com\/de\/der-strand\/\"]}]},{\"@type\":\"BreadcrumbList\",\"@id\":\"https:\/\/www.aquamarinajesolo.com\/de\/der-strand\/#breadcrumb\",\"itemListElement\":[{\"@type\":\"ListItem\",\"position\":1,\"name\":\"Home\",\"item\":\"https:\/\/www.aquamarinajesolo.com\/de\/\"},{\"@type\":\"ListItem\",\"position\":2,\"name\":\"Der Strand\"}]},{\"@type\":\"WebSite\",\"@id\":\"https:\/\/www.aquamarinajesolo.com\/de\/#website\",\"url\":\"https:\/\/www.aquamarinajesolo.com\/de\/\",\"name\":\"Aquamarina Jesolo\",\"description\":\"Ecco un altro sito ms.decms.eu\",\"potentialAction\":[{\"@type\":\"SearchAction\",\"target\":{\"@type\":\"EntryPoint\",\"urlTemplate\":\"https:\/\/www.aquamarinajesolo.com\/de\/?s={search_term_string}\"},\"query-input\":{\"@type\":\"PropertyValueSpecification\",\"valueRequired\":true,\"valueName\":\"search_term_string\"}}],\"inLanguage\":\"de-DE\"}]}<\/script>\n<!-- \/ Yoast SEO plugin. -->","yoast_head_json":{"title":"Der Strand - Aquamarina Jesolo","robots":{"index":"index","follow":"follow","max-snippet":"max-snippet:-1","max-image-preview":"max-image-preview:large","max-video-preview":"max-video-preview:-1"},"canonical":"https:\/\/www.aquamarinajesolo.com\/de\/der-strand\/","og_locale":"de_DE","og_type":"article","og_title":"Der Strand - Aquamarina Jesolo","og_description":"Der Strand von Jesolo erstreckt sich \u00fcber f\u00fcnfzehn Kilometer zwischen dem Hafen von Piave Vecchia und dem charakteristischen Hafen von Cortellazzo. Der Sonnenschirm mit Liegest\u00fchlen und Sonnenliege oder zwei Sonnenschirme f\u00fcr die gr\u00f6\u00dferen Apartments sind im Preis inbegriffen. Jeder Regenschirm ist au\u00dferdem mit einem Safe ausgestattet, um Ihren Urlaub beim Baden sicherer zu machen. Auf [&hellip;]","og_url":"https:\/\/www.aquamarinajesolo.com\/de\/der-strand\/","og_site_name":"Aquamarina Jesolo","article_modified_time":"2020-02-27T09:56:03+00:00","twitter_card":"summary_large_image","twitter_misc":{"Gesch\u00e4tzte Lesezeit":"1 Minute"},"schema":{"@context":"https:\/\/schema.org","@graph":[{"@type":"WebPage","@id":"https:\/\/www.aquamarinajesolo.com\/de\/der-strand\/","url":"https:\/\/www.aquamarinajesolo.com\/de\/der-strand\/","name":"Der Strand - Aquamarina Jesolo","isPartOf":{"@id":"https:\/\/www.aquamarinajesolo.com\/de\/#website"},"datePublished":"2019-11-19T09:47:21+00:00","dateModified":"2020-02-27T09:56:03+00:00","breadcrumb":{"@id":"https:\/\/www.aquamarinajesolo.com\/de\/der-strand\/#breadcrumb"},"inLanguage":"de-DE","potentialAction":[{"@type":"ReadAction","target":["https:\/\/www.aquamarinajesolo.com\/de\/der-strand\/"]}]},{"@type":"BreadcrumbList","@id":"https:\/\/www.aquamarinajesolo.com\/de\/der-strand\/#breadcrumb","itemListElement":[{"@type":"ListItem","position":1,"name":"Home","item":"https:\/\/www.aquamarinajesolo.com\/de\/"},{"@type":"ListItem","position":2,"name":"Der Strand"}]},{"@type":"WebSite","@id":"https:\/\/www.aquamarinajesolo.com\/de\/#website","url":"https:\/\/www.aquamarinajesolo.com\/de\/","name":"Aquamarina Jesolo","description":"Ecco un altro sito ms.decms.eu","potentialAction":[{"@type":"SearchAction","target":{"@type":"EntryPoint","urlTemplate":"https:\/\/www.aquamarinajesolo.com\/de\/?s={search_term_string}"},"query-input":{"@type":"PropertyValueSpecification","valueRequired":true,"valueName":"search_term_string"}}],"inLanguage":"de-DE"}]}},"acf":[],"_links":{"self":[{"href":"https:\/\/www.aquamarinajesolo.com\/de\/wp-json\/wp\/v2\/pages\/294","targetHints":{"allow":["GET"]}}],"collection":[{"href":"https:\/\/www.aquamarinajesolo.com\/de\/wp-json\/wp\/v2\/pages"}],"about":[{"href":"https:\/\/www.aquamarinajesolo.com\/de\/wp-json\/wp\/v2\/types\/page"}],"author":[{"embeddable":true,"href":"https:\/\/www.aquamarinajesolo.com\/de\/wp-json\/wp\/v2\/users\/13"}],"replies":[{"embeddable":true,"href":"https:\/\/www.aquamarinajesolo.com\/de\/wp-json\/wp\/v2\/comments?post=294"}],"version-history":[{"count":0,"href":"https:\/\/www.aquamarinajesolo.com\/de\/wp-json\/wp\/v2\/pages\/294\/revisions"}],"wp:attachment":[{"href":"https:\/\/www.aquamarinajesolo.com\/de\/wp-json\/wp\/v2\/media?parent=294"}],"curies":[{"name":"wp","href":"https:\/\/api.w.org\/{rel}","templated":true}]}}