{"id":298,"date":"2019-11-19T10:50:33","date_gmt":"2019-11-19T09:50:33","guid":{"rendered":"http:\/\/aquamarina-jesolo.ms.decms.eu\/?page_id=298"},"modified":"2019-11-19T10:50:33","modified_gmt":"2019-11-19T09:50:33","slug":"venedig-und-lagune","status":"publish","type":"page","link":"https:\/\/www.aquamarinajesolo.com\/de\/venedig-und-lagune\/","title":{"rendered":"Venedig und Lagune"},"content":{"rendered":"<p>Wenn Sie die F\u00e4hre in Punta Sabbioni nehmen (20 km \/ 25 Minuten von den Appartements Aquamarina entfernt), k\u00f6nnen Sie die charakteristische Lagune von Venedig bequem durchqueren und in 30 Minuten direkt zum Markusplatz kommen.<\/p>\n<p>Dort k\u00f6nnen Sie die historischen Sch\u00f6nheiten Venedigs bewundern, die wichtigsten Bauwerke des Platzes seiner unmittelbaren Umgebung: den Dogenpalast, die Seufzerbr\u00fccke, die Insel des Heiligen Georg, das Peggy-Guggenheim-Museum, die zahlreichen Kirchen, die Werke des Palladio und nat\u00fcrlich die Markusbasilika.<\/p>\n<p>Bei einem Spaziergang durch die Calli, die engen G\u00e4sschen k\u00f6nnen Sie die beeindruckenden Winkel der Altstadt, die Kan\u00e4le und die alten venezianischen Palazzi bewundern und so zur Rialtobr\u00fccke kommen, die den Canal Grande majest\u00e4tisch \u00fcberquert.<\/p>\n<p>Mit der F\u00e4hre k\u00f6nnen Sie von Punta Sabbioni aus auch die gleicherma\u00dfen beeindruckenden, wegen ihrer Glasverarbeitung, ihrer Farben und ihrer Geschichte ber\u00fchmten Inseln Murano, Burano und Torcello erreichen.<\/p>\n","protected":false},"excerpt":{"rendered":"<p>Wenn Sie die F\u00e4hre in Punta Sabbioni nehmen (20 km \/ 25 Minuten von den Appartements Aquamarina entfernt), k\u00f6nnen Sie die charakteristische Lagune von Venedig bequem durchqueren und in 30 Minuten direkt zum Markusplatz kommen. Dort k\u00f6nnen Sie die historischen Sch\u00f6nheiten Venedigs bewundern, die wichtigsten Bauwerke des Platzes seiner unmittelbaren Umgebung: den Dogenpalast, die Seufzerbr\u00fccke, [&hellip;]<\/p>\n","protected":false},"author":13,"featured_media":0,"parent":0,"menu_order":8,"comment_status":"closed","ping_status":"closed","template":"","meta":{"footnotes":""},"class_list":["post-298","page","type-page","status-publish","hentry"],"yoast_head":"<!-- This site is optimized with the Yoast SEO plugin v26.9 - https:\/\/yoast.com\/product\/yoast-seo-wordpress\/ -->\n<title>Venedig und Lagune - Aquamarina Jesolo<\/title>\n<meta name=\"robots\" content=\"index, follow, max-snippet:-1, max-image-preview:large, max-video-preview:-1\" \/>\n<link rel=\"canonical\" href=\"https:\/\/www.aquamarinajesolo.com\/de\/venedig-und-lagune\/\" \/>\n<meta property=\"og:locale\" content=\"de_DE\" \/>\n<meta property=\"og:type\" content=\"article\" \/>\n<meta property=\"og:title\" content=\"Venedig und Lagune - Aquamarina Jesolo\" \/>\n<meta property=\"og:description\" content=\"Wenn Sie die F\u00e4hre in Punta Sabbioni nehmen (20 km \/ 25 Minuten von den Appartements Aquamarina entfernt), k\u00f6nnen Sie die charakteristische Lagune von Venedig bequem durchqueren und in 30 Minuten direkt zum Markusplatz kommen. Dort k\u00f6nnen Sie die historischen Sch\u00f6nheiten Venedigs bewundern, die wichtigsten Bauwerke des Platzes seiner unmittelbaren Umgebung: den Dogenpalast, die Seufzerbr\u00fccke, [&hellip;]\" \/>\n<meta property=\"og:url\" content=\"https:\/\/www.aquamarinajesolo.com\/de\/venedig-und-lagune\/\" \/>\n<meta property=\"og:site_name\" content=\"Aquamarina Jesolo\" \/>\n<meta name=\"twitter:card\" content=\"summary_large_image\" \/>\n<meta name=\"twitter:label1\" content=\"Gesch\u00e4tzte Lesezeit\" \/>\n\t<meta name=\"twitter:data1\" content=\"1 Minute\" \/>\n<script type=\"application\/ld+json\" class=\"yoast-schema-graph\">{\"@context\":\"https:\/\/schema.org\",\"@graph\":[{\"@type\":\"WebPage\",\"@id\":\"https:\/\/www.aquamarinajesolo.com\/de\/venedig-und-lagune\/\",\"url\":\"https:\/\/www.aquamarinajesolo.com\/de\/venedig-und-lagune\/\",\"name\":\"Venedig und Lagune - Aquamarina Jesolo\",\"isPartOf\":{\"@id\":\"https:\/\/www.aquamarinajesolo.com\/de\/#website\"},\"datePublished\":\"2019-11-19T09:50:33+00:00\",\"breadcrumb\":{\"@id\":\"https:\/\/www.aquamarinajesolo.com\/de\/venedig-und-lagune\/#breadcrumb\"},\"inLanguage\":\"de-DE\",\"potentialAction\":[{\"@type\":\"ReadAction\",\"target\":[\"https:\/\/www.aquamarinajesolo.com\/de\/venedig-und-lagune\/\"]}]},{\"@type\":\"BreadcrumbList\",\"@id\":\"https:\/\/www.aquamarinajesolo.com\/de\/venedig-und-lagune\/#breadcrumb\",\"itemListElement\":[{\"@type\":\"ListItem\",\"position\":1,\"name\":\"Home\",\"item\":\"https:\/\/www.aquamarinajesolo.com\/de\/\"},{\"@type\":\"ListItem\",\"position\":2,\"name\":\"Venedig und Lagune\"}]},{\"@type\":\"WebSite\",\"@id\":\"https:\/\/www.aquamarinajesolo.com\/de\/#website\",\"url\":\"https:\/\/www.aquamarinajesolo.com\/de\/\",\"name\":\"Aquamarina Jesolo\",\"description\":\"Ecco un altro sito ms.decms.eu\",\"potentialAction\":[{\"@type\":\"SearchAction\",\"target\":{\"@type\":\"EntryPoint\",\"urlTemplate\":\"https:\/\/www.aquamarinajesolo.com\/de\/?s={search_term_string}\"},\"query-input\":{\"@type\":\"PropertyValueSpecification\",\"valueRequired\":true,\"valueName\":\"search_term_string\"}}],\"inLanguage\":\"de-DE\"}]}<\/script>\n<!-- \/ Yoast SEO plugin. -->","yoast_head_json":{"title":"Venedig und Lagune - Aquamarina Jesolo","robots":{"index":"index","follow":"follow","max-snippet":"max-snippet:-1","max-image-preview":"max-image-preview:large","max-video-preview":"max-video-preview:-1"},"canonical":"https:\/\/www.aquamarinajesolo.com\/de\/venedig-und-lagune\/","og_locale":"de_DE","og_type":"article","og_title":"Venedig und Lagune - Aquamarina Jesolo","og_description":"Wenn Sie die F\u00e4hre in Punta Sabbioni nehmen (20 km \/ 25 Minuten von den Appartements Aquamarina entfernt), k\u00f6nnen Sie die charakteristische Lagune von Venedig bequem durchqueren und in 30 Minuten direkt zum Markusplatz kommen. Dort k\u00f6nnen Sie die historischen Sch\u00f6nheiten Venedigs bewundern, die wichtigsten Bauwerke des Platzes seiner unmittelbaren Umgebung: den Dogenpalast, die Seufzerbr\u00fccke, [&hellip;]","og_url":"https:\/\/www.aquamarinajesolo.com\/de\/venedig-und-lagune\/","og_site_name":"Aquamarina Jesolo","twitter_card":"summary_large_image","twitter_misc":{"Gesch\u00e4tzte Lesezeit":"1 Minute"},"schema":{"@context":"https:\/\/schema.org","@graph":[{"@type":"WebPage","@id":"https:\/\/www.aquamarinajesolo.com\/de\/venedig-und-lagune\/","url":"https:\/\/www.aquamarinajesolo.com\/de\/venedig-und-lagune\/","name":"Venedig und Lagune - Aquamarina Jesolo","isPartOf":{"@id":"https:\/\/www.aquamarinajesolo.com\/de\/#website"},"datePublished":"2019-11-19T09:50:33+00:00","breadcrumb":{"@id":"https:\/\/www.aquamarinajesolo.com\/de\/venedig-und-lagune\/#breadcrumb"},"inLanguage":"de-DE","potentialAction":[{"@type":"ReadAction","target":["https:\/\/www.aquamarinajesolo.com\/de\/venedig-und-lagune\/"]}]},{"@type":"BreadcrumbList","@id":"https:\/\/www.aquamarinajesolo.com\/de\/venedig-und-lagune\/#breadcrumb","itemListElement":[{"@type":"ListItem","position":1,"name":"Home","item":"https:\/\/www.aquamarinajesolo.com\/de\/"},{"@type":"ListItem","position":2,"name":"Venedig und Lagune"}]},{"@type":"WebSite","@id":"https:\/\/www.aquamarinajesolo.com\/de\/#website","url":"https:\/\/www.aquamarinajesolo.com\/de\/","name":"Aquamarina Jesolo","description":"Ecco un altro sito ms.decms.eu","potentialAction":[{"@type":"SearchAction","target":{"@type":"EntryPoint","urlTemplate":"https:\/\/www.aquamarinajesolo.com\/de\/?s={search_term_string}"},"query-input":{"@type":"PropertyValueSpecification","valueRequired":true,"valueName":"search_term_string"}}],"inLanguage":"de-DE"}]}},"acf":[],"_links":{"self":[{"href":"https:\/\/www.aquamarinajesolo.com\/de\/wp-json\/wp\/v2\/pages\/298","targetHints":{"allow":["GET"]}}],"collection":[{"href":"https:\/\/www.aquamarinajesolo.com\/de\/wp-json\/wp\/v2\/pages"}],"about":[{"href":"https:\/\/www.aquamarinajesolo.com\/de\/wp-json\/wp\/v2\/types\/page"}],"author":[{"embeddable":true,"href":"https:\/\/www.aquamarinajesolo.com\/de\/wp-json\/wp\/v2\/users\/13"}],"replies":[{"embeddable":true,"href":"https:\/\/www.aquamarinajesolo.com\/de\/wp-json\/wp\/v2\/comments?post=298"}],"version-history":[{"count":0,"href":"https:\/\/www.aquamarinajesolo.com\/de\/wp-json\/wp\/v2\/pages\/298\/revisions"}],"wp:attachment":[{"href":"https:\/\/www.aquamarinajesolo.com\/de\/wp-json\/wp\/v2\/media?parent=298"}],"curies":[{"name":"wp","href":"https:\/\/api.w.org\/{rel}","templated":true}]}}