{"id":305,"date":"2019-11-19T10:53:16","date_gmt":"2019-11-19T09:53:16","guid":{"rendered":"http:\/\/aquamarina-jesolo.ms.decms.eu\/?page_id=305"},"modified":"2020-06-03T17:56:52","modified_gmt":"2020-06-03T15:56:52","slug":"privatsphaere","status":"publish","type":"page","link":"https:\/\/www.aquamarinajesolo.com\/de\/privatsphaere\/","title":{"rendered":"Privatsph\u00e4re"},"content":{"rendered":"<p>&nbsp;<\/p>\n<p style=\"text-align: center;\"><strong>Informazioni sul trattamento dei dati personali degli interessati (articolo 13 del Regolamento UE 2016\/679)<\/strong><\/p>\n<p>Gentili Interessati,<\/p>\n<p>Forniscono alcune necessarie informazioni circa le modalit\u00e0 e finalit\u00e0 relative al trattamento dei vostri dati personali.<\/p>\n<p>Il Titolare del trattamento \u00e8:<\/p>\n<p><strong>BORIN\u00a0 ANDREA<\/strong><\/p>\n<p><strong>VIA ANASSO, 1 &#8211; JESOLO (VE) &#8211; 30016<\/strong><\/p>\n<p><strong>CF: BRNNDR88P27C388D &#8211; P.IVA: 04259480277<\/strong><\/p>\n<p><strong>\u00a0Tel. (331) 742 7525<\/strong><\/p>\n<p><strong><a href=\"mailto:info@aquamarinajesolo.com\">E-Mail: info@aquamarinajesolo.com<\/a>&#8211; PEC: <\/strong><a href=\"mailto:aquamarinajesolo@pec.it\"><strong>aquamarinajesolo@pec.it<\/strong><\/a><\/p>\n<p>&nbsp;<\/p>\n<ol>\n<li><strong> Natura e conferimento dei dati<\/strong><\/li>\n<\/ol>\n<p>Il conferimento dei dati personali a BORIN ANDREA \u00e8 un adempimento indispensabile per l\u2019esecuzione del contratto\/mandato. Ove pertanto voi rifiutaste di fornire i dati necessari, il contratto\/mandato non potr\u00e0 avere corso o si intender\u00e0 immediatamente risolto per vostro fatto e colpa.<\/p>\n<ol start=\"2\">\n<li><strong> Finalit\u00e0 del trattamento e base giuridica del trattamento<\/strong><\/li>\n<\/ol>\n<p>Vi comunichiamo che i vostri dati personali saranno utilizzati per le seguenti finalit\u00e0 del trattamento:<\/p>\n<table style=\"height: 518px;\" width=\"1264\">\n<tbody>\n<tr>\n<td width=\"473\">\n<ul>\n<li>Attivit\u00e0 amministrativo-contabile e adempimenti dichiarativi necessari e\/o complementari all&#8217;erogazione dei servizi offerti; per tale finalit\u00e0 il trattamento \u00e8 obbligatorio, la base giuridica del trattamento \u00e8 costituita dalla necessit\u00e0 di adempiere ad obblighi legali e\/o contrattuali cui \u00e8 soggetto il titolare del trattamento; periodo di conservazione: 10 anni;<\/li>\n<li>Gestione contratti di locazione immobiliare; la base giuridica del trattamento \u00e8 costituito dall\u2019esecuzione di un contratto di cui l&#8217;interessato \u00e8 parte o misure precontrattuali; periodo di conservazione: fino a che il contratto ha esecuzione;<\/li>\n<\/ul>\n<\/td>\n<\/tr>\n<tr>\n<td width=\"473\">\n<ul>\n<li>Marketing nell\u2019ambito delle affittanze immobiliari per la ricezione e\/o opportunit\u00e0 in linea con le ricerche effettuate dei locali turistici, la base giuridica del trattamento \u00e8 costituita dall\u2019erogazione del consenso al trattamento dei propri dati personali per specifiche finalit\u00e0; periodo di conservazione: fino a che l\u2019interessato non revoca il proprio consenso.<\/li>\n<\/ul>\n<\/td>\n<\/tr>\n<tr>\n<td width=\"473\">\n<ul>\n<li>Servizio di gestione delle prenotazioni e di intermediazione immobiliare nell\u2019ambito delle affittanze immobiliari, la base giuridica del trattamento \u00e8 costituito dall\u2019esecuzione di un contratto di cui l&#8217;interessato \u00e8 parte o misure precontrattuali; periodo di conservazione: fino a che il contratto ha esecuzione.<\/li>\n<\/ul>\n<\/td>\n<\/tr>\n<\/tbody>\n<\/table>\n<p>Il Titolare del trattamento BORIN\u00a0 ANDREA tratter\u00e0 i vostri dati personali soltanto nella misura in cui siano indispensabili in relazione all&#8217;obiettivo delle finalit\u00e0 di cui sopra, nel rispetto di quanto previsto dalla normativa vigente in materia di protezione dei dati personali e conformemente alle disposizioni di cui alle autorizzazioni generali dell\u2019Autorit\u00e0 Garante per la protezione dei dati personali.<\/p>\n<ol start=\"3\">\n<li><strong> Modalit\u00e0 del trattamento<\/strong><\/li>\n<\/ol>\n<p>I dati personali dell\u2019interessato, in particolare:<\/p>\n<table style=\"height: 278px;\" width=\"979\">\n<tbody>\n<tr>\n<td width=\"473\">\n<ul>\n<li>Nominativo, Codice Fiscale, P.IVA, recapiti, e-mail, credenziali, altri elementi identificativi &#8211; Categoria dati: Identificativi &#8211; Dati personali: comuni<\/li>\n<\/ul>\n<\/td>\n<\/tr>\n<tr>\n<td width=\"473\">\n<ul>\n<li>Dati economici e finanziari &#8211; Categoria dati: Economici &#8211; Dati personali: comuni<\/li>\n<\/ul>\n<\/td>\n<\/tr>\n<tr>\n<td width=\"473\">\n<ul>\n<li>Riferimenti bancari &#8211; Categoria dati: Identificativi &#8211; Dati personali: comuni<\/li>\n<\/ul>\n<\/td>\n<\/tr>\n<\/tbody>\n<\/table>\n<p>saranno trattati con un livello di sicurezza assai elevato. Sono implementate tutte le misure di tutela indicate dalla normativa sulla protezione dei dati personali e dalla normativa applicabile nonch\u00e9 quelle determinate dal Titolare del trattamento. In particolare, i vostri dati saranno trattati per mezzo di:<\/p>\n<table style=\"height: 193px;\" width=\"727\">\n<tbody>\n<tr>\n<td width=\"473\">\n<ul>\n<li>Dispositivo tecnologico, Computer desktop<\/li>\n<\/ul>\n<\/td>\n<\/tr>\n<tr>\n<td width=\"473\">\n<ul>\n<li>Dispositivo tecnologico, Notebook<\/li>\n<\/ul>\n<\/td>\n<\/tr>\n<tr>\n<td width=\"473\">\n<ul>\n<li>Dispositivo tecnologico, Smartphone<\/li>\n<li>Dispositivo tecnologico, Stampanti<\/li>\n<\/ul>\n<\/td>\n<\/tr>\n<\/tbody>\n<\/table>\n<p>&nbsp;<\/p>\n<p>I dati saranno trattati dalle categorie autorizzate sotto indicate:<\/p>\n<p>&nbsp;<\/p>\n<ul>\n<li>Responsabili esterno del trattamento: Applicazioni gestionali per albergatori, Portale di affittanze, portale di prenotazioni, studio di commercialisti e consulenti del lavoro, laddove la comunicazione sia indispensabile per l\u2019assolvimento del mandato affidatoci.<\/li>\n<\/ul>\n<ol start=\"4\">\n<li><strong> Processo decisionale automatizzato e profilazione<\/strong><\/li>\n<\/ol>\n<p>Il trattamento dei vostri dati non avviene:<\/p>\n<ul>\n<li>con l\u2019ausilio di processi decisionali automatizzati<\/li>\n<li>con l\u2019utilizzo di tecniche di profilazione<\/li>\n<\/ul>\n<ol start=\"5\">\n<li><strong> Diritti dell\u2019interessato<\/strong><\/li>\n<\/ol>\n<p>Nella vostra qualit\u00e0 di Interessati godete dei diritti di cui alla sezione 2, 3 e 4 del capo III del Regolamento (UE) 2016\/679 (es. chiedere al Titolare del trattamento: l&#8217;accesso ai dati personali e la rettifica o la cancellazione degli stessi; la limitazione del trattamento che vi riguardano; di opporsi al loro trattamento, oltre al diritto alla portabilit\u00e0 dei dati). L\u2019Interessato ha in particolare il diritto di:<\/p>\n<ul>\n<li>ottenere dal titolare del trattamento la conferma che sia o meno in corso un trattamento di dati personali che lo riguardano e, in tal caso, di ottenere l\u2019accesso dai dati personali e alle informazioni previste dall\u2019art. 15 del regolamento UE n. 679 del 2016;<\/li>\n<li>ottenere dal titolare del trattamento la rettifica dei dati personali inesatti che lo riguardano;<\/li>\n<li>ottenere la cancellazione dei dati personali che lo riguardano laddove questi non siano pi\u00f9 necessari rispetto alle finalit\u00e0 per le quali sono stati raccolti o altrimenti trattati, ovvero laddove ricorrano a ulteriori condizioni di cui all\u2019art. 17 regolamento UE n. 679\/2016 e sempre che non ricorrano le condizioni di cui all\u2019art. 17, paragrafo 3, regolamento UE n. 679\/2016;<\/li>\n<li>L\u2019interessato ha diritto di revocare il consenso al trattamento dei dati, in qualsiasi momento senza pregiudicare la liceit\u00e0 del trattamento basata sul consenso prestato prima della revoca, rivolgendosi direttamente al Titolare del trattamento ai seguenti indirizzi: <a href=\"mailto:info@aquamarinajesolo.com\">E-Mail info@aquamarinajesolo.com<\/a> &#8211; PEC <a href=\"mailto:aquamarinajesolo@pec.it\">aquamarinajesolo@pec.it<\/a><\/li>\n<li>ottenere dal titolare la limitazione del trattamento quando: a) l\u2019interessato contesti l\u2019esattezza dei dati personali, per il periodo necessario al titolare del trattamento per verificare l\u2019esattezza di tali dati personali; b) il trattamento risulti illecito ma l\u2019interessato stesso si opponga alla cancellazione e chieda invece l\u2019applicazione di misure di limitazione oppure chieda che il trattamento degli stessi avvenga per l\u2019accertamento o difesa di un suo diritto in sede giudiziaria;<\/li>\n<li>ricevere in un formato strutturato, di uso comune e leggibile da dispositivo automatico i dati personali che lo riguardano; nel caso dell\u2019esercizio di tale diritto sar\u00e0 facolt\u00e0 dell\u2019interessato chiedere che il titolare del trattamento trasmetta i suddetti dati direttamente ad un altro responsabile del trattamento;<\/li>\n<li>opporsi al trattamento dei dati personali che lo riguardano nel caso in cui ricorrano le condizioni dell\u2019Art. 21 regolamento UE n. 679\/2016, paragrafo 2.<\/li>\n<li>proporre reclamo a un&#8217;autorit\u00e0 di controllo.<\/li>\n<\/ul>\n<ol start=\"6\">\n<li><strong> Conservazione dei dati<\/strong><\/li>\n<\/ol>\n<p>I dati personali che voi ci fornirete saranno conservati a fini dell\u2019esecuzione del servizio pattuito e verranno conservati per il tempo necessario all\u2019espletamento dello stesso o, se maggiore, per il tempo previsto dalla legge. La conservazione potr\u00e0 avvenire mediante memorizzazione all\u2019interno dei sistemi hardware del titolare del trattamento o dei suoi responsabili.<\/p>\n<ol start=\"7\">\n<li><strong> Nuove misure COVID-19<\/strong><\/li>\n<\/ol>\n<p>Con riferimento alla misurazione della temperatura corporea, gli Appartamenti Aquamarina non effettueranno alcuna registrazione del dato. L\u2019identificazione dell\u2019interessato e la registrazione del superamento della soglia di temperatura potrebbero avvenire solo qualora fosse necessario documentare le ragioni che hanno impedito l\u2019accesso e\/ l\u2019allontanamento dal posto di lavoro. In tal caso, l\u2019interessato sar\u00e0 informato della circostanza.<\/p>\n<p>I dati personali non saranno oggetto di diffusione, n\u00e9 di comunicazione a terzi, se non in ragione delle specifiche previsioni normative (es. in caso di richiesta da parte dell\u2019Autorit\u00e0 sanitaria per la ricostruzione della filiera degli eventuali contatti stretti di un lavoratore risultato positivo al COVID- 19).<\/p>\n<p>I dati saranno trattati per il tempo strettamente necessario a perseguire la citata finalit\u00e0 di prevenzione dal contagio da COVID-19 e conservati non oltre il termine dello stato d\u2019emergenza, attualmente fissato al 31 luglio 2020 Alla Delibera del Consiglio dei Ministri 31 gennaio 2020.<\/p>\n<p>Definizioni che aiutano a comprendere l\u2019attivit\u00e0 svolta dal nostro studio\/impresa e le relazioni tra essa e i dati che ci ha fornito. \u00c8 dunque opportuno che lei sappia che ai sensi dell\u2019art. 4 regolamento UE n. 679 del 2016 si intende per:<\/p>\n<ul>\n<li>dato personale: qualsiasi informazione riguardante una persona fisica identificata o identificabile (\u00abinteressato\u00bb); si considera identificabile la persona fisica che pu\u00f2 essere identificata, direttamente o indirettamente, con particolare riferimento a un identificativo come il nome, un numero di identificazione, dati relativi all&#8217;ubicazione, un identificativo online o a uno o pi\u00f9 elementi caratteristici della sua identit\u00e0 fisica, fisiologica, genetica, psichica, economica, culturale o sociale;<\/li>\n<li>particolari categorie di dati (o dati sensibili): dati personali che rivelino l&#8217;origine razziale o etnica, le opinioni politiche, le convinzioni religiose o filosofiche, o l&#8217;appartenenza sindacale, nonch\u00e9 trattare dati genetici, dati biometrici intesi a identificare in modo univoco una persona fisica, dati relativi alla salute o alla vita sessuale o all&#8217;orientamento sessuale della persona;<\/li>\n<li>trattamento: qualsiasi operazione o insieme di operazioni, compiute con o senza l&#8217;ausilio di processi automatizzati e applicate a dati personali o insiemi di dati personali, come la raccolta, la registrazione, l&#8217;organizzazione, la strutturazione, la conservazione, l&#8217;adattamento o la modifica, l&#8217;estrazione, la consultazione, l&#8217;uso, la comunicazione mediante trasmissione, diffusione o qualsiasi altra forma di messa a disposizione, il raffronto o l&#8217;interconnessione, la limitazione, la cancellazione o la distruzione;<\/li>\n<li>titolare del trattamento: la persona fisica o giuridica, l&#8217;autorit\u00e0 pubblica, il servizio o altro organismo che, singolarmente o insieme ad altri, determina le finalit\u00e0 e i mezzi del trattamento di dati personali; quando le finalit\u00e0 e i mezzi di tale trattamento sono determinati dal diritto dell&#8217;Unione o degli Stati membri, il titolare del trattamento o i criteri specifici applicabili alla sua designazione possono essere stabiliti dal diritto dell&#8217;Unione o degli Stati membri;<\/li>\n<li>responsabile del trattamento: la persona fisica o giuridica, l&#8217;autorit\u00e0 pubblica, il servizio o altro organismo che tratta dati personali per conto del titolare del trattamento;<\/li>\n<li>profilazione: qualsiasi forma di trattamento automatizzato di dati personali consistente nell&#8217;utilizzo di tali dati personali per valutare determinati aspetti personali relativi a una persona fisica, in particolare per analizzare o prevedere aspetti riguardanti il rendimento professionale, la situazione economica, la salute, le preferenze personali, gli interessi, l&#8217;affidabilit\u00e0, il comportamento, l&#8217;ubicazione o gli spostamenti di detta persona fisica.<\/li>\n<\/ul>\n<p>&nbsp;<\/p>\n","protected":false},"excerpt":{"rendered":"<p>&nbsp; Informazioni sul trattamento dei dati personali degli interessati (articolo 13 del Regolamento UE 2016\/679) Gentili Interessati, Forniscono alcune necessarie informazioni circa le modalit\u00e0 e finalit\u00e0 relative al trattamento dei vostri dati personali. Il Titolare del trattamento \u00e8: BORIN\u00a0 ANDREA VIA ANASSO, 1 &#8211; JESOLO (VE) &#8211; 30016 CF: BRNNDR88P27C388D &#8211; P.IVA: 04259480277 \u00a0Tel. (331) [&hellip;]<\/p>\n","protected":false},"author":13,"featured_media":0,"parent":0,"menu_order":11,"comment_status":"closed","ping_status":"closed","template":"","meta":{"footnotes":""},"class_list":["post-305","page","type-page","status-publish","hentry"],"yoast_head":"<!-- This site is optimized with the Yoast SEO plugin v26.9 - https:\/\/yoast.com\/product\/yoast-seo-wordpress\/ -->\n<title>Privatsph\u00e4re - Aquamarina Jesolo<\/title>\n<meta name=\"robots\" content=\"index, follow, max-snippet:-1, max-image-preview:large, max-video-preview:-1\" \/>\n<link rel=\"canonical\" href=\"https:\/\/www.aquamarinajesolo.com\/de\/privatsphaere\/\" \/>\n<meta property=\"og:locale\" content=\"de_DE\" \/>\n<meta property=\"og:type\" content=\"article\" \/>\n<meta property=\"og:title\" content=\"Privatsph\u00e4re - Aquamarina Jesolo\" \/>\n<meta property=\"og:description\" content=\"&nbsp; Informazioni sul trattamento dei dati personali degli interessati (articolo 13 del Regolamento UE 2016\/679) Gentili Interessati, Forniscono alcune necessarie informazioni circa le modalit\u00e0 e finalit\u00e0 relative al trattamento dei vostri dati personali. Il Titolare del trattamento \u00e8: BORIN\u00a0 ANDREA VIA ANASSO, 1 &#8211; JESOLO (VE) &#8211; 30016 CF: BRNNDR88P27C388D &#8211; P.IVA: 04259480277 \u00a0Tel. (331) [&hellip;]\" \/>\n<meta property=\"og:url\" content=\"https:\/\/www.aquamarinajesolo.com\/de\/privatsphaere\/\" \/>\n<meta property=\"og:site_name\" content=\"Aquamarina Jesolo\" \/>\n<meta property=\"article:modified_time\" content=\"2020-06-03T15:56:52+00:00\" \/>\n<meta name=\"twitter:card\" content=\"summary_large_image\" \/>\n<meta name=\"twitter:label1\" content=\"Gesch\u00e4tzte Lesezeit\" \/>\n\t<meta name=\"twitter:data1\" content=\"8 Minuten\" \/>\n<script type=\"application\/ld+json\" class=\"yoast-schema-graph\">{\"@context\":\"https:\/\/schema.org\",\"@graph\":[{\"@type\":\"WebPage\",\"@id\":\"https:\/\/www.aquamarinajesolo.com\/de\/privatsphaere\/\",\"url\":\"https:\/\/www.aquamarinajesolo.com\/de\/privatsphaere\/\",\"name\":\"Privatsph\u00e4re - Aquamarina Jesolo\",\"isPartOf\":{\"@id\":\"https:\/\/www.aquamarinajesolo.com\/de\/#website\"},\"datePublished\":\"2019-11-19T09:53:16+00:00\",\"dateModified\":\"2020-06-03T15:56:52+00:00\",\"breadcrumb\":{\"@id\":\"https:\/\/www.aquamarinajesolo.com\/de\/privatsphaere\/#breadcrumb\"},\"inLanguage\":\"de-DE\",\"potentialAction\":[{\"@type\":\"ReadAction\",\"target\":[\"https:\/\/www.aquamarinajesolo.com\/de\/privatsphaere\/\"]}]},{\"@type\":\"BreadcrumbList\",\"@id\":\"https:\/\/www.aquamarinajesolo.com\/de\/privatsphaere\/#breadcrumb\",\"itemListElement\":[{\"@type\":\"ListItem\",\"position\":1,\"name\":\"Home\",\"item\":\"https:\/\/www.aquamarinajesolo.com\/de\/\"},{\"@type\":\"ListItem\",\"position\":2,\"name\":\"Privatsph\u00e4re\"}]},{\"@type\":\"WebSite\",\"@id\":\"https:\/\/www.aquamarinajesolo.com\/de\/#website\",\"url\":\"https:\/\/www.aquamarinajesolo.com\/de\/\",\"name\":\"Aquamarina Jesolo\",\"description\":\"Ecco un altro sito ms.decms.eu\",\"potentialAction\":[{\"@type\":\"SearchAction\",\"target\":{\"@type\":\"EntryPoint\",\"urlTemplate\":\"https:\/\/www.aquamarinajesolo.com\/de\/?s={search_term_string}\"},\"query-input\":{\"@type\":\"PropertyValueSpecification\",\"valueRequired\":true,\"valueName\":\"search_term_string\"}}],\"inLanguage\":\"de-DE\"}]}<\/script>\n<!-- \/ Yoast SEO plugin. -->","yoast_head_json":{"title":"Privatsph\u00e4re - Aquamarina Jesolo","robots":{"index":"index","follow":"follow","max-snippet":"max-snippet:-1","max-image-preview":"max-image-preview:large","max-video-preview":"max-video-preview:-1"},"canonical":"https:\/\/www.aquamarinajesolo.com\/de\/privatsphaere\/","og_locale":"de_DE","og_type":"article","og_title":"Privatsph\u00e4re - Aquamarina Jesolo","og_description":"&nbsp; Informazioni sul trattamento dei dati personali degli interessati (articolo 13 del Regolamento UE 2016\/679) Gentili Interessati, Forniscono alcune necessarie informazioni circa le modalit\u00e0 e finalit\u00e0 relative al trattamento dei vostri dati personali. Il Titolare del trattamento \u00e8: BORIN\u00a0 ANDREA VIA ANASSO, 1 &#8211; JESOLO (VE) &#8211; 30016 CF: BRNNDR88P27C388D &#8211; P.IVA: 04259480277 \u00a0Tel. (331) [&hellip;]","og_url":"https:\/\/www.aquamarinajesolo.com\/de\/privatsphaere\/","og_site_name":"Aquamarina Jesolo","article_modified_time":"2020-06-03T15:56:52+00:00","twitter_card":"summary_large_image","twitter_misc":{"Gesch\u00e4tzte Lesezeit":"8 Minuten"},"schema":{"@context":"https:\/\/schema.org","@graph":[{"@type":"WebPage","@id":"https:\/\/www.aquamarinajesolo.com\/de\/privatsphaere\/","url":"https:\/\/www.aquamarinajesolo.com\/de\/privatsphaere\/","name":"Privatsph\u00e4re - Aquamarina Jesolo","isPartOf":{"@id":"https:\/\/www.aquamarinajesolo.com\/de\/#website"},"datePublished":"2019-11-19T09:53:16+00:00","dateModified":"2020-06-03T15:56:52+00:00","breadcrumb":{"@id":"https:\/\/www.aquamarinajesolo.com\/de\/privatsphaere\/#breadcrumb"},"inLanguage":"de-DE","potentialAction":[{"@type":"ReadAction","target":["https:\/\/www.aquamarinajesolo.com\/de\/privatsphaere\/"]}]},{"@type":"BreadcrumbList","@id":"https:\/\/www.aquamarinajesolo.com\/de\/privatsphaere\/#breadcrumb","itemListElement":[{"@type":"ListItem","position":1,"name":"Home","item":"https:\/\/www.aquamarinajesolo.com\/de\/"},{"@type":"ListItem","position":2,"name":"Privatsph\u00e4re"}]},{"@type":"WebSite","@id":"https:\/\/www.aquamarinajesolo.com\/de\/#website","url":"https:\/\/www.aquamarinajesolo.com\/de\/","name":"Aquamarina Jesolo","description":"Ecco un altro sito ms.decms.eu","potentialAction":[{"@type":"SearchAction","target":{"@type":"EntryPoint","urlTemplate":"https:\/\/www.aquamarinajesolo.com\/de\/?s={search_term_string}"},"query-input":{"@type":"PropertyValueSpecification","valueRequired":true,"valueName":"search_term_string"}}],"inLanguage":"de-DE"}]}},"acf":[],"_links":{"self":[{"href":"https:\/\/www.aquamarinajesolo.com\/de\/wp-json\/wp\/v2\/pages\/305","targetHints":{"allow":["GET"]}}],"collection":[{"href":"https:\/\/www.aquamarinajesolo.com\/de\/wp-json\/wp\/v2\/pages"}],"about":[{"href":"https:\/\/www.aquamarinajesolo.com\/de\/wp-json\/wp\/v2\/types\/page"}],"author":[{"embeddable":true,"href":"https:\/\/www.aquamarinajesolo.com\/de\/wp-json\/wp\/v2\/users\/13"}],"replies":[{"embeddable":true,"href":"https:\/\/www.aquamarinajesolo.com\/de\/wp-json\/wp\/v2\/comments?post=305"}],"version-history":[{"count":0,"href":"https:\/\/www.aquamarinajesolo.com\/de\/wp-json\/wp\/v2\/pages\/305\/revisions"}],"wp:attachment":[{"href":"https:\/\/www.aquamarinajesolo.com\/de\/wp-json\/wp\/v2\/media?parent=305"}],"curies":[{"name":"wp","href":"https:\/\/api.w.org\/{rel}","templated":true}]}}