{"id":396,"date":"2020-02-27T14:46:01","date_gmt":"2020-02-27T13:46:01","guid":{"rendered":"https:\/\/www.aquamarinajesolo.com\/?page_id=396"},"modified":"2022-05-01T11:13:20","modified_gmt":"2022-05-01T09:13:20","slug":"la-fabbrica-della-scienza","status":"publish","type":"page","link":"https:\/\/www.aquamarinajesolo.com\/de\/interessantes\/la-fabbrica-della-scienza\/","title":{"rendered":"La fabbrica della scienza"},"content":{"rendered":"<p>Die Science Factory ist die gr\u00f6\u00dfte interaktive wissenschaftliche Ausstellung f\u00fcr Kinder und Erwachsene, Familien und Schulen.<\/p>\n<p>F\u00fcr die breite \u00d6ffentlichkeit zug\u00e4nglich, ist es eine Erfahrung, die die ganze Familie vereint, um die Welt um uns herum und ihre Ph\u00e4nomene auf unterhaltsame und interaktive Weise zu entdecken.<\/p>\n<p>\u00dcber 100 interaktive Maschinen zu Themen wie MENSCHLICHER K\u00d6RPER, WASSER, MATHEMATIK, ILLUSIONEN, ELEKTRIZIT\u00c4T, TON und KR\u00c4FTE, die Jung und Alt aus erster Hand erleben k\u00f6nnen, um die wichtigen Naturgesetze zu lernen. Jeder kann versuchen zu lernen und dabei Spa\u00df zu haben.<\/p>\n<p>T\u00c4GLICH VON 10:00 BIS 18:00 GE\u00d6FFNET<\/p>\n<p>Info:<br \/>\nwww.lafabbricadellascienza.it<\/p>\n","protected":false},"excerpt":{"rendered":"<p>Die Science Factory ist die gr\u00f6\u00dfte interaktive wissenschaftliche Ausstellung f\u00fcr Kinder und Erwachsene, Familien und Schulen. F\u00fcr die breite \u00d6ffentlichkeit zug\u00e4nglich, ist es eine Erfahrung, die die ganze Familie vereint, um die Welt um uns herum und ihre Ph\u00e4nomene auf unterhaltsame und interaktive Weise zu entdecken. \u00dcber 100 interaktive Maschinen zu Themen wie MENSCHLICHER K\u00d6RPER, [&hellip;]<\/p>\n","protected":false},"author":97,"featured_media":0,"parent":296,"menu_order":2,"comment_status":"closed","ping_status":"closed","template":"","meta":{"footnotes":""},"class_list":["post-396","page","type-page","status-publish","hentry"],"yoast_head":"<!-- This site is optimized with the Yoast SEO plugin v26.9 - https:\/\/yoast.com\/product\/yoast-seo-wordpress\/ -->\n<title>La fabbrica della scienza - Aquamarina Jesolo<\/title>\n<meta name=\"robots\" content=\"index, follow, max-snippet:-1, max-image-preview:large, max-video-preview:-1\" \/>\n<link rel=\"canonical\" href=\"https:\/\/www.aquamarinajesolo.com\/de\/interessantes\/la-fabbrica-della-scienza\/\" \/>\n<meta property=\"og:locale\" content=\"de_DE\" \/>\n<meta property=\"og:type\" content=\"article\" \/>\n<meta property=\"og:title\" content=\"La fabbrica della scienza - Aquamarina Jesolo\" \/>\n<meta property=\"og:description\" content=\"Die Science Factory ist die gr\u00f6\u00dfte interaktive wissenschaftliche Ausstellung f\u00fcr Kinder und Erwachsene, Familien und Schulen. F\u00fcr die breite \u00d6ffentlichkeit zug\u00e4nglich, ist es eine Erfahrung, die die ganze Familie vereint, um die Welt um uns herum und ihre Ph\u00e4nomene auf unterhaltsame und interaktive Weise zu entdecken. \u00dcber 100 interaktive Maschinen zu Themen wie MENSCHLICHER K\u00d6RPER, [&hellip;]\" \/>\n<meta property=\"og:url\" content=\"https:\/\/www.aquamarinajesolo.com\/de\/interessantes\/la-fabbrica-della-scienza\/\" \/>\n<meta property=\"og:site_name\" content=\"Aquamarina Jesolo\" \/>\n<meta property=\"article:modified_time\" content=\"2022-05-01T09:13:20+00:00\" \/>\n<meta name=\"twitter:card\" content=\"summary_large_image\" \/>\n<meta name=\"twitter:label1\" content=\"Gesch\u00e4tzte Lesezeit\" \/>\n\t<meta name=\"twitter:data1\" content=\"1 Minute\" \/>\n<script type=\"application\/ld+json\" class=\"yoast-schema-graph\">{\"@context\":\"https:\/\/schema.org\",\"@graph\":[{\"@type\":\"WebPage\",\"@id\":\"https:\/\/www.aquamarinajesolo.com\/de\/interessantes\/la-fabbrica-della-scienza\/\",\"url\":\"https:\/\/www.aquamarinajesolo.com\/de\/interessantes\/la-fabbrica-della-scienza\/\",\"name\":\"La fabbrica della scienza - Aquamarina Jesolo\",\"isPartOf\":{\"@id\":\"https:\/\/www.aquamarinajesolo.com\/de\/#website\"},\"datePublished\":\"2020-02-27T13:46:01+00:00\",\"dateModified\":\"2022-05-01T09:13:20+00:00\",\"breadcrumb\":{\"@id\":\"https:\/\/www.aquamarinajesolo.com\/de\/interessantes\/la-fabbrica-della-scienza\/#breadcrumb\"},\"inLanguage\":\"de-DE\",\"potentialAction\":[{\"@type\":\"ReadAction\",\"target\":[\"https:\/\/www.aquamarinajesolo.com\/de\/interessantes\/la-fabbrica-della-scienza\/\"]}]},{\"@type\":\"BreadcrumbList\",\"@id\":\"https:\/\/www.aquamarinajesolo.com\/de\/interessantes\/la-fabbrica-della-scienza\/#breadcrumb\",\"itemListElement\":[{\"@type\":\"ListItem\",\"position\":1,\"name\":\"Home\",\"item\":\"https:\/\/www.aquamarinajesolo.com\/de\/\"},{\"@type\":\"ListItem\",\"position\":2,\"name\":\"Interessantes\",\"item\":\"https:\/\/www.aquamarinajesolo.com\/de\/interessantes\/\"},{\"@type\":\"ListItem\",\"position\":3,\"name\":\"La fabbrica della scienza\"}]},{\"@type\":\"WebSite\",\"@id\":\"https:\/\/www.aquamarinajesolo.com\/de\/#website\",\"url\":\"https:\/\/www.aquamarinajesolo.com\/de\/\",\"name\":\"Aquamarina Jesolo\",\"description\":\"Ecco un altro sito ms.decms.eu\",\"potentialAction\":[{\"@type\":\"SearchAction\",\"target\":{\"@type\":\"EntryPoint\",\"urlTemplate\":\"https:\/\/www.aquamarinajesolo.com\/de\/?s={search_term_string}\"},\"query-input\":{\"@type\":\"PropertyValueSpecification\",\"valueRequired\":true,\"valueName\":\"search_term_string\"}}],\"inLanguage\":\"de-DE\"}]}<\/script>\n<!-- \/ Yoast SEO plugin. -->","yoast_head_json":{"title":"La fabbrica della scienza - Aquamarina Jesolo","robots":{"index":"index","follow":"follow","max-snippet":"max-snippet:-1","max-image-preview":"max-image-preview:large","max-video-preview":"max-video-preview:-1"},"canonical":"https:\/\/www.aquamarinajesolo.com\/de\/interessantes\/la-fabbrica-della-scienza\/","og_locale":"de_DE","og_type":"article","og_title":"La fabbrica della scienza - Aquamarina Jesolo","og_description":"Die Science Factory ist die gr\u00f6\u00dfte interaktive wissenschaftliche Ausstellung f\u00fcr Kinder und Erwachsene, Familien und Schulen. F\u00fcr die breite \u00d6ffentlichkeit zug\u00e4nglich, ist es eine Erfahrung, die die ganze Familie vereint, um die Welt um uns herum und ihre Ph\u00e4nomene auf unterhaltsame und interaktive Weise zu entdecken. \u00dcber 100 interaktive Maschinen zu Themen wie MENSCHLICHER K\u00d6RPER, [&hellip;]","og_url":"https:\/\/www.aquamarinajesolo.com\/de\/interessantes\/la-fabbrica-della-scienza\/","og_site_name":"Aquamarina Jesolo","article_modified_time":"2022-05-01T09:13:20+00:00","twitter_card":"summary_large_image","twitter_misc":{"Gesch\u00e4tzte Lesezeit":"1 Minute"},"schema":{"@context":"https:\/\/schema.org","@graph":[{"@type":"WebPage","@id":"https:\/\/www.aquamarinajesolo.com\/de\/interessantes\/la-fabbrica-della-scienza\/","url":"https:\/\/www.aquamarinajesolo.com\/de\/interessantes\/la-fabbrica-della-scienza\/","name":"La fabbrica della scienza - Aquamarina Jesolo","isPartOf":{"@id":"https:\/\/www.aquamarinajesolo.com\/de\/#website"},"datePublished":"2020-02-27T13:46:01+00:00","dateModified":"2022-05-01T09:13:20+00:00","breadcrumb":{"@id":"https:\/\/www.aquamarinajesolo.com\/de\/interessantes\/la-fabbrica-della-scienza\/#breadcrumb"},"inLanguage":"de-DE","potentialAction":[{"@type":"ReadAction","target":["https:\/\/www.aquamarinajesolo.com\/de\/interessantes\/la-fabbrica-della-scienza\/"]}]},{"@type":"BreadcrumbList","@id":"https:\/\/www.aquamarinajesolo.com\/de\/interessantes\/la-fabbrica-della-scienza\/#breadcrumb","itemListElement":[{"@type":"ListItem","position":1,"name":"Home","item":"https:\/\/www.aquamarinajesolo.com\/de\/"},{"@type":"ListItem","position":2,"name":"Interessantes","item":"https:\/\/www.aquamarinajesolo.com\/de\/interessantes\/"},{"@type":"ListItem","position":3,"name":"La fabbrica della scienza"}]},{"@type":"WebSite","@id":"https:\/\/www.aquamarinajesolo.com\/de\/#website","url":"https:\/\/www.aquamarinajesolo.com\/de\/","name":"Aquamarina Jesolo","description":"Ecco un altro sito ms.decms.eu","potentialAction":[{"@type":"SearchAction","target":{"@type":"EntryPoint","urlTemplate":"https:\/\/www.aquamarinajesolo.com\/de\/?s={search_term_string}"},"query-input":{"@type":"PropertyValueSpecification","valueRequired":true,"valueName":"search_term_string"}}],"inLanguage":"de-DE"}]}},"acf":[],"_links":{"self":[{"href":"https:\/\/www.aquamarinajesolo.com\/de\/wp-json\/wp\/v2\/pages\/396","targetHints":{"allow":["GET"]}}],"collection":[{"href":"https:\/\/www.aquamarinajesolo.com\/de\/wp-json\/wp\/v2\/pages"}],"about":[{"href":"https:\/\/www.aquamarinajesolo.com\/de\/wp-json\/wp\/v2\/types\/page"}],"author":[{"embeddable":true,"href":"https:\/\/www.aquamarinajesolo.com\/de\/wp-json\/wp\/v2\/users\/97"}],"replies":[{"embeddable":true,"href":"https:\/\/www.aquamarinajesolo.com\/de\/wp-json\/wp\/v2\/comments?post=396"}],"version-history":[{"count":0,"href":"https:\/\/www.aquamarinajesolo.com\/de\/wp-json\/wp\/v2\/pages\/396\/revisions"}],"up":[{"embeddable":true,"href":"https:\/\/www.aquamarinajesolo.com\/de\/wp-json\/wp\/v2\/pages\/296"}],"wp:attachment":[{"href":"https:\/\/www.aquamarinajesolo.com\/de\/wp-json\/wp\/v2\/media?parent=396"}],"curies":[{"name":"wp","href":"https:\/\/api.w.org\/{rel}","templated":true}]}}