{"id":476,"date":"2021-06-20T12:12:15","date_gmt":"2021-06-20T10:12:15","guid":{"rendered":"https:\/\/www.aquamarinajesolo.com\/?page_id=476"},"modified":"2023-05-29T09:30:43","modified_gmt":"2023-05-29T07:30:43","slug":"caribe-bay","status":"publish","type":"page","link":"https:\/\/www.aquamarinajesolo.com\/de\/interessantes\/caribe-bay\/","title":{"rendered":"Caribe Bay"},"content":{"rendered":"<p>Wei\u00dfer Sand, Cocktails unter Palmen, spannende<br \/>\nAttraktionen und Spa\u00df f\u00fcr die ganze Familie.<br \/>\nNein, das ist kein Traum. Sie sind im Caribe Bay, Italiens meistausgezeichneten Wasserthemenpark!<\/p>\n<p>F\u00fcr Infos und Tickets ab 27.05.2023 ge\u00f6ffnet:<\/p>\n<p>https:\/\/biglietteria.caribebay.it<br \/>\nhttps:\/\/www.caribebay.it <\/p>\n","protected":false},"excerpt":{"rendered":"<p>Wei\u00dfer Sand, Cocktails unter Palmen, spannende Attraktionen und Spa\u00df f\u00fcr die ganze Familie. Nein, das ist kein Traum. Sie sind im Caribe Bay, Italiens meistausgezeichneten Wasserthemenpark! F\u00fcr Infos und Tickets ab 27.05.2023 ge\u00f6ffnet: https:\/\/biglietteria.caribebay.it https:\/\/www.caribebay.it<\/p>\n","protected":false},"author":97,"featured_media":669,"parent":296,"menu_order":1,"comment_status":"closed","ping_status":"closed","template":"","meta":{"footnotes":""},"class_list":["post-476","page","type-page","status-publish","has-post-thumbnail","hentry"],"yoast_head":"<!-- This site is optimized with the Yoast SEO plugin v26.9 - https:\/\/yoast.com\/product\/yoast-seo-wordpress\/ -->\n<title>Caribe Bay - Aquamarina Jesolo<\/title>\n<meta name=\"robots\" content=\"index, follow, max-snippet:-1, max-image-preview:large, max-video-preview:-1\" \/>\n<link rel=\"canonical\" href=\"https:\/\/www.aquamarinajesolo.com\/de\/interessantes\/caribe-bay\/\" \/>\n<meta property=\"og:locale\" content=\"de_DE\" \/>\n<meta property=\"og:type\" content=\"article\" \/>\n<meta property=\"og:title\" content=\"Caribe Bay - Aquamarina Jesolo\" \/>\n<meta property=\"og:description\" content=\"Wei\u00dfer Sand, Cocktails unter Palmen, spannende Attraktionen und Spa\u00df f\u00fcr die ganze Familie. Nein, das ist kein Traum. Sie sind im Caribe Bay, Italiens meistausgezeichneten Wasserthemenpark! F\u00fcr Infos und Tickets ab 27.05.2023 ge\u00f6ffnet: https:\/\/biglietteria.caribebay.it https:\/\/www.caribebay.it\" \/>\n<meta property=\"og:url\" content=\"https:\/\/www.aquamarinajesolo.com\/de\/interessantes\/caribe-bay\/\" \/>\n<meta property=\"og:site_name\" content=\"Aquamarina Jesolo\" \/>\n<meta property=\"article:modified_time\" content=\"2023-05-29T07:30:43+00:00\" \/>\n<meta property=\"og:image\" content=\"https:\/\/www.aquamarinajesolo.com\/wp-content\/uploads\/sites\/107\/2023\/05\/Ft0h23oWwAETiX7-1-1024x513.jpeg\" \/>\n\t<meta property=\"og:image:width\" content=\"1024\" \/>\n\t<meta property=\"og:image:height\" content=\"513\" \/>\n\t<meta property=\"og:image:type\" content=\"image\/jpeg\" \/>\n<meta name=\"twitter:card\" content=\"summary_large_image\" \/>\n<meta name=\"twitter:label1\" content=\"Gesch\u00e4tzte Lesezeit\" \/>\n\t<meta name=\"twitter:data1\" content=\"1 Minute\" \/>\n<script type=\"application\/ld+json\" class=\"yoast-schema-graph\">{\"@context\":\"https:\/\/schema.org\",\"@graph\":[{\"@type\":\"WebPage\",\"@id\":\"https:\/\/www.aquamarinajesolo.com\/de\/interessantes\/caribe-bay\/\",\"url\":\"https:\/\/www.aquamarinajesolo.com\/de\/interessantes\/caribe-bay\/\",\"name\":\"Caribe Bay - Aquamarina Jesolo\",\"isPartOf\":{\"@id\":\"https:\/\/www.aquamarinajesolo.com\/de\/#website\"},\"primaryImageOfPage\":{\"@id\":\"https:\/\/www.aquamarinajesolo.com\/de\/interessantes\/caribe-bay\/#primaryimage\"},\"image\":{\"@id\":\"https:\/\/www.aquamarinajesolo.com\/de\/interessantes\/caribe-bay\/#primaryimage\"},\"thumbnailUrl\":\"https:\/\/www.aquamarinajesolo.com\/wp-content\/uploads\/sites\/107\/2023\/05\/Ft0h23oWwAETiX7-1.jpeg\",\"datePublished\":\"2021-06-20T10:12:15+00:00\",\"dateModified\":\"2023-05-29T07:30:43+00:00\",\"breadcrumb\":{\"@id\":\"https:\/\/www.aquamarinajesolo.com\/de\/interessantes\/caribe-bay\/#breadcrumb\"},\"inLanguage\":\"de-DE\",\"potentialAction\":[{\"@type\":\"ReadAction\",\"target\":[\"https:\/\/www.aquamarinajesolo.com\/de\/interessantes\/caribe-bay\/\"]}]},{\"@type\":\"ImageObject\",\"inLanguage\":\"de-DE\",\"@id\":\"https:\/\/www.aquamarinajesolo.com\/de\/interessantes\/caribe-bay\/#primaryimage\",\"url\":\"https:\/\/www.aquamarinajesolo.com\/wp-content\/uploads\/sites\/107\/2023\/05\/Ft0h23oWwAETiX7-1.jpeg\",\"contentUrl\":\"https:\/\/www.aquamarinajesolo.com\/wp-content\/uploads\/sites\/107\/2023\/05\/Ft0h23oWwAETiX7-1.jpeg\",\"width\":1423,\"height\":713},{\"@type\":\"BreadcrumbList\",\"@id\":\"https:\/\/www.aquamarinajesolo.com\/de\/interessantes\/caribe-bay\/#breadcrumb\",\"itemListElement\":[{\"@type\":\"ListItem\",\"position\":1,\"name\":\"Home\",\"item\":\"https:\/\/www.aquamarinajesolo.com\/de\/\"},{\"@type\":\"ListItem\",\"position\":2,\"name\":\"Interessantes\",\"item\":\"https:\/\/www.aquamarinajesolo.com\/de\/interessantes\/\"},{\"@type\":\"ListItem\",\"position\":3,\"name\":\"Caribe Bay\"}]},{\"@type\":\"WebSite\",\"@id\":\"https:\/\/www.aquamarinajesolo.com\/de\/#website\",\"url\":\"https:\/\/www.aquamarinajesolo.com\/de\/\",\"name\":\"Aquamarina Jesolo\",\"description\":\"Ecco un altro sito ms.decms.eu\",\"potentialAction\":[{\"@type\":\"SearchAction\",\"target\":{\"@type\":\"EntryPoint\",\"urlTemplate\":\"https:\/\/www.aquamarinajesolo.com\/de\/?s={search_term_string}\"},\"query-input\":{\"@type\":\"PropertyValueSpecification\",\"valueRequired\":true,\"valueName\":\"search_term_string\"}}],\"inLanguage\":\"de-DE\"}]}<\/script>\n<!-- \/ Yoast SEO plugin. -->","yoast_head_json":{"title":"Caribe Bay - Aquamarina Jesolo","robots":{"index":"index","follow":"follow","max-snippet":"max-snippet:-1","max-image-preview":"max-image-preview:large","max-video-preview":"max-video-preview:-1"},"canonical":"https:\/\/www.aquamarinajesolo.com\/de\/interessantes\/caribe-bay\/","og_locale":"de_DE","og_type":"article","og_title":"Caribe Bay - Aquamarina Jesolo","og_description":"Wei\u00dfer Sand, Cocktails unter Palmen, spannende Attraktionen und Spa\u00df f\u00fcr die ganze Familie. Nein, das ist kein Traum. Sie sind im Caribe Bay, Italiens meistausgezeichneten Wasserthemenpark! F\u00fcr Infos und Tickets ab 27.05.2023 ge\u00f6ffnet: https:\/\/biglietteria.caribebay.it https:\/\/www.caribebay.it","og_url":"https:\/\/www.aquamarinajesolo.com\/de\/interessantes\/caribe-bay\/","og_site_name":"Aquamarina Jesolo","article_modified_time":"2023-05-29T07:30:43+00:00","og_image":[{"width":1024,"height":513,"url":"https:\/\/www.aquamarinajesolo.com\/wp-content\/uploads\/sites\/107\/2023\/05\/Ft0h23oWwAETiX7-1-1024x513.jpeg","type":"image\/jpeg"}],"twitter_card":"summary_large_image","twitter_misc":{"Gesch\u00e4tzte Lesezeit":"1 Minute"},"schema":{"@context":"https:\/\/schema.org","@graph":[{"@type":"WebPage","@id":"https:\/\/www.aquamarinajesolo.com\/de\/interessantes\/caribe-bay\/","url":"https:\/\/www.aquamarinajesolo.com\/de\/interessantes\/caribe-bay\/","name":"Caribe Bay - Aquamarina Jesolo","isPartOf":{"@id":"https:\/\/www.aquamarinajesolo.com\/de\/#website"},"primaryImageOfPage":{"@id":"https:\/\/www.aquamarinajesolo.com\/de\/interessantes\/caribe-bay\/#primaryimage"},"image":{"@id":"https:\/\/www.aquamarinajesolo.com\/de\/interessantes\/caribe-bay\/#primaryimage"},"thumbnailUrl":"https:\/\/www.aquamarinajesolo.com\/wp-content\/uploads\/sites\/107\/2023\/05\/Ft0h23oWwAETiX7-1.jpeg","datePublished":"2021-06-20T10:12:15+00:00","dateModified":"2023-05-29T07:30:43+00:00","breadcrumb":{"@id":"https:\/\/www.aquamarinajesolo.com\/de\/interessantes\/caribe-bay\/#breadcrumb"},"inLanguage":"de-DE","potentialAction":[{"@type":"ReadAction","target":["https:\/\/www.aquamarinajesolo.com\/de\/interessantes\/caribe-bay\/"]}]},{"@type":"ImageObject","inLanguage":"de-DE","@id":"https:\/\/www.aquamarinajesolo.com\/de\/interessantes\/caribe-bay\/#primaryimage","url":"https:\/\/www.aquamarinajesolo.com\/wp-content\/uploads\/sites\/107\/2023\/05\/Ft0h23oWwAETiX7-1.jpeg","contentUrl":"https:\/\/www.aquamarinajesolo.com\/wp-content\/uploads\/sites\/107\/2023\/05\/Ft0h23oWwAETiX7-1.jpeg","width":1423,"height":713},{"@type":"BreadcrumbList","@id":"https:\/\/www.aquamarinajesolo.com\/de\/interessantes\/caribe-bay\/#breadcrumb","itemListElement":[{"@type":"ListItem","position":1,"name":"Home","item":"https:\/\/www.aquamarinajesolo.com\/de\/"},{"@type":"ListItem","position":2,"name":"Interessantes","item":"https:\/\/www.aquamarinajesolo.com\/de\/interessantes\/"},{"@type":"ListItem","position":3,"name":"Caribe Bay"}]},{"@type":"WebSite","@id":"https:\/\/www.aquamarinajesolo.com\/de\/#website","url":"https:\/\/www.aquamarinajesolo.com\/de\/","name":"Aquamarina Jesolo","description":"Ecco un altro sito ms.decms.eu","potentialAction":[{"@type":"SearchAction","target":{"@type":"EntryPoint","urlTemplate":"https:\/\/www.aquamarinajesolo.com\/de\/?s={search_term_string}"},"query-input":{"@type":"PropertyValueSpecification","valueRequired":true,"valueName":"search_term_string"}}],"inLanguage":"de-DE"}]}},"acf":[],"_links":{"self":[{"href":"https:\/\/www.aquamarinajesolo.com\/de\/wp-json\/wp\/v2\/pages\/476","targetHints":{"allow":["GET"]}}],"collection":[{"href":"https:\/\/www.aquamarinajesolo.com\/de\/wp-json\/wp\/v2\/pages"}],"about":[{"href":"https:\/\/www.aquamarinajesolo.com\/de\/wp-json\/wp\/v2\/types\/page"}],"author":[{"embeddable":true,"href":"https:\/\/www.aquamarinajesolo.com\/de\/wp-json\/wp\/v2\/users\/97"}],"replies":[{"embeddable":true,"href":"https:\/\/www.aquamarinajesolo.com\/de\/wp-json\/wp\/v2\/comments?post=476"}],"version-history":[{"count":0,"href":"https:\/\/www.aquamarinajesolo.com\/de\/wp-json\/wp\/v2\/pages\/476\/revisions"}],"up":[{"embeddable":true,"href":"https:\/\/www.aquamarinajesolo.com\/de\/wp-json\/wp\/v2\/pages\/296"}],"wp:featuredmedia":[{"embeddable":true,"href":"https:\/\/www.aquamarinajesolo.com\/de\/wp-json\/wp\/v2\/media\/669"}],"wp:attachment":[{"href":"https:\/\/www.aquamarinajesolo.com\/de\/wp-json\/wp\/v2\/media?parent=476"}],"curies":[{"name":"wp","href":"https:\/\/api.w.org\/{rel}","templated":true}]}}