{"id":522,"date":"2022-04-30T17:14:41","date_gmt":"2022-04-30T15:14:41","guid":{"rendered":"https:\/\/www.aquamarinajesolo.com\/?page_id=522"},"modified":"2023-05-29T09:40:04","modified_gmt":"2023-05-29T07:40:04","slug":"tropicarium-park","status":"publish","type":"page","link":"https:\/\/www.aquamarinajesolo.com\/de\/interessantes\/tropicarium-park\/","title":{"rendered":"Tropicarium Park"},"content":{"rendered":"<p>Der Tropicarium Park bietet seinen Besuchern viele didaktisch-wissenschaftliche Hilfsmittel zum Entdecken von Tieren am Wegesrand.<br \/>\nIm Tropicarium-Bereich des Parks gibt es Schildkr\u00f6ten, Geckos, Amphibien, Leguane, Magellan-Pinguine, Schmetterlinge, Schlangen und Echsen!<br \/>\nIn der Aquarienabteilung gibt es Fische aus aller Welt! Einige sind sehr farbenfroh, w\u00e4hrend andere f\u00fcr Menschen gef\u00e4hrlich sind.<br \/>\nIn der Raubtierabteilung k\u00f6nnen Sie gro\u00dfe Raubtiere wie Haie und Krokodile aus n\u00e4chster N\u00e4he beobachten!<\/p>\n<p>T\u00c4GLICH VON 10:00 BIS 18:00 GE\u00d6FFNET<\/p>\n<p>info: www.tropicarium.it<br \/>\nTropicarium Park | Jesolo Lido PalaInvent Piazza Brescia Jesolo (Venezia) | exponaturaitalia@gmail.com<\/p>\n","protected":false},"excerpt":{"rendered":"<p>Der Tropicarium Park bietet seinen Besuchern viele didaktisch-wissenschaftliche Hilfsmittel zum Entdecken von Tieren am Wegesrand. Im Tropicarium-Bereich des Parks gibt es Schildkr\u00f6ten, Geckos, Amphibien, Leguane, Magellan-Pinguine, Schmetterlinge, Schlangen und Echsen! In der Aquarienabteilung gibt es Fische aus aller Welt! Einige sind sehr farbenfroh, w\u00e4hrend andere f\u00fcr Menschen gef\u00e4hrlich sind. In der Raubtierabteilung k\u00f6nnen Sie gro\u00dfe [&hellip;]<\/p>\n","protected":false},"author":97,"featured_media":421,"parent":296,"menu_order":3,"comment_status":"closed","ping_status":"closed","template":"","meta":{"footnotes":""},"class_list":["post-522","page","type-page","status-publish","has-post-thumbnail","hentry"],"yoast_head":"<!-- This site is optimized with the Yoast SEO plugin v26.9 - https:\/\/yoast.com\/product\/yoast-seo-wordpress\/ -->\n<title>Tropicarium Park - Aquamarina Jesolo<\/title>\n<meta name=\"robots\" content=\"index, follow, max-snippet:-1, max-image-preview:large, max-video-preview:-1\" \/>\n<link rel=\"canonical\" href=\"https:\/\/www.aquamarinajesolo.com\/de\/interessantes\/tropicarium-park\/\" \/>\n<meta property=\"og:locale\" content=\"de_DE\" \/>\n<meta property=\"og:type\" content=\"article\" \/>\n<meta property=\"og:title\" content=\"Tropicarium Park - Aquamarina Jesolo\" \/>\n<meta property=\"og:description\" content=\"Der Tropicarium Park bietet seinen Besuchern viele didaktisch-wissenschaftliche Hilfsmittel zum Entdecken von Tieren am Wegesrand. Im Tropicarium-Bereich des Parks gibt es Schildkr\u00f6ten, Geckos, Amphibien, Leguane, Magellan-Pinguine, Schmetterlinge, Schlangen und Echsen! In der Aquarienabteilung gibt es Fische aus aller Welt! Einige sind sehr farbenfroh, w\u00e4hrend andere f\u00fcr Menschen gef\u00e4hrlich sind. In der Raubtierabteilung k\u00f6nnen Sie gro\u00dfe [&hellip;]\" \/>\n<meta property=\"og:url\" content=\"https:\/\/www.aquamarinajesolo.com\/de\/interessantes\/tropicarium-park\/\" \/>\n<meta property=\"og:site_name\" content=\"Aquamarina Jesolo\" \/>\n<meta property=\"article:modified_time\" content=\"2023-05-29T07:40:04+00:00\" \/>\n<meta property=\"og:image\" content=\"https:\/\/www.aquamarinajesolo.com\/wp-content\/uploads\/sites\/107\/2020\/07\/tropicarium-park.jpg\" \/>\n\t<meta property=\"og:image:width\" content=\"1200\" \/>\n\t<meta property=\"og:image:height\" content=\"700\" \/>\n\t<meta property=\"og:image:type\" content=\"image\/jpeg\" \/>\n<meta name=\"twitter:card\" content=\"summary_large_image\" \/>\n<meta name=\"twitter:label1\" content=\"Gesch\u00e4tzte Lesezeit\" \/>\n\t<meta name=\"twitter:data1\" content=\"1 Minute\" \/>\n<script type=\"application\/ld+json\" class=\"yoast-schema-graph\">{\"@context\":\"https:\/\/schema.org\",\"@graph\":[{\"@type\":\"WebPage\",\"@id\":\"https:\/\/www.aquamarinajesolo.com\/de\/interessantes\/tropicarium-park\/\",\"url\":\"https:\/\/www.aquamarinajesolo.com\/de\/interessantes\/tropicarium-park\/\",\"name\":\"Tropicarium Park - Aquamarina Jesolo\",\"isPartOf\":{\"@id\":\"https:\/\/www.aquamarinajesolo.com\/de\/#website\"},\"primaryImageOfPage\":{\"@id\":\"https:\/\/www.aquamarinajesolo.com\/de\/interessantes\/tropicarium-park\/#primaryimage\"},\"image\":{\"@id\":\"https:\/\/www.aquamarinajesolo.com\/de\/interessantes\/tropicarium-park\/#primaryimage\"},\"thumbnailUrl\":\"https:\/\/www.aquamarinajesolo.com\/wp-content\/uploads\/sites\/107\/2020\/07\/tropicarium-park.jpg\",\"datePublished\":\"2022-04-30T15:14:41+00:00\",\"dateModified\":\"2023-05-29T07:40:04+00:00\",\"breadcrumb\":{\"@id\":\"https:\/\/www.aquamarinajesolo.com\/de\/interessantes\/tropicarium-park\/#breadcrumb\"},\"inLanguage\":\"de-DE\",\"potentialAction\":[{\"@type\":\"ReadAction\",\"target\":[\"https:\/\/www.aquamarinajesolo.com\/de\/interessantes\/tropicarium-park\/\"]}]},{\"@type\":\"ImageObject\",\"inLanguage\":\"de-DE\",\"@id\":\"https:\/\/www.aquamarinajesolo.com\/de\/interessantes\/tropicarium-park\/#primaryimage\",\"url\":\"https:\/\/www.aquamarinajesolo.com\/wp-content\/uploads\/sites\/107\/2020\/07\/tropicarium-park.jpg\",\"contentUrl\":\"https:\/\/www.aquamarinajesolo.com\/wp-content\/uploads\/sites\/107\/2020\/07\/tropicarium-park.jpg\",\"width\":1200,\"height\":700},{\"@type\":\"BreadcrumbList\",\"@id\":\"https:\/\/www.aquamarinajesolo.com\/de\/interessantes\/tropicarium-park\/#breadcrumb\",\"itemListElement\":[{\"@type\":\"ListItem\",\"position\":1,\"name\":\"Home\",\"item\":\"https:\/\/www.aquamarinajesolo.com\/de\/\"},{\"@type\":\"ListItem\",\"position\":2,\"name\":\"Interessantes\",\"item\":\"https:\/\/www.aquamarinajesolo.com\/de\/interessantes\/\"},{\"@type\":\"ListItem\",\"position\":3,\"name\":\"Tropicarium Park\"}]},{\"@type\":\"WebSite\",\"@id\":\"https:\/\/www.aquamarinajesolo.com\/de\/#website\",\"url\":\"https:\/\/www.aquamarinajesolo.com\/de\/\",\"name\":\"Aquamarina Jesolo\",\"description\":\"Ecco un altro sito ms.decms.eu\",\"potentialAction\":[{\"@type\":\"SearchAction\",\"target\":{\"@type\":\"EntryPoint\",\"urlTemplate\":\"https:\/\/www.aquamarinajesolo.com\/de\/?s={search_term_string}\"},\"query-input\":{\"@type\":\"PropertyValueSpecification\",\"valueRequired\":true,\"valueName\":\"search_term_string\"}}],\"inLanguage\":\"de-DE\"}]}<\/script>\n<!-- \/ Yoast SEO plugin. -->","yoast_head_json":{"title":"Tropicarium Park - Aquamarina Jesolo","robots":{"index":"index","follow":"follow","max-snippet":"max-snippet:-1","max-image-preview":"max-image-preview:large","max-video-preview":"max-video-preview:-1"},"canonical":"https:\/\/www.aquamarinajesolo.com\/de\/interessantes\/tropicarium-park\/","og_locale":"de_DE","og_type":"article","og_title":"Tropicarium Park - Aquamarina Jesolo","og_description":"Der Tropicarium Park bietet seinen Besuchern viele didaktisch-wissenschaftliche Hilfsmittel zum Entdecken von Tieren am Wegesrand. Im Tropicarium-Bereich des Parks gibt es Schildkr\u00f6ten, Geckos, Amphibien, Leguane, Magellan-Pinguine, Schmetterlinge, Schlangen und Echsen! In der Aquarienabteilung gibt es Fische aus aller Welt! Einige sind sehr farbenfroh, w\u00e4hrend andere f\u00fcr Menschen gef\u00e4hrlich sind. In der Raubtierabteilung k\u00f6nnen Sie gro\u00dfe [&hellip;]","og_url":"https:\/\/www.aquamarinajesolo.com\/de\/interessantes\/tropicarium-park\/","og_site_name":"Aquamarina Jesolo","article_modified_time":"2023-05-29T07:40:04+00:00","og_image":[{"width":1200,"height":700,"url":"https:\/\/www.aquamarinajesolo.com\/wp-content\/uploads\/sites\/107\/2020\/07\/tropicarium-park.jpg","type":"image\/jpeg"}],"twitter_card":"summary_large_image","twitter_misc":{"Gesch\u00e4tzte Lesezeit":"1 Minute"},"schema":{"@context":"https:\/\/schema.org","@graph":[{"@type":"WebPage","@id":"https:\/\/www.aquamarinajesolo.com\/de\/interessantes\/tropicarium-park\/","url":"https:\/\/www.aquamarinajesolo.com\/de\/interessantes\/tropicarium-park\/","name":"Tropicarium Park - Aquamarina Jesolo","isPartOf":{"@id":"https:\/\/www.aquamarinajesolo.com\/de\/#website"},"primaryImageOfPage":{"@id":"https:\/\/www.aquamarinajesolo.com\/de\/interessantes\/tropicarium-park\/#primaryimage"},"image":{"@id":"https:\/\/www.aquamarinajesolo.com\/de\/interessantes\/tropicarium-park\/#primaryimage"},"thumbnailUrl":"https:\/\/www.aquamarinajesolo.com\/wp-content\/uploads\/sites\/107\/2020\/07\/tropicarium-park.jpg","datePublished":"2022-04-30T15:14:41+00:00","dateModified":"2023-05-29T07:40:04+00:00","breadcrumb":{"@id":"https:\/\/www.aquamarinajesolo.com\/de\/interessantes\/tropicarium-park\/#breadcrumb"},"inLanguage":"de-DE","potentialAction":[{"@type":"ReadAction","target":["https:\/\/www.aquamarinajesolo.com\/de\/interessantes\/tropicarium-park\/"]}]},{"@type":"ImageObject","inLanguage":"de-DE","@id":"https:\/\/www.aquamarinajesolo.com\/de\/interessantes\/tropicarium-park\/#primaryimage","url":"https:\/\/www.aquamarinajesolo.com\/wp-content\/uploads\/sites\/107\/2020\/07\/tropicarium-park.jpg","contentUrl":"https:\/\/www.aquamarinajesolo.com\/wp-content\/uploads\/sites\/107\/2020\/07\/tropicarium-park.jpg","width":1200,"height":700},{"@type":"BreadcrumbList","@id":"https:\/\/www.aquamarinajesolo.com\/de\/interessantes\/tropicarium-park\/#breadcrumb","itemListElement":[{"@type":"ListItem","position":1,"name":"Home","item":"https:\/\/www.aquamarinajesolo.com\/de\/"},{"@type":"ListItem","position":2,"name":"Interessantes","item":"https:\/\/www.aquamarinajesolo.com\/de\/interessantes\/"},{"@type":"ListItem","position":3,"name":"Tropicarium Park"}]},{"@type":"WebSite","@id":"https:\/\/www.aquamarinajesolo.com\/de\/#website","url":"https:\/\/www.aquamarinajesolo.com\/de\/","name":"Aquamarina Jesolo","description":"Ecco un altro sito ms.decms.eu","potentialAction":[{"@type":"SearchAction","target":{"@type":"EntryPoint","urlTemplate":"https:\/\/www.aquamarinajesolo.com\/de\/?s={search_term_string}"},"query-input":{"@type":"PropertyValueSpecification","valueRequired":true,"valueName":"search_term_string"}}],"inLanguage":"de-DE"}]}},"acf":[],"_links":{"self":[{"href":"https:\/\/www.aquamarinajesolo.com\/de\/wp-json\/wp\/v2\/pages\/522","targetHints":{"allow":["GET"]}}],"collection":[{"href":"https:\/\/www.aquamarinajesolo.com\/de\/wp-json\/wp\/v2\/pages"}],"about":[{"href":"https:\/\/www.aquamarinajesolo.com\/de\/wp-json\/wp\/v2\/types\/page"}],"author":[{"embeddable":true,"href":"https:\/\/www.aquamarinajesolo.com\/de\/wp-json\/wp\/v2\/users\/97"}],"replies":[{"embeddable":true,"href":"https:\/\/www.aquamarinajesolo.com\/de\/wp-json\/wp\/v2\/comments?post=522"}],"version-history":[{"count":0,"href":"https:\/\/www.aquamarinajesolo.com\/de\/wp-json\/wp\/v2\/pages\/522\/revisions"}],"up":[{"embeddable":true,"href":"https:\/\/www.aquamarinajesolo.com\/de\/wp-json\/wp\/v2\/pages\/296"}],"wp:featuredmedia":[{"embeddable":true,"href":"https:\/\/www.aquamarinajesolo.com\/de\/wp-json\/wp\/v2\/media\/421"}],"wp:attachment":[{"href":"https:\/\/www.aquamarinajesolo.com\/de\/wp-json\/wp\/v2\/media?parent=522"}],"curies":[{"name":"wp","href":"https:\/\/api.w.org\/{rel}","templated":true}]}}