{"id":524,"date":"2022-05-01T11:16:46","date_gmt":"2022-05-01T09:16:46","guid":{"rendered":"https:\/\/www.aquamarinajesolo.com\/?page_id=524"},"modified":"2022-05-01T11:16:46","modified_gmt":"2022-05-01T09:16:46","slug":"new-jesolandia","status":"publish","type":"page","link":"https:\/\/www.aquamarinajesolo.com\/de\/interessantes\/new-jesolandia\/","title":{"rendered":"NEW JESOLANDIA"},"content":{"rendered":"<p>Newjesolandia ist der Vergn\u00fcgungspark von Jesolo. Entwickelt auf einer Fl\u00e4che von 20.000 Quadratmetern am Stadtrand von Lido di Jesolo, bietet es Attraktionen und Unterhaltung f\u00fcr Erwachsene und Kinder mit Aufmerksamkeit f\u00fcr Familien. Ein neuer Bereich, der Ihnen maximalen Spa\u00df f\u00fcr angenehme Abende mit Ihrer Familie bietet.<\/p>\n<p>Der Park ist jeden Abend von 20:00 Uhr bis sp\u00e4t in die Nacht ge\u00f6ffnet und bietet einen Komplex von 35 Attraktionen, gut sortierte Konditoreist\u00e4nde, Abende mit Unterhaltung und Sonderveranstaltungen.<\/p>\n","protected":false},"excerpt":{"rendered":"<p>Newjesolandia ist der Vergn\u00fcgungspark von Jesolo. Entwickelt auf einer Fl\u00e4che von 20.000 Quadratmetern am Stadtrand von Lido di Jesolo, bietet es Attraktionen und Unterhaltung f\u00fcr Erwachsene und Kinder mit Aufmerksamkeit f\u00fcr Familien. Ein neuer Bereich, der Ihnen maximalen Spa\u00df f\u00fcr angenehme Abende mit Ihrer Familie bietet. Der Park ist jeden Abend von 20:00 Uhr bis [&hellip;]<\/p>\n","protected":false},"author":97,"featured_media":0,"parent":296,"menu_order":4,"comment_status":"closed","ping_status":"closed","template":"","meta":{"footnotes":""},"class_list":["post-524","page","type-page","status-publish","hentry"],"yoast_head":"<!-- This site is optimized with the Yoast SEO plugin v26.9 - https:\/\/yoast.com\/product\/yoast-seo-wordpress\/ -->\n<title>NEW JESOLANDIA - Aquamarina Jesolo<\/title>\n<meta name=\"robots\" content=\"index, follow, max-snippet:-1, max-image-preview:large, max-video-preview:-1\" \/>\n<link rel=\"canonical\" href=\"https:\/\/www.aquamarinajesolo.com\/de\/interessantes\/new-jesolandia\/\" \/>\n<meta property=\"og:locale\" content=\"de_DE\" \/>\n<meta property=\"og:type\" content=\"article\" \/>\n<meta property=\"og:title\" content=\"NEW JESOLANDIA - Aquamarina Jesolo\" \/>\n<meta property=\"og:description\" content=\"Newjesolandia ist der Vergn\u00fcgungspark von Jesolo. Entwickelt auf einer Fl\u00e4che von 20.000 Quadratmetern am Stadtrand von Lido di Jesolo, bietet es Attraktionen und Unterhaltung f\u00fcr Erwachsene und Kinder mit Aufmerksamkeit f\u00fcr Familien. Ein neuer Bereich, der Ihnen maximalen Spa\u00df f\u00fcr angenehme Abende mit Ihrer Familie bietet. Der Park ist jeden Abend von 20:00 Uhr bis [&hellip;]\" \/>\n<meta property=\"og:url\" content=\"https:\/\/www.aquamarinajesolo.com\/de\/interessantes\/new-jesolandia\/\" \/>\n<meta property=\"og:site_name\" content=\"Aquamarina Jesolo\" \/>\n<meta name=\"twitter:card\" content=\"summary_large_image\" \/>\n<script type=\"application\/ld+json\" class=\"yoast-schema-graph\">{\"@context\":\"https:\/\/schema.org\",\"@graph\":[{\"@type\":\"WebPage\",\"@id\":\"https:\/\/www.aquamarinajesolo.com\/de\/interessantes\/new-jesolandia\/\",\"url\":\"https:\/\/www.aquamarinajesolo.com\/de\/interessantes\/new-jesolandia\/\",\"name\":\"NEW JESOLANDIA - Aquamarina Jesolo\",\"isPartOf\":{\"@id\":\"https:\/\/www.aquamarinajesolo.com\/de\/#website\"},\"datePublished\":\"2022-05-01T09:16:46+00:00\",\"breadcrumb\":{\"@id\":\"https:\/\/www.aquamarinajesolo.com\/de\/interessantes\/new-jesolandia\/#breadcrumb\"},\"inLanguage\":\"de-DE\",\"potentialAction\":[{\"@type\":\"ReadAction\",\"target\":[\"https:\/\/www.aquamarinajesolo.com\/de\/interessantes\/new-jesolandia\/\"]}]},{\"@type\":\"BreadcrumbList\",\"@id\":\"https:\/\/www.aquamarinajesolo.com\/de\/interessantes\/new-jesolandia\/#breadcrumb\",\"itemListElement\":[{\"@type\":\"ListItem\",\"position\":1,\"name\":\"Home\",\"item\":\"https:\/\/www.aquamarinajesolo.com\/de\/\"},{\"@type\":\"ListItem\",\"position\":2,\"name\":\"Interessantes\",\"item\":\"https:\/\/www.aquamarinajesolo.com\/de\/interessantes\/\"},{\"@type\":\"ListItem\",\"position\":3,\"name\":\"NEW JESOLANDIA\"}]},{\"@type\":\"WebSite\",\"@id\":\"https:\/\/www.aquamarinajesolo.com\/de\/#website\",\"url\":\"https:\/\/www.aquamarinajesolo.com\/de\/\",\"name\":\"Aquamarina Jesolo\",\"description\":\"Ecco un altro sito ms.decms.eu\",\"potentialAction\":[{\"@type\":\"SearchAction\",\"target\":{\"@type\":\"EntryPoint\",\"urlTemplate\":\"https:\/\/www.aquamarinajesolo.com\/de\/?s={search_term_string}\"},\"query-input\":{\"@type\":\"PropertyValueSpecification\",\"valueRequired\":true,\"valueName\":\"search_term_string\"}}],\"inLanguage\":\"de-DE\"}]}<\/script>\n<!-- \/ Yoast SEO plugin. -->","yoast_head_json":{"title":"NEW JESOLANDIA - Aquamarina Jesolo","robots":{"index":"index","follow":"follow","max-snippet":"max-snippet:-1","max-image-preview":"max-image-preview:large","max-video-preview":"max-video-preview:-1"},"canonical":"https:\/\/www.aquamarinajesolo.com\/de\/interessantes\/new-jesolandia\/","og_locale":"de_DE","og_type":"article","og_title":"NEW JESOLANDIA - Aquamarina Jesolo","og_description":"Newjesolandia ist der Vergn\u00fcgungspark von Jesolo. Entwickelt auf einer Fl\u00e4che von 20.000 Quadratmetern am Stadtrand von Lido di Jesolo, bietet es Attraktionen und Unterhaltung f\u00fcr Erwachsene und Kinder mit Aufmerksamkeit f\u00fcr Familien. Ein neuer Bereich, der Ihnen maximalen Spa\u00df f\u00fcr angenehme Abende mit Ihrer Familie bietet. Der Park ist jeden Abend von 20:00 Uhr bis [&hellip;]","og_url":"https:\/\/www.aquamarinajesolo.com\/de\/interessantes\/new-jesolandia\/","og_site_name":"Aquamarina Jesolo","twitter_card":"summary_large_image","schema":{"@context":"https:\/\/schema.org","@graph":[{"@type":"WebPage","@id":"https:\/\/www.aquamarinajesolo.com\/de\/interessantes\/new-jesolandia\/","url":"https:\/\/www.aquamarinajesolo.com\/de\/interessantes\/new-jesolandia\/","name":"NEW JESOLANDIA - Aquamarina Jesolo","isPartOf":{"@id":"https:\/\/www.aquamarinajesolo.com\/de\/#website"},"datePublished":"2022-05-01T09:16:46+00:00","breadcrumb":{"@id":"https:\/\/www.aquamarinajesolo.com\/de\/interessantes\/new-jesolandia\/#breadcrumb"},"inLanguage":"de-DE","potentialAction":[{"@type":"ReadAction","target":["https:\/\/www.aquamarinajesolo.com\/de\/interessantes\/new-jesolandia\/"]}]},{"@type":"BreadcrumbList","@id":"https:\/\/www.aquamarinajesolo.com\/de\/interessantes\/new-jesolandia\/#breadcrumb","itemListElement":[{"@type":"ListItem","position":1,"name":"Home","item":"https:\/\/www.aquamarinajesolo.com\/de\/"},{"@type":"ListItem","position":2,"name":"Interessantes","item":"https:\/\/www.aquamarinajesolo.com\/de\/interessantes\/"},{"@type":"ListItem","position":3,"name":"NEW JESOLANDIA"}]},{"@type":"WebSite","@id":"https:\/\/www.aquamarinajesolo.com\/de\/#website","url":"https:\/\/www.aquamarinajesolo.com\/de\/","name":"Aquamarina Jesolo","description":"Ecco un altro sito ms.decms.eu","potentialAction":[{"@type":"SearchAction","target":{"@type":"EntryPoint","urlTemplate":"https:\/\/www.aquamarinajesolo.com\/de\/?s={search_term_string}"},"query-input":{"@type":"PropertyValueSpecification","valueRequired":true,"valueName":"search_term_string"}}],"inLanguage":"de-DE"}]}},"acf":[],"_links":{"self":[{"href":"https:\/\/www.aquamarinajesolo.com\/de\/wp-json\/wp\/v2\/pages\/524","targetHints":{"allow":["GET"]}}],"collection":[{"href":"https:\/\/www.aquamarinajesolo.com\/de\/wp-json\/wp\/v2\/pages"}],"about":[{"href":"https:\/\/www.aquamarinajesolo.com\/de\/wp-json\/wp\/v2\/types\/page"}],"author":[{"embeddable":true,"href":"https:\/\/www.aquamarinajesolo.com\/de\/wp-json\/wp\/v2\/users\/97"}],"replies":[{"embeddable":true,"href":"https:\/\/www.aquamarinajesolo.com\/de\/wp-json\/wp\/v2\/comments?post=524"}],"version-history":[{"count":0,"href":"https:\/\/www.aquamarinajesolo.com\/de\/wp-json\/wp\/v2\/pages\/524\/revisions"}],"up":[{"embeddable":true,"href":"https:\/\/www.aquamarinajesolo.com\/de\/wp-json\/wp\/v2\/pages\/296"}],"wp:attachment":[{"href":"https:\/\/www.aquamarinajesolo.com\/de\/wp-json\/wp\/v2\/media?parent=524"}],"curies":[{"name":"wp","href":"https:\/\/api.w.org\/{rel}","templated":true}]}}