{"id":531,"date":"2022-05-01T12:52:35","date_gmt":"2022-05-01T10:52:35","guid":{"rendered":"https:\/\/www.aquamarinajesolo.com\/?page_id=531"},"modified":"2025-09-15T11:45:17","modified_gmt":"2025-09-15T09:45:17","slug":"internationales-festival-der-europaeischen-geopolitik","status":"publish","type":"page","link":"https:\/\/www.aquamarinajesolo.com\/de\/events\/internationales-festival-der-europaeischen-geopolitik\/","title":{"rendered":"ELISA live @ Palasport 2026"},"content":{"rendered":"<p>24. April 2026, 21:00 Uhr \u2013 Jesolo \u2013 Palazzo del Turismo<br \/>\nELISA LIVE IN JESOLO!<\/p>\n<p>Nach dem Erfolg von San Siro, der Elisa k\u00fcrzlich auch den Green Guardians 2025 einbrachte (ein prestigetr\u00e4chtiger internationaler Preis des britischen IQ Magazine f\u00fcr K\u00fcnstler, die sich durch ein echtes und konkretes Engagement f\u00fcr \u00f6kologische Nachhaltigkeit hervorgetan haben. Diese wichtige Anerkennung folgt auf jahrelange Projekte, Aktionen und bewusste Entscheidungen), k\u00fcndigt die Singer-Songwriterin ein neues Kapitel ihrer Live-Reise an.<\/p>\n<p>Die \u201eElisa Palasport Live 2025\u201c-Tour startet im November und bietet neue Termine im Fr\u00fchjahr 2026. Sie markiert Elisas R\u00fcckkehr in die Arenen sieben Jahre nach ihrer letzten. Diese lang erwartete R\u00fcckkehr wurde vom Publikum begeistert aufgenommen: Viele St\u00e4dte verdoppeln ihre Teilnehmerzahl, und neue Termine werden hinzugef\u00fcgt.<\/p>\n<p>Das Date mit der wundervollen Elisa findet am 24. April im Palazzo del Turismo in Jesolo statt (Beginn 21:00 Uhr).<\/p>\n<p>Tickets sind ab Montag, 15. September, 14:00 Uhr \u00fcber Ticketone erh\u00e4ltlich.<\/p>\n","protected":false},"excerpt":{"rendered":"<p>24. April 2026, 21:00 Uhr \u2013 Jesolo \u2013 Palazzo del Turismo ELISA LIVE IN JESOLO! Nach dem Erfolg von San Siro, der Elisa k\u00fcrzlich auch den Green Guardians 2025 einbrachte (ein prestigetr\u00e4chtiger internationaler Preis des britischen IQ Magazine f\u00fcr K\u00fcnstler, die sich durch ein echtes und konkretes Engagement f\u00fcr \u00f6kologische Nachhaltigkeit hervorgetan haben. Diese wichtige [&hellip;]<\/p>\n","protected":false},"author":97,"featured_media":0,"parent":300,"menu_order":1,"comment_status":"closed","ping_status":"closed","template":"","meta":{"footnotes":""},"class_list":["post-531","page","type-page","status-publish","hentry"],"yoast_head":"<!-- This site is optimized with the Yoast SEO plugin v26.9 - https:\/\/yoast.com\/product\/yoast-seo-wordpress\/ -->\n<title>ELISA live @ Palasport 2026 - Aquamarina Jesolo<\/title>\n<meta name=\"robots\" content=\"index, follow, max-snippet:-1, max-image-preview:large, max-video-preview:-1\" \/>\n<link rel=\"canonical\" href=\"https:\/\/www.aquamarinajesolo.com\/de\/events\/internationales-festival-der-europaeischen-geopolitik\/\" \/>\n<meta property=\"og:locale\" content=\"de_DE\" \/>\n<meta property=\"og:type\" content=\"article\" \/>\n<meta property=\"og:title\" content=\"ELISA live @ Palasport 2026 - Aquamarina Jesolo\" \/>\n<meta property=\"og:description\" content=\"24. April 2026, 21:00 Uhr \u2013 Jesolo \u2013 Palazzo del Turismo ELISA LIVE IN JESOLO! Nach dem Erfolg von San Siro, der Elisa k\u00fcrzlich auch den Green Guardians 2025 einbrachte (ein prestigetr\u00e4chtiger internationaler Preis des britischen IQ Magazine f\u00fcr K\u00fcnstler, die sich durch ein echtes und konkretes Engagement f\u00fcr \u00f6kologische Nachhaltigkeit hervorgetan haben. Diese wichtige [&hellip;]\" \/>\n<meta property=\"og:url\" content=\"https:\/\/www.aquamarinajesolo.com\/de\/events\/internationales-festival-der-europaeischen-geopolitik\/\" \/>\n<meta property=\"og:site_name\" content=\"Aquamarina Jesolo\" \/>\n<meta property=\"article:modified_time\" content=\"2025-09-15T09:45:17+00:00\" \/>\n<meta name=\"twitter:card\" content=\"summary_large_image\" \/>\n<meta name=\"twitter:label1\" content=\"Gesch\u00e4tzte Lesezeit\" \/>\n\t<meta name=\"twitter:data1\" content=\"1 Minute\" \/>\n<script type=\"application\/ld+json\" class=\"yoast-schema-graph\">{\"@context\":\"https:\/\/schema.org\",\"@graph\":[{\"@type\":\"WebPage\",\"@id\":\"https:\/\/www.aquamarinajesolo.com\/de\/events\/internationales-festival-der-europaeischen-geopolitik\/\",\"url\":\"https:\/\/www.aquamarinajesolo.com\/de\/events\/internationales-festival-der-europaeischen-geopolitik\/\",\"name\":\"ELISA live @ Palasport 2026 - Aquamarina Jesolo\",\"isPartOf\":{\"@id\":\"https:\/\/www.aquamarinajesolo.com\/de\/#website\"},\"datePublished\":\"2022-05-01T10:52:35+00:00\",\"dateModified\":\"2025-09-15T09:45:17+00:00\",\"breadcrumb\":{\"@id\":\"https:\/\/www.aquamarinajesolo.com\/de\/events\/internationales-festival-der-europaeischen-geopolitik\/#breadcrumb\"},\"inLanguage\":\"de-DE\",\"potentialAction\":[{\"@type\":\"ReadAction\",\"target\":[\"https:\/\/www.aquamarinajesolo.com\/de\/events\/internationales-festival-der-europaeischen-geopolitik\/\"]}]},{\"@type\":\"BreadcrumbList\",\"@id\":\"https:\/\/www.aquamarinajesolo.com\/de\/events\/internationales-festival-der-europaeischen-geopolitik\/#breadcrumb\",\"itemListElement\":[{\"@type\":\"ListItem\",\"position\":1,\"name\":\"Home\",\"item\":\"https:\/\/www.aquamarinajesolo.com\/de\/\"},{\"@type\":\"ListItem\",\"position\":2,\"name\":\"Veranstaltungen\",\"item\":\"https:\/\/www.aquamarinajesolo.com\/de\/events\/\"},{\"@type\":\"ListItem\",\"position\":3,\"name\":\"ELISA live @ Palasport 2026\"}]},{\"@type\":\"WebSite\",\"@id\":\"https:\/\/www.aquamarinajesolo.com\/de\/#website\",\"url\":\"https:\/\/www.aquamarinajesolo.com\/de\/\",\"name\":\"Aquamarina Jesolo\",\"description\":\"Ecco un altro sito ms.decms.eu\",\"potentialAction\":[{\"@type\":\"SearchAction\",\"target\":{\"@type\":\"EntryPoint\",\"urlTemplate\":\"https:\/\/www.aquamarinajesolo.com\/de\/?s={search_term_string}\"},\"query-input\":{\"@type\":\"PropertyValueSpecification\",\"valueRequired\":true,\"valueName\":\"search_term_string\"}}],\"inLanguage\":\"de-DE\"}]}<\/script>\n<!-- \/ Yoast SEO plugin. -->","yoast_head_json":{"title":"ELISA live @ Palasport 2026 - Aquamarina Jesolo","robots":{"index":"index","follow":"follow","max-snippet":"max-snippet:-1","max-image-preview":"max-image-preview:large","max-video-preview":"max-video-preview:-1"},"canonical":"https:\/\/www.aquamarinajesolo.com\/de\/events\/internationales-festival-der-europaeischen-geopolitik\/","og_locale":"de_DE","og_type":"article","og_title":"ELISA live @ Palasport 2026 - Aquamarina Jesolo","og_description":"24. April 2026, 21:00 Uhr \u2013 Jesolo \u2013 Palazzo del Turismo ELISA LIVE IN JESOLO! Nach dem Erfolg von San Siro, der Elisa k\u00fcrzlich auch den Green Guardians 2025 einbrachte (ein prestigetr\u00e4chtiger internationaler Preis des britischen IQ Magazine f\u00fcr K\u00fcnstler, die sich durch ein echtes und konkretes Engagement f\u00fcr \u00f6kologische Nachhaltigkeit hervorgetan haben. Diese wichtige [&hellip;]","og_url":"https:\/\/www.aquamarinajesolo.com\/de\/events\/internationales-festival-der-europaeischen-geopolitik\/","og_site_name":"Aquamarina Jesolo","article_modified_time":"2025-09-15T09:45:17+00:00","twitter_card":"summary_large_image","twitter_misc":{"Gesch\u00e4tzte Lesezeit":"1 Minute"},"schema":{"@context":"https:\/\/schema.org","@graph":[{"@type":"WebPage","@id":"https:\/\/www.aquamarinajesolo.com\/de\/events\/internationales-festival-der-europaeischen-geopolitik\/","url":"https:\/\/www.aquamarinajesolo.com\/de\/events\/internationales-festival-der-europaeischen-geopolitik\/","name":"ELISA live @ Palasport 2026 - Aquamarina Jesolo","isPartOf":{"@id":"https:\/\/www.aquamarinajesolo.com\/de\/#website"},"datePublished":"2022-05-01T10:52:35+00:00","dateModified":"2025-09-15T09:45:17+00:00","breadcrumb":{"@id":"https:\/\/www.aquamarinajesolo.com\/de\/events\/internationales-festival-der-europaeischen-geopolitik\/#breadcrumb"},"inLanguage":"de-DE","potentialAction":[{"@type":"ReadAction","target":["https:\/\/www.aquamarinajesolo.com\/de\/events\/internationales-festival-der-europaeischen-geopolitik\/"]}]},{"@type":"BreadcrumbList","@id":"https:\/\/www.aquamarinajesolo.com\/de\/events\/internationales-festival-der-europaeischen-geopolitik\/#breadcrumb","itemListElement":[{"@type":"ListItem","position":1,"name":"Home","item":"https:\/\/www.aquamarinajesolo.com\/de\/"},{"@type":"ListItem","position":2,"name":"Veranstaltungen","item":"https:\/\/www.aquamarinajesolo.com\/de\/events\/"},{"@type":"ListItem","position":3,"name":"ELISA live @ Palasport 2026"}]},{"@type":"WebSite","@id":"https:\/\/www.aquamarinajesolo.com\/de\/#website","url":"https:\/\/www.aquamarinajesolo.com\/de\/","name":"Aquamarina Jesolo","description":"Ecco un altro sito ms.decms.eu","potentialAction":[{"@type":"SearchAction","target":{"@type":"EntryPoint","urlTemplate":"https:\/\/www.aquamarinajesolo.com\/de\/?s={search_term_string}"},"query-input":{"@type":"PropertyValueSpecification","valueRequired":true,"valueName":"search_term_string"}}],"inLanguage":"de-DE"}]}},"acf":[],"_links":{"self":[{"href":"https:\/\/www.aquamarinajesolo.com\/de\/wp-json\/wp\/v2\/pages\/531","targetHints":{"allow":["GET"]}}],"collection":[{"href":"https:\/\/www.aquamarinajesolo.com\/de\/wp-json\/wp\/v2\/pages"}],"about":[{"href":"https:\/\/www.aquamarinajesolo.com\/de\/wp-json\/wp\/v2\/types\/page"}],"author":[{"embeddable":true,"href":"https:\/\/www.aquamarinajesolo.com\/de\/wp-json\/wp\/v2\/users\/97"}],"replies":[{"embeddable":true,"href":"https:\/\/www.aquamarinajesolo.com\/de\/wp-json\/wp\/v2\/comments?post=531"}],"version-history":[{"count":0,"href":"https:\/\/www.aquamarinajesolo.com\/de\/wp-json\/wp\/v2\/pages\/531\/revisions"}],"up":[{"embeddable":true,"href":"https:\/\/www.aquamarinajesolo.com\/de\/wp-json\/wp\/v2\/pages\/300"}],"wp:attachment":[{"href":"https:\/\/www.aquamarinajesolo.com\/de\/wp-json\/wp\/v2\/media?parent=531"}],"curies":[{"name":"wp","href":"https:\/\/api.w.org\/{rel}","templated":true}]}}