{"id":540,"date":"2022-05-01T13:05:40","date_gmt":"2022-05-01T11:05:40","guid":{"rendered":"https:\/\/www.aquamarinajesolo.com\/?page_id=540"},"modified":"2025-09-15T11:52:42","modified_gmt":"2025-09-15T09:52:42","slug":"wpa-paralympic-grand-prix","status":"publish","type":"page","link":"https:\/\/www.aquamarinajesolo.com\/de\/events\/wpa-paralympic-grand-prix\/","title":{"rendered":"IRONMAN 2026"},"content":{"rendered":"<p>Jesolo ist IRONMAN!<\/p>\n<p>Die Ausgabe 2025 des IRONMAN 70.3 Venedig-Jesolo am 4. Mai 2025 endete mit dem Sieg von Panagiotis Bitados und Solveig L\u00f8vseth und einer Welle der Begeisterung unter den \u00fcber 3.200 Teilnehmern aus 80 L\u00e4ndern, die am f\u00fcnften IRONMAN-Event in der Lagune von Venedig teilnahmen, das erstmals im Kalender der IRONMAN\u00ae Pro Series enthalten war.<\/p>\n<p>Die Veranstaltung fand zeitgleich mit einer Live-TV- und Streaming-\u00dcbertragung statt, die Fans und Nicht-Fans auf f\u00fcnf Kontinenten Bilder von Jesolo zeigte. Der Erfolg des IRONMAN 70.3 Venedig-Jesolo war somit auch ein Bild.<\/p>\n","protected":false},"excerpt":{"rendered":"<p>Jesolo ist IRONMAN! Die Ausgabe 2025 des IRONMAN 70.3 Venedig-Jesolo am 4. Mai 2025 endete mit dem Sieg von Panagiotis Bitados und Solveig L\u00f8vseth und einer Welle der Begeisterung unter den \u00fcber 3.200 Teilnehmern aus 80 L\u00e4ndern, die am f\u00fcnften IRONMAN-Event in der Lagune von Venedig teilnahmen, das erstmals im Kalender der IRONMAN\u00ae Pro Series [&hellip;]<\/p>\n","protected":false},"author":97,"featured_media":0,"parent":300,"menu_order":2,"comment_status":"closed","ping_status":"closed","template":"","meta":{"footnotes":""},"class_list":["post-540","page","type-page","status-publish","hentry"],"yoast_head":"<!-- This site is optimized with the Yoast SEO plugin v26.9 - https:\/\/yoast.com\/product\/yoast-seo-wordpress\/ -->\n<title>IRONMAN 2026 - Aquamarina Jesolo<\/title>\n<meta name=\"robots\" content=\"index, follow, max-snippet:-1, max-image-preview:large, max-video-preview:-1\" \/>\n<link rel=\"canonical\" href=\"https:\/\/www.aquamarinajesolo.com\/de\/events\/wpa-paralympic-grand-prix\/\" \/>\n<meta property=\"og:locale\" content=\"de_DE\" \/>\n<meta property=\"og:type\" content=\"article\" \/>\n<meta property=\"og:title\" content=\"IRONMAN 2026 - Aquamarina Jesolo\" \/>\n<meta property=\"og:description\" content=\"Jesolo ist IRONMAN! Die Ausgabe 2025 des IRONMAN 70.3 Venedig-Jesolo am 4. Mai 2025 endete mit dem Sieg von Panagiotis Bitados und Solveig L\u00f8vseth und einer Welle der Begeisterung unter den \u00fcber 3.200 Teilnehmern aus 80 L\u00e4ndern, die am f\u00fcnften IRONMAN-Event in der Lagune von Venedig teilnahmen, das erstmals im Kalender der IRONMAN\u00ae Pro Series [&hellip;]\" \/>\n<meta property=\"og:url\" content=\"https:\/\/www.aquamarinajesolo.com\/de\/events\/wpa-paralympic-grand-prix\/\" \/>\n<meta property=\"og:site_name\" content=\"Aquamarina Jesolo\" \/>\n<meta property=\"article:modified_time\" content=\"2025-09-15T09:52:42+00:00\" \/>\n<meta name=\"twitter:card\" content=\"summary_large_image\" \/>\n<meta name=\"twitter:label1\" content=\"Gesch\u00e4tzte Lesezeit\" \/>\n\t<meta name=\"twitter:data1\" content=\"1 Minute\" \/>\n<script type=\"application\/ld+json\" class=\"yoast-schema-graph\">{\"@context\":\"https:\/\/schema.org\",\"@graph\":[{\"@type\":\"WebPage\",\"@id\":\"https:\/\/www.aquamarinajesolo.com\/de\/events\/wpa-paralympic-grand-prix\/\",\"url\":\"https:\/\/www.aquamarinajesolo.com\/de\/events\/wpa-paralympic-grand-prix\/\",\"name\":\"IRONMAN 2026 - Aquamarina Jesolo\",\"isPartOf\":{\"@id\":\"https:\/\/www.aquamarinajesolo.com\/de\/#website\"},\"datePublished\":\"2022-05-01T11:05:40+00:00\",\"dateModified\":\"2025-09-15T09:52:42+00:00\",\"breadcrumb\":{\"@id\":\"https:\/\/www.aquamarinajesolo.com\/de\/events\/wpa-paralympic-grand-prix\/#breadcrumb\"},\"inLanguage\":\"de-DE\",\"potentialAction\":[{\"@type\":\"ReadAction\",\"target\":[\"https:\/\/www.aquamarinajesolo.com\/de\/events\/wpa-paralympic-grand-prix\/\"]}]},{\"@type\":\"BreadcrumbList\",\"@id\":\"https:\/\/www.aquamarinajesolo.com\/de\/events\/wpa-paralympic-grand-prix\/#breadcrumb\",\"itemListElement\":[{\"@type\":\"ListItem\",\"position\":1,\"name\":\"Home\",\"item\":\"https:\/\/www.aquamarinajesolo.com\/de\/\"},{\"@type\":\"ListItem\",\"position\":2,\"name\":\"Veranstaltungen\",\"item\":\"https:\/\/www.aquamarinajesolo.com\/de\/events\/\"},{\"@type\":\"ListItem\",\"position\":3,\"name\":\"IRONMAN 2026\"}]},{\"@type\":\"WebSite\",\"@id\":\"https:\/\/www.aquamarinajesolo.com\/de\/#website\",\"url\":\"https:\/\/www.aquamarinajesolo.com\/de\/\",\"name\":\"Aquamarina Jesolo\",\"description\":\"Ecco un altro sito ms.decms.eu\",\"potentialAction\":[{\"@type\":\"SearchAction\",\"target\":{\"@type\":\"EntryPoint\",\"urlTemplate\":\"https:\/\/www.aquamarinajesolo.com\/de\/?s={search_term_string}\"},\"query-input\":{\"@type\":\"PropertyValueSpecification\",\"valueRequired\":true,\"valueName\":\"search_term_string\"}}],\"inLanguage\":\"de-DE\"}]}<\/script>\n<!-- \/ Yoast SEO plugin. -->","yoast_head_json":{"title":"IRONMAN 2026 - Aquamarina Jesolo","robots":{"index":"index","follow":"follow","max-snippet":"max-snippet:-1","max-image-preview":"max-image-preview:large","max-video-preview":"max-video-preview:-1"},"canonical":"https:\/\/www.aquamarinajesolo.com\/de\/events\/wpa-paralympic-grand-prix\/","og_locale":"de_DE","og_type":"article","og_title":"IRONMAN 2026 - Aquamarina Jesolo","og_description":"Jesolo ist IRONMAN! Die Ausgabe 2025 des IRONMAN 70.3 Venedig-Jesolo am 4. Mai 2025 endete mit dem Sieg von Panagiotis Bitados und Solveig L\u00f8vseth und einer Welle der Begeisterung unter den \u00fcber 3.200 Teilnehmern aus 80 L\u00e4ndern, die am f\u00fcnften IRONMAN-Event in der Lagune von Venedig teilnahmen, das erstmals im Kalender der IRONMAN\u00ae Pro Series [&hellip;]","og_url":"https:\/\/www.aquamarinajesolo.com\/de\/events\/wpa-paralympic-grand-prix\/","og_site_name":"Aquamarina Jesolo","article_modified_time":"2025-09-15T09:52:42+00:00","twitter_card":"summary_large_image","twitter_misc":{"Gesch\u00e4tzte Lesezeit":"1 Minute"},"schema":{"@context":"https:\/\/schema.org","@graph":[{"@type":"WebPage","@id":"https:\/\/www.aquamarinajesolo.com\/de\/events\/wpa-paralympic-grand-prix\/","url":"https:\/\/www.aquamarinajesolo.com\/de\/events\/wpa-paralympic-grand-prix\/","name":"IRONMAN 2026 - Aquamarina Jesolo","isPartOf":{"@id":"https:\/\/www.aquamarinajesolo.com\/de\/#website"},"datePublished":"2022-05-01T11:05:40+00:00","dateModified":"2025-09-15T09:52:42+00:00","breadcrumb":{"@id":"https:\/\/www.aquamarinajesolo.com\/de\/events\/wpa-paralympic-grand-prix\/#breadcrumb"},"inLanguage":"de-DE","potentialAction":[{"@type":"ReadAction","target":["https:\/\/www.aquamarinajesolo.com\/de\/events\/wpa-paralympic-grand-prix\/"]}]},{"@type":"BreadcrumbList","@id":"https:\/\/www.aquamarinajesolo.com\/de\/events\/wpa-paralympic-grand-prix\/#breadcrumb","itemListElement":[{"@type":"ListItem","position":1,"name":"Home","item":"https:\/\/www.aquamarinajesolo.com\/de\/"},{"@type":"ListItem","position":2,"name":"Veranstaltungen","item":"https:\/\/www.aquamarinajesolo.com\/de\/events\/"},{"@type":"ListItem","position":3,"name":"IRONMAN 2026"}]},{"@type":"WebSite","@id":"https:\/\/www.aquamarinajesolo.com\/de\/#website","url":"https:\/\/www.aquamarinajesolo.com\/de\/","name":"Aquamarina Jesolo","description":"Ecco un altro sito ms.decms.eu","potentialAction":[{"@type":"SearchAction","target":{"@type":"EntryPoint","urlTemplate":"https:\/\/www.aquamarinajesolo.com\/de\/?s={search_term_string}"},"query-input":{"@type":"PropertyValueSpecification","valueRequired":true,"valueName":"search_term_string"}}],"inLanguage":"de-DE"}]}},"acf":[],"_links":{"self":[{"href":"https:\/\/www.aquamarinajesolo.com\/de\/wp-json\/wp\/v2\/pages\/540","targetHints":{"allow":["GET"]}}],"collection":[{"href":"https:\/\/www.aquamarinajesolo.com\/de\/wp-json\/wp\/v2\/pages"}],"about":[{"href":"https:\/\/www.aquamarinajesolo.com\/de\/wp-json\/wp\/v2\/types\/page"}],"author":[{"embeddable":true,"href":"https:\/\/www.aquamarinajesolo.com\/de\/wp-json\/wp\/v2\/users\/97"}],"replies":[{"embeddable":true,"href":"https:\/\/www.aquamarinajesolo.com\/de\/wp-json\/wp\/v2\/comments?post=540"}],"version-history":[{"count":0,"href":"https:\/\/www.aquamarinajesolo.com\/de\/wp-json\/wp\/v2\/pages\/540\/revisions"}],"up":[{"embeddable":true,"href":"https:\/\/www.aquamarinajesolo.com\/de\/wp-json\/wp\/v2\/pages\/300"}],"wp:attachment":[{"href":"https:\/\/www.aquamarinajesolo.com\/de\/wp-json\/wp\/v2\/media?parent=540"}],"curies":[{"name":"wp","href":"https:\/\/api.w.org\/{rel}","templated":true}]}}