{"id":546,"date":"2022-05-01T13:11:34","date_gmt":"2022-05-01T11:11:34","guid":{"rendered":"https:\/\/www.aquamarinajesolo.com\/?page_id=546"},"modified":"2025-09-15T12:00:37","modified_gmt":"2025-09-15T10:00:37","slug":"tedx-jesolo","status":"publish","type":"page","link":"https:\/\/www.aquamarinajesolo.com\/de\/events\/tedx-jesolo\/","title":{"rendered":"MOONLIGHT HALF MARATHON 2026"},"content":{"rendered":"<p>Jesolo Moonlight Halbmarathon 2026<br \/>\nDas 15-j\u00e4hrige Jubil\u00e4um des vom Venicemarathon organisierten Mondscheinrennens findet am Samstag, den 16. Mai 2026, in Jesolo statt.<\/p>\n<p>Der Jesolo Moonlight Halbmarathon &amp; 10K, ein internationaler Stra\u00dfenlauf, der vom Venicemarathon in Zusammenarbeit mit der Stadt Jesolo organisiert wird, \u00f6ffnet offiziell die Anmeldung f\u00fcr seine 15. Ausgabe, die f\u00fcr Samstag, den 16. Mai 2026, geplant ist.<\/p>\n<p>F\u00fcr das spektakul\u00e4re Nachtrennen, das bei Sonnenuntergang beginnt und im Mondschein endet, ist auch dieses Jahr nur eine begrenzte Anzahl an Pl\u00e4tzen verf\u00fcgbar: 4.000 Pl\u00e4tze f\u00fcr den Halbmarathon und 3.000 f\u00fcr den 10-km-Lauf.<\/p>\n<p>Abgerundet wird das umfangreiche Programm durch den Al\u00ec Family Run, einen 3-Kilometer-Lauf f\u00fcr Kinder und Familien, der am Samstagnachmittag, den 16. Mai, stattfindet. Die Anmeldung f\u00fcr diesen Lauf wird kurz vor dem Event ge\u00f6ffnet.<\/p>\n<p>Die Anmeldung zum 15. Jesolo Moonlight Halbmarathon ist unter http:\/\/www.moonlighthalfmarathon.it m\u00f6glich.<\/p>\n<p>Drei Distanzen<\/p>\n<p>Der Moonlight Halbmarathon bietet drei Distanzen f\u00fcr alle Altersgruppen und Leistungsstufen:<\/p>\n<p>21 km: Wettkampf-Halbmarathon<br \/>\n10 km: Wettkampf und 10 km: Freizeit<br \/>\nJesolo Al\u00ec Familienlauf: Ein unterhaltsamer 3-Kilometer-Benefizlauf speziell f\u00fcr Familien, Kinder und Sportbegeisterte.<\/p>\n","protected":false},"excerpt":{"rendered":"<p>Jesolo Moonlight Halbmarathon 2026 Das 15-j\u00e4hrige Jubil\u00e4um des vom Venicemarathon organisierten Mondscheinrennens findet am Samstag, den 16. Mai 2026, in Jesolo statt. Der Jesolo Moonlight Halbmarathon &amp; 10K, ein internationaler Stra\u00dfenlauf, der vom Venicemarathon in Zusammenarbeit mit der Stadt Jesolo organisiert wird, \u00f6ffnet offiziell die Anmeldung f\u00fcr seine 15. Ausgabe, die f\u00fcr Samstag, den 16. [&hellip;]<\/p>\n","protected":false},"author":97,"featured_media":0,"parent":300,"menu_order":3,"comment_status":"closed","ping_status":"closed","template":"","meta":{"footnotes":""},"class_list":["post-546","page","type-page","status-publish","hentry"],"yoast_head":"<!-- This site is optimized with the Yoast SEO plugin v26.9 - https:\/\/yoast.com\/product\/yoast-seo-wordpress\/ -->\n<title>MOONLIGHT HALF MARATHON 2026 - Aquamarina Jesolo<\/title>\n<meta name=\"robots\" content=\"index, follow, max-snippet:-1, max-image-preview:large, max-video-preview:-1\" \/>\n<link rel=\"canonical\" href=\"https:\/\/www.aquamarinajesolo.com\/de\/events\/tedx-jesolo\/\" \/>\n<meta property=\"og:locale\" content=\"de_DE\" \/>\n<meta property=\"og:type\" content=\"article\" \/>\n<meta property=\"og:title\" content=\"MOONLIGHT HALF MARATHON 2026 - Aquamarina Jesolo\" \/>\n<meta property=\"og:description\" content=\"Jesolo Moonlight Halbmarathon 2026 Das 15-j\u00e4hrige Jubil\u00e4um des vom Venicemarathon organisierten Mondscheinrennens findet am Samstag, den 16. Mai 2026, in Jesolo statt. Der Jesolo Moonlight Halbmarathon &amp; 10K, ein internationaler Stra\u00dfenlauf, der vom Venicemarathon in Zusammenarbeit mit der Stadt Jesolo organisiert wird, \u00f6ffnet offiziell die Anmeldung f\u00fcr seine 15. Ausgabe, die f\u00fcr Samstag, den 16. [&hellip;]\" \/>\n<meta property=\"og:url\" content=\"https:\/\/www.aquamarinajesolo.com\/de\/events\/tedx-jesolo\/\" \/>\n<meta property=\"og:site_name\" content=\"Aquamarina Jesolo\" \/>\n<meta property=\"article:modified_time\" content=\"2025-09-15T10:00:37+00:00\" \/>\n<meta name=\"twitter:card\" content=\"summary_large_image\" \/>\n<meta name=\"twitter:label1\" content=\"Gesch\u00e4tzte Lesezeit\" \/>\n\t<meta name=\"twitter:data1\" content=\"1 Minute\" \/>\n<script type=\"application\/ld+json\" class=\"yoast-schema-graph\">{\"@context\":\"https:\/\/schema.org\",\"@graph\":[{\"@type\":\"WebPage\",\"@id\":\"https:\/\/www.aquamarinajesolo.com\/de\/events\/tedx-jesolo\/\",\"url\":\"https:\/\/www.aquamarinajesolo.com\/de\/events\/tedx-jesolo\/\",\"name\":\"MOONLIGHT HALF MARATHON 2026 - Aquamarina Jesolo\",\"isPartOf\":{\"@id\":\"https:\/\/www.aquamarinajesolo.com\/de\/#website\"},\"datePublished\":\"2022-05-01T11:11:34+00:00\",\"dateModified\":\"2025-09-15T10:00:37+00:00\",\"breadcrumb\":{\"@id\":\"https:\/\/www.aquamarinajesolo.com\/de\/events\/tedx-jesolo\/#breadcrumb\"},\"inLanguage\":\"de-DE\",\"potentialAction\":[{\"@type\":\"ReadAction\",\"target\":[\"https:\/\/www.aquamarinajesolo.com\/de\/events\/tedx-jesolo\/\"]}]},{\"@type\":\"BreadcrumbList\",\"@id\":\"https:\/\/www.aquamarinajesolo.com\/de\/events\/tedx-jesolo\/#breadcrumb\",\"itemListElement\":[{\"@type\":\"ListItem\",\"position\":1,\"name\":\"Home\",\"item\":\"https:\/\/www.aquamarinajesolo.com\/de\/\"},{\"@type\":\"ListItem\",\"position\":2,\"name\":\"Veranstaltungen\",\"item\":\"https:\/\/www.aquamarinajesolo.com\/de\/events\/\"},{\"@type\":\"ListItem\",\"position\":3,\"name\":\"MOONLIGHT HALF MARATHON 2026\"}]},{\"@type\":\"WebSite\",\"@id\":\"https:\/\/www.aquamarinajesolo.com\/de\/#website\",\"url\":\"https:\/\/www.aquamarinajesolo.com\/de\/\",\"name\":\"Aquamarina Jesolo\",\"description\":\"Ecco un altro sito ms.decms.eu\",\"potentialAction\":[{\"@type\":\"SearchAction\",\"target\":{\"@type\":\"EntryPoint\",\"urlTemplate\":\"https:\/\/www.aquamarinajesolo.com\/de\/?s={search_term_string}\"},\"query-input\":{\"@type\":\"PropertyValueSpecification\",\"valueRequired\":true,\"valueName\":\"search_term_string\"}}],\"inLanguage\":\"de-DE\"}]}<\/script>\n<!-- \/ Yoast SEO plugin. -->","yoast_head_json":{"title":"MOONLIGHT HALF MARATHON 2026 - Aquamarina Jesolo","robots":{"index":"index","follow":"follow","max-snippet":"max-snippet:-1","max-image-preview":"max-image-preview:large","max-video-preview":"max-video-preview:-1"},"canonical":"https:\/\/www.aquamarinajesolo.com\/de\/events\/tedx-jesolo\/","og_locale":"de_DE","og_type":"article","og_title":"MOONLIGHT HALF MARATHON 2026 - Aquamarina Jesolo","og_description":"Jesolo Moonlight Halbmarathon 2026 Das 15-j\u00e4hrige Jubil\u00e4um des vom Venicemarathon organisierten Mondscheinrennens findet am Samstag, den 16. Mai 2026, in Jesolo statt. Der Jesolo Moonlight Halbmarathon &amp; 10K, ein internationaler Stra\u00dfenlauf, der vom Venicemarathon in Zusammenarbeit mit der Stadt Jesolo organisiert wird, \u00f6ffnet offiziell die Anmeldung f\u00fcr seine 15. Ausgabe, die f\u00fcr Samstag, den 16. [&hellip;]","og_url":"https:\/\/www.aquamarinajesolo.com\/de\/events\/tedx-jesolo\/","og_site_name":"Aquamarina Jesolo","article_modified_time":"2025-09-15T10:00:37+00:00","twitter_card":"summary_large_image","twitter_misc":{"Gesch\u00e4tzte Lesezeit":"1 Minute"},"schema":{"@context":"https:\/\/schema.org","@graph":[{"@type":"WebPage","@id":"https:\/\/www.aquamarinajesolo.com\/de\/events\/tedx-jesolo\/","url":"https:\/\/www.aquamarinajesolo.com\/de\/events\/tedx-jesolo\/","name":"MOONLIGHT HALF MARATHON 2026 - Aquamarina Jesolo","isPartOf":{"@id":"https:\/\/www.aquamarinajesolo.com\/de\/#website"},"datePublished":"2022-05-01T11:11:34+00:00","dateModified":"2025-09-15T10:00:37+00:00","breadcrumb":{"@id":"https:\/\/www.aquamarinajesolo.com\/de\/events\/tedx-jesolo\/#breadcrumb"},"inLanguage":"de-DE","potentialAction":[{"@type":"ReadAction","target":["https:\/\/www.aquamarinajesolo.com\/de\/events\/tedx-jesolo\/"]}]},{"@type":"BreadcrumbList","@id":"https:\/\/www.aquamarinajesolo.com\/de\/events\/tedx-jesolo\/#breadcrumb","itemListElement":[{"@type":"ListItem","position":1,"name":"Home","item":"https:\/\/www.aquamarinajesolo.com\/de\/"},{"@type":"ListItem","position":2,"name":"Veranstaltungen","item":"https:\/\/www.aquamarinajesolo.com\/de\/events\/"},{"@type":"ListItem","position":3,"name":"MOONLIGHT HALF MARATHON 2026"}]},{"@type":"WebSite","@id":"https:\/\/www.aquamarinajesolo.com\/de\/#website","url":"https:\/\/www.aquamarinajesolo.com\/de\/","name":"Aquamarina Jesolo","description":"Ecco un altro sito ms.decms.eu","potentialAction":[{"@type":"SearchAction","target":{"@type":"EntryPoint","urlTemplate":"https:\/\/www.aquamarinajesolo.com\/de\/?s={search_term_string}"},"query-input":{"@type":"PropertyValueSpecification","valueRequired":true,"valueName":"search_term_string"}}],"inLanguage":"de-DE"}]}},"acf":[],"_links":{"self":[{"href":"https:\/\/www.aquamarinajesolo.com\/de\/wp-json\/wp\/v2\/pages\/546","targetHints":{"allow":["GET"]}}],"collection":[{"href":"https:\/\/www.aquamarinajesolo.com\/de\/wp-json\/wp\/v2\/pages"}],"about":[{"href":"https:\/\/www.aquamarinajesolo.com\/de\/wp-json\/wp\/v2\/types\/page"}],"author":[{"embeddable":true,"href":"https:\/\/www.aquamarinajesolo.com\/de\/wp-json\/wp\/v2\/users\/97"}],"replies":[{"embeddable":true,"href":"https:\/\/www.aquamarinajesolo.com\/de\/wp-json\/wp\/v2\/comments?post=546"}],"version-history":[{"count":0,"href":"https:\/\/www.aquamarinajesolo.com\/de\/wp-json\/wp\/v2\/pages\/546\/revisions"}],"up":[{"embeddable":true,"href":"https:\/\/www.aquamarinajesolo.com\/de\/wp-json\/wp\/v2\/pages\/300"}],"wp:attachment":[{"href":"https:\/\/www.aquamarinajesolo.com\/de\/wp-json\/wp\/v2\/media?parent=546"}],"curies":[{"name":"wp","href":"https:\/\/api.w.org\/{rel}","templated":true}]}}