{"id":557,"date":"2022-05-17T22:28:59","date_gmt":"2022-05-17T20:28:59","guid":{"rendered":"https:\/\/www.aquamarinajesolo.com\/?page_id=557"},"modified":"2024-05-14T11:16:28","modified_gmt":"2024-05-14T09:16:28","slug":"villa-lidia-13","status":"publish","type":"page","link":"https:\/\/www.aquamarinajesolo.com\/de\/appartements\/villa-lidia-13\/","title":{"rendered":"Villa Lidia 13"},"content":{"rendered":"<p><strong>Dettagli: <\/strong> Apartment mit einem Schlafzimmer, 3\/4 G\u00e4ste, 35 Quadratmeter.<\/p>\n<p>Wohnung in einer anderen Struktur, weniger als 500 Meter von der Piazza Milano und nur 50 Meter vom Meer entfernt.<br \/>\nEs ist einfach und funktional eingerichtet und verf\u00fcgt \u00fcber eine K\u00fcchenzeile mit Induktionskochfeld, Utensilien und Geschirr zum Kochen, K\u00fchlschrank und Gefrierschrank, Waschmaschine, Wohnzimmer mit Doppelschlafsofa, Badezimmer mit Bidet, Dusche und Haartrockner, 43-Zoll-SMART-TV und Klimaanlage , Terrasse mit Tisch und St\u00fchlen.<\/p>\n<p>Zur Wohnung geh\u00f6ren ein privater Parkplatz, ein Sonnenschirm am Strand mit Liegest\u00fchlen und Sonnenliegen. Wohnung im dritten Stock mit Aufzug.<\/p>\n<p>****<\/p>\n<p>Locazione turistica<br \/>\nCODICE IDENTIFICATIVO REGIONALE: 027019-LOC-07107<br \/>\nAPE: Classe G<br \/>\nIPE: 186,47 kWh\/mq anno<\/p>\n","protected":false},"excerpt":{"rendered":"<p>Dettagli: Apartment mit einem Schlafzimmer, 3\/4 G\u00e4ste, 35 Quadratmeter. Wohnung in einer anderen Struktur, weniger als 500 Meter von der Piazza Milano und nur 50 Meter vom Meer entfernt. Es ist einfach und funktional eingerichtet und verf\u00fcgt \u00fcber eine K\u00fcchenzeile mit Induktionskochfeld, Utensilien und Geschirr zum Kochen, K\u00fchlschrank und Gefrierschrank, Waschmaschine, Wohnzimmer mit Doppelschlafsofa, Badezimmer [&hellip;]<\/p>\n","protected":false},"author":97,"featured_media":0,"parent":264,"menu_order":9,"comment_status":"closed","ping_status":"closed","template":"template-single-room.php","meta":{"footnotes":""},"class_list":["post-557","page","type-page","status-publish","hentry"],"yoast_head":"<!-- This site is optimized with the Yoast SEO plugin v26.9 - https:\/\/yoast.com\/product\/yoast-seo-wordpress\/ -->\n<title>Villa Lidia 13 - Aquamarina Jesolo<\/title>\n<meta name=\"robots\" content=\"index, follow, max-snippet:-1, max-image-preview:large, max-video-preview:-1\" \/>\n<link rel=\"canonical\" href=\"https:\/\/www.aquamarinajesolo.com\/de\/appartements\/villa-lidia-13\/\" \/>\n<meta property=\"og:locale\" content=\"de_DE\" \/>\n<meta property=\"og:type\" content=\"article\" \/>\n<meta property=\"og:title\" content=\"Villa Lidia 13 - Aquamarina Jesolo\" \/>\n<meta property=\"og:description\" content=\"Dettagli: Apartment mit einem Schlafzimmer, 3\/4 G\u00e4ste, 35 Quadratmeter. Wohnung in einer anderen Struktur, weniger als 500 Meter von der Piazza Milano und nur 50 Meter vom Meer entfernt. Es ist einfach und funktional eingerichtet und verf\u00fcgt \u00fcber eine K\u00fcchenzeile mit Induktionskochfeld, Utensilien und Geschirr zum Kochen, K\u00fchlschrank und Gefrierschrank, Waschmaschine, Wohnzimmer mit Doppelschlafsofa, Badezimmer [&hellip;]\" \/>\n<meta property=\"og:url\" content=\"https:\/\/www.aquamarinajesolo.com\/de\/appartements\/villa-lidia-13\/\" \/>\n<meta property=\"og:site_name\" content=\"Aquamarina Jesolo\" \/>\n<meta property=\"article:modified_time\" content=\"2024-05-14T09:16:28+00:00\" \/>\n<meta name=\"twitter:card\" content=\"summary_large_image\" \/>\n<meta name=\"twitter:label1\" content=\"Gesch\u00e4tzte Lesezeit\" \/>\n\t<meta name=\"twitter:data1\" content=\"1 Minute\" \/>\n<script type=\"application\/ld+json\" class=\"yoast-schema-graph\">{\"@context\":\"https:\/\/schema.org\",\"@graph\":[{\"@type\":\"WebPage\",\"@id\":\"https:\/\/www.aquamarinajesolo.com\/de\/appartements\/villa-lidia-13\/\",\"url\":\"https:\/\/www.aquamarinajesolo.com\/de\/appartements\/villa-lidia-13\/\",\"name\":\"Villa Lidia 13 - Aquamarina Jesolo\",\"isPartOf\":{\"@id\":\"https:\/\/www.aquamarinajesolo.com\/de\/#website\"},\"datePublished\":\"2022-05-17T20:28:59+00:00\",\"dateModified\":\"2024-05-14T09:16:28+00:00\",\"breadcrumb\":{\"@id\":\"https:\/\/www.aquamarinajesolo.com\/de\/appartements\/villa-lidia-13\/#breadcrumb\"},\"inLanguage\":\"de-DE\",\"potentialAction\":[{\"@type\":\"ReadAction\",\"target\":[\"https:\/\/www.aquamarinajesolo.com\/de\/appartements\/villa-lidia-13\/\"]}]},{\"@type\":\"BreadcrumbList\",\"@id\":\"https:\/\/www.aquamarinajesolo.com\/de\/appartements\/villa-lidia-13\/#breadcrumb\",\"itemListElement\":[{\"@type\":\"ListItem\",\"position\":1,\"name\":\"Home\",\"item\":\"https:\/\/www.aquamarinajesolo.com\/de\/\"},{\"@type\":\"ListItem\",\"position\":2,\"name\":\"Appartements\",\"item\":\"https:\/\/www.aquamarinajesolo.com\/de\/appartements\/\"},{\"@type\":\"ListItem\",\"position\":3,\"name\":\"Villa Lidia 13\"}]},{\"@type\":\"WebSite\",\"@id\":\"https:\/\/www.aquamarinajesolo.com\/de\/#website\",\"url\":\"https:\/\/www.aquamarinajesolo.com\/de\/\",\"name\":\"Aquamarina Jesolo\",\"description\":\"Ecco un altro sito ms.decms.eu\",\"potentialAction\":[{\"@type\":\"SearchAction\",\"target\":{\"@type\":\"EntryPoint\",\"urlTemplate\":\"https:\/\/www.aquamarinajesolo.com\/de\/?s={search_term_string}\"},\"query-input\":{\"@type\":\"PropertyValueSpecification\",\"valueRequired\":true,\"valueName\":\"search_term_string\"}}],\"inLanguage\":\"de-DE\"}]}<\/script>\n<!-- \/ Yoast SEO plugin. -->","yoast_head_json":{"title":"Villa Lidia 13 - Aquamarina Jesolo","robots":{"index":"index","follow":"follow","max-snippet":"max-snippet:-1","max-image-preview":"max-image-preview:large","max-video-preview":"max-video-preview:-1"},"canonical":"https:\/\/www.aquamarinajesolo.com\/de\/appartements\/villa-lidia-13\/","og_locale":"de_DE","og_type":"article","og_title":"Villa Lidia 13 - Aquamarina Jesolo","og_description":"Dettagli: Apartment mit einem Schlafzimmer, 3\/4 G\u00e4ste, 35 Quadratmeter. Wohnung in einer anderen Struktur, weniger als 500 Meter von der Piazza Milano und nur 50 Meter vom Meer entfernt. Es ist einfach und funktional eingerichtet und verf\u00fcgt \u00fcber eine K\u00fcchenzeile mit Induktionskochfeld, Utensilien und Geschirr zum Kochen, K\u00fchlschrank und Gefrierschrank, Waschmaschine, Wohnzimmer mit Doppelschlafsofa, Badezimmer [&hellip;]","og_url":"https:\/\/www.aquamarinajesolo.com\/de\/appartements\/villa-lidia-13\/","og_site_name":"Aquamarina Jesolo","article_modified_time":"2024-05-14T09:16:28+00:00","twitter_card":"summary_large_image","twitter_misc":{"Gesch\u00e4tzte Lesezeit":"1 Minute"},"schema":{"@context":"https:\/\/schema.org","@graph":[{"@type":"WebPage","@id":"https:\/\/www.aquamarinajesolo.com\/de\/appartements\/villa-lidia-13\/","url":"https:\/\/www.aquamarinajesolo.com\/de\/appartements\/villa-lidia-13\/","name":"Villa Lidia 13 - Aquamarina Jesolo","isPartOf":{"@id":"https:\/\/www.aquamarinajesolo.com\/de\/#website"},"datePublished":"2022-05-17T20:28:59+00:00","dateModified":"2024-05-14T09:16:28+00:00","breadcrumb":{"@id":"https:\/\/www.aquamarinajesolo.com\/de\/appartements\/villa-lidia-13\/#breadcrumb"},"inLanguage":"de-DE","potentialAction":[{"@type":"ReadAction","target":["https:\/\/www.aquamarinajesolo.com\/de\/appartements\/villa-lidia-13\/"]}]},{"@type":"BreadcrumbList","@id":"https:\/\/www.aquamarinajesolo.com\/de\/appartements\/villa-lidia-13\/#breadcrumb","itemListElement":[{"@type":"ListItem","position":1,"name":"Home","item":"https:\/\/www.aquamarinajesolo.com\/de\/"},{"@type":"ListItem","position":2,"name":"Appartements","item":"https:\/\/www.aquamarinajesolo.com\/de\/appartements\/"},{"@type":"ListItem","position":3,"name":"Villa Lidia 13"}]},{"@type":"WebSite","@id":"https:\/\/www.aquamarinajesolo.com\/de\/#website","url":"https:\/\/www.aquamarinajesolo.com\/de\/","name":"Aquamarina Jesolo","description":"Ecco un altro sito ms.decms.eu","potentialAction":[{"@type":"SearchAction","target":{"@type":"EntryPoint","urlTemplate":"https:\/\/www.aquamarinajesolo.com\/de\/?s={search_term_string}"},"query-input":{"@type":"PropertyValueSpecification","valueRequired":true,"valueName":"search_term_string"}}],"inLanguage":"de-DE"}]}},"acf":[],"_links":{"self":[{"href":"https:\/\/www.aquamarinajesolo.com\/de\/wp-json\/wp\/v2\/pages\/557","targetHints":{"allow":["GET"]}}],"collection":[{"href":"https:\/\/www.aquamarinajesolo.com\/de\/wp-json\/wp\/v2\/pages"}],"about":[{"href":"https:\/\/www.aquamarinajesolo.com\/de\/wp-json\/wp\/v2\/types\/page"}],"author":[{"embeddable":true,"href":"https:\/\/www.aquamarinajesolo.com\/de\/wp-json\/wp\/v2\/users\/97"}],"replies":[{"embeddable":true,"href":"https:\/\/www.aquamarinajesolo.com\/de\/wp-json\/wp\/v2\/comments?post=557"}],"version-history":[{"count":0,"href":"https:\/\/www.aquamarinajesolo.com\/de\/wp-json\/wp\/v2\/pages\/557\/revisions"}],"up":[{"embeddable":true,"href":"https:\/\/www.aquamarinajesolo.com\/de\/wp-json\/wp\/v2\/pages\/264"}],"wp:attachment":[{"href":"https:\/\/www.aquamarinajesolo.com\/de\/wp-json\/wp\/v2\/media?parent=557"}],"curies":[{"name":"wp","href":"https:\/\/api.w.org\/{rel}","templated":true}]}}